{"id":73610,"date":"2024-04-02T12:17:00","date_gmt":"2024-04-02T12:17:00","guid":{"rendered":"https:\/\/onlinehardwareshop.de\/index.php\/produkt\/jbl-live-660nc-schwarz-2\/"},"modified":"2025-05-14T03:16:09","modified_gmt":"2025-05-14T03:16:09","slug":"jbl-live-660nc-schwarz","status":"publish","type":"product","link":"https:\/\/onlinehardwareshop.de\/index.php\/produkt\/jbl-live-660nc-schwarz\/","title":{"rendered":"JBL Live 660NC Schwarz"},"content":{"rendered":"<p>Mit dem JBL Live 660NC h\u00f6rst du ungest\u00f6rt Musik, da du durch das Noise Cancelling weniger von deiner Umgebung mitbekommst. Diese Technologie d\u00e4mpft Umgebungsger\u00e4usche und Rauschen, damit du dich auf das konzentrieren kannst, was du gerade tust. \u00dcber die JBL Headphones App auf deinem Smartphone passt du die Audiowiedergabe der Kopfh\u00f6rer an. So h\u00f6rst du personalisierten Sound. Wenn du Noise Cancelling aktivierst, halten die Kopfh\u00f6rer mit einer vollen Akkuladung 40 Stunden lang durch. Nach einer Ladezeit von zehn Minuten h\u00f6rst du wieder vier Stunden lang Musik.  Hinweis: JBL liefert kein Ladeger\u00e4t mit, sondern nur ein Ladekabel. Verwende daher dein aktuelles Zubeh\u00f6r oder kaufe ein separates Ladeger\u00e4t dazu.  Expertenmeinung zum Klang Die tiefen Tonlagen dieses Kopfh\u00f6rers sind nachdr\u00fccklich h\u00f6rbar. Dadurch liegt die Betonung des Klangs auf den B\u00e4ssen. Die Mitten sind nicht hervorgehoben, sodass Instrumente und Gesang quasi genauso klingen, wie vom K\u00fcnstler beabsichtigt. Willst du den Schwerpunkt des Klangs verschieben? In der My JBL Headphones App passt du den Klang \u00fcber einen Equalizer an.<\/p>\n","protected":false},"excerpt":{"rendered":"<p>Mit dem JBL Live 660NC h\u00f6rst du ungest\u00f6rt Musik, da du durch das Noise Cancelling weniger von deiner Umgebung mitbekommst. Diese Technologie d\u00e4mpft Umgebungsger\u00e4usche und Rauschen, damit du dich auf das konzentrieren kannst, was du gerade tust. \u00dcber die JBL Headphones App auf deinem Smartphone passt du die Audiowiedergabe der Kopfh\u00f6rer an. So h\u00f6rst du personalisierten Sound. Wenn du Noise Cancelling aktivierst, halten die Kopfh\u00f6rer mit einer vollen Akkuladung 40 Stunden lang durch. Nach einer Ladezeit von zehn Minuten h\u00f6rst du wieder vier Stunden lang Musik.  Hinweis: JBL liefert kein Ladeger\u00e4t mit, sondern nur ein Ladekabel. Verwende daher dein aktuelles Zubeh\u00f6r oder kaufe ein separates Ladeger\u00e4t dazu.  Expertenmeinung zum Klang Die tiefen Tonlagen dieses Kopfh\u00f6rers sind nachdr\u00fccklich h\u00f6rbar. Dadurch liegt die Betonung des Klangs auf den B\u00e4ssen. Die Mitten sind nicht hervorgehoben, sodass Instrumente und Gesang quasi genauso klingen, wie vom K\u00fcnstler beabsichtigt. Willst du den Schwerpunkt des Klangs verschieben? In der My JBL Headphones App passt du den Klang \u00fcber einen Equalizer an.<\/p>\n","protected":false},"featured_media":0,"comment_status":"closed","ping_status":"open","template":"","meta":{"_acf_changed":false},"brand":[5677],"product_brand":[],"product_cat":[1182],"product_tag":[5609],"class_list":{"0":"post-73610","1":"product","2":"type-product","3":"status-publish","5":"brand-jbl","6":"product_cat-kopfhrer","7":"product_tag-hoofdtelefoons-met-noisecancelling","8":"pa_condition-new","9":"pa_coolblue-de-verzending-morgen-gratis-geliefert","10":"pa_ean-7362","11":"pa_mpn-jbllive660ncblk","13":"first","14":"instock","15":"product-type-external"},"acf":[],"_links":{"self":[{"href":"https:\/\/onlinehardwareshop.de\/index.php\/wp-json\/wp\/v2\/product\/73610","targetHints":{"allow":["GET"]}}],"collection":[{"href":"https:\/\/onlinehardwareshop.de\/index.php\/wp-json\/wp\/v2\/product"}],"about":[{"href":"https:\/\/onlinehardwareshop.de\/index.php\/wp-json\/wp\/v2\/types\/product"}],"replies":[{"embeddable":true,"href":"https:\/\/onlinehardwareshop.de\/index.php\/wp-json\/wp\/v2\/comments?post=73610"}],"wp:attachment":[{"href":"https:\/\/onlinehardwareshop.de\/index.php\/wp-json\/wp\/v2\/media?parent=73610"}],"wp:term":[{"taxonomy":"brand","embeddable":true,"href":"https:\/\/onlinehardwareshop.de\/index.php\/wp-json\/wp\/v2\/brand?post=73610"},{"taxonomy":"product_brand","embeddable":true,"href":"https:\/\/onlinehardwareshop.de\/index.php\/wp-json\/wp\/v2\/product_brand?post=73610"},{"taxonomy":"product_cat","embeddable":true,"href":"https:\/\/onlinehardwareshop.de\/index.php\/wp-json\/wp\/v2\/product_cat?post=73610"},{"taxonomy":"product_tag","embeddable":true,"href":"https:\/\/onlinehardwareshop.de\/index.php\/wp-json\/wp\/v2\/product_tag?post=73610"}],"curies":[{"name":"wp","href":"https:\/\/api.w.org\/{rel}","templated":true}]}}