{"id":73608,"date":"2024-01-10T05:25:30","date_gmt":"2024-01-10T05:25:30","guid":{"rendered":"https:\/\/onlinehardwareshop.de\/index.php\/produkt\/tefal-snack-xl-sandwich-maker-sw7011-2\/"},"modified":"2025-05-14T03:15:59","modified_gmt":"2025-05-14T03:15:59","slug":"tefal-snack-xl-sandwich-maker-sw7011","status":"publish","type":"product","link":"https:\/\/onlinehardwareshop.de\/index.php\/produkt\/tefal-snack-xl-sandwich-maker-sw7011\/","title":{"rendered":"Tefal Snack XL Sandwich Maker SW7011"},"content":{"rendered":"<p>Mit dem Tefal Snack XL Sandwich Maker SW7011 bereitest du dank der besonders gro\u00dfen Platten reichlich belegte Sandwiches und Sandwichtoasts zu. Die Platten sind gr\u00f6\u00dfer und tiefer als Standard-Platten. Dadurch belegst du Brot mit all deinen Lieblingszutaten und verwendest jede Art Brot. Der Kontaktgrill verf\u00fcgt \u00fcber eine Verriegelung. Indem du den Grill verriegelst, dr\u00fcckst du das Brot gut gegeneinander und w\u00e4rmst es gleichm\u00e4\u00dfig auf. Du wechselst die Platten leicht gegen die mitgelieferten Waffelplatten aus. So bereitest du auch k\u00f6stliche frische Waffeln zu. Die herausnehmbaren Platten lassen sich einfach in der Sp\u00fclmaschine reinigen. Du lagerst den Kontaktgrill danach hochkant und sparst dadurch Platz im Schrank.<\/p>\n","protected":false},"excerpt":{"rendered":"<p>Mit dem Tefal Snack XL Sandwich Maker SW7011 bereitest du dank der besonders gro\u00dfen Platten reichlich belegte Sandwiches und Sandwichtoasts zu. Die Platten sind gr\u00f6\u00dfer und tiefer als Standard-Platten. Dadurch belegst du Brot mit all deinen Lieblingszutaten und verwendest jede Art Brot. Der Kontaktgrill verf\u00fcgt \u00fcber eine Verriegelung. Indem du den Grill verriegelst, dr\u00fcckst du das Brot gut gegeneinander und w\u00e4rmst es gleichm\u00e4\u00dfig auf. Du wechselst die Platten leicht gegen die mitgelieferten Waffelplatten aus. So bereitest du auch k\u00f6stliche frische Waffeln zu. Die herausnehmbaren Platten lassen sich einfach in der Sp\u00fclmaschine reinigen. Du lagerst den Kontaktgrill danach hochkant und sparst dadurch Platz im Schrank.<\/p>\n","protected":false},"featured_media":0,"comment_status":"closed","ping_status":"open","template":"","meta":{"_acf_changed":false},"brand":[506],"product_brand":[],"product_cat":[300],"product_tag":[301],"class_list":{"0":"post-73608","1":"product","2":"type-product","3":"status-publish","5":"brand-tefal","6":"product_cat-kontaktgrills","7":"product_tag-contactgrills","8":"pa_condition-new","9":"pa_coolblue-de-verzending-morgen-gratis-geliefert","10":"pa_ean-7358","11":"pa_mpn-sw701110","13":"first","14":"instock","15":"product-type-external"},"acf":[],"_links":{"self":[{"href":"https:\/\/onlinehardwareshop.de\/index.php\/wp-json\/wp\/v2\/product\/73608","targetHints":{"allow":["GET"]}}],"collection":[{"href":"https:\/\/onlinehardwareshop.de\/index.php\/wp-json\/wp\/v2\/product"}],"about":[{"href":"https:\/\/onlinehardwareshop.de\/index.php\/wp-json\/wp\/v2\/types\/product"}],"replies":[{"embeddable":true,"href":"https:\/\/onlinehardwareshop.de\/index.php\/wp-json\/wp\/v2\/comments?post=73608"}],"wp:attachment":[{"href":"https:\/\/onlinehardwareshop.de\/index.php\/wp-json\/wp\/v2\/media?parent=73608"}],"wp:term":[{"taxonomy":"brand","embeddable":true,"href":"https:\/\/onlinehardwareshop.de\/index.php\/wp-json\/wp\/v2\/brand?post=73608"},{"taxonomy":"product_brand","embeddable":true,"href":"https:\/\/onlinehardwareshop.de\/index.php\/wp-json\/wp\/v2\/product_brand?post=73608"},{"taxonomy":"product_cat","embeddable":true,"href":"https:\/\/onlinehardwareshop.de\/index.php\/wp-json\/wp\/v2\/product_cat?post=73608"},{"taxonomy":"product_tag","embeddable":true,"href":"https:\/\/onlinehardwareshop.de\/index.php\/wp-json\/wp\/v2\/product_tag?post=73608"}],"curies":[{"name":"wp","href":"https:\/\/api.w.org\/{rel}","templated":true}]}}