{"id":73579,"date":"2024-04-16T22:03:21","date_gmt":"2024-04-16T22:03:21","guid":{"rendered":"https:\/\/onlinehardwareshop.de\/index.php\/produkt\/tefal-incluedo-toaster-tt5338-2\/"},"modified":"2025-05-14T03:13:29","modified_gmt":"2025-05-14T03:13:29","slug":"tefal-incluedo-toaster-tt5338","status":"publish","type":"product","link":"https:\/\/onlinehardwareshop.de\/index.php\/produkt\/tefal-incluedo-toaster-tt5338\/","title":{"rendered":"Tefal Incluedo Toaster TT5338"},"content":{"rendered":"<p>Mit dem Tefal Incluedo Toaster TT5338 brauchst du keine Angst zu haben, dass du dir die Finger verbrennst, denn er wird mit einer Zange geliefert. Du kannst die Zange nach Gebrauch an den Toaster h\u00e4ngen, damit du sie nicht verlierst. Die Schlitze passen ihre Breite an die Dicke deines Brotes an. So liegt das Brot immer in der Mitte und wird gleichm\u00e4\u00dfig braun. Mit seinen gro\u00dfen Tasten ist der Toaster einfach zu bedienen. Mit sieben Einstellungen kannst du die Br\u00e4unungsstufe genau auf deinen Geschmack abstimmen. Du denkst, dein Brot ist braun genug, aber das Ger\u00e4t toastet noch? Dr\u00fccke dann die Stopptaste. Der Toaster ist durch das herausnehmbare Kr\u00fcmelfach leicht zu reinigen.<\/p>\n","protected":false},"excerpt":{"rendered":"<p>Mit dem Tefal Incluedo Toaster TT5338 brauchst du keine Angst zu haben, dass du dir die Finger verbrennst, denn er wird mit einer Zange geliefert. Du kannst die Zange nach Gebrauch an den Toaster h\u00e4ngen, damit du sie nicht verlierst. Die Schlitze passen ihre Breite an die Dicke deines Brotes an. So liegt das Brot immer in der Mitte und wird gleichm\u00e4\u00dfig braun. Mit seinen gro\u00dfen Tasten ist der Toaster einfach zu bedienen. Mit sieben Einstellungen kannst du die Br\u00e4unungsstufe genau auf deinen Geschmack abstimmen. Du denkst, dein Brot ist braun genug, aber das Ger\u00e4t toastet noch? Dr\u00fccke dann die Stopptaste. Der Toaster ist durch das herausnehmbare Kr\u00fcmelfach leicht zu reinigen.<\/p>\n","protected":false},"featured_media":0,"comment_status":"closed","ping_status":"open","template":"","meta":{"_acf_changed":false},"brand":[506],"product_brand":[],"product_cat":[283],"product_tag":[284],"class_list":{"0":"post-73579","1":"product","2":"type-product","3":"status-publish","5":"brand-tefal","6":"product_cat-toaster","7":"product_tag-broodroosters","8":"pa_condition-new","9":"pa_coolblue-de-verzending-morgen-gratis-geliefert","10":"pa_ean-7300","11":"pa_mpn-tt533811","13":"first","14":"instock","15":"product-type-external"},"acf":[],"_links":{"self":[{"href":"https:\/\/onlinehardwareshop.de\/index.php\/wp-json\/wp\/v2\/product\/73579","targetHints":{"allow":["GET"]}}],"collection":[{"href":"https:\/\/onlinehardwareshop.de\/index.php\/wp-json\/wp\/v2\/product"}],"about":[{"href":"https:\/\/onlinehardwareshop.de\/index.php\/wp-json\/wp\/v2\/types\/product"}],"replies":[{"embeddable":true,"href":"https:\/\/onlinehardwareshop.de\/index.php\/wp-json\/wp\/v2\/comments?post=73579"}],"wp:attachment":[{"href":"https:\/\/onlinehardwareshop.de\/index.php\/wp-json\/wp\/v2\/media?parent=73579"}],"wp:term":[{"taxonomy":"brand","embeddable":true,"href":"https:\/\/onlinehardwareshop.de\/index.php\/wp-json\/wp\/v2\/brand?post=73579"},{"taxonomy":"product_brand","embeddable":true,"href":"https:\/\/onlinehardwareshop.de\/index.php\/wp-json\/wp\/v2\/product_brand?post=73579"},{"taxonomy":"product_cat","embeddable":true,"href":"https:\/\/onlinehardwareshop.de\/index.php\/wp-json\/wp\/v2\/product_cat?post=73579"},{"taxonomy":"product_tag","embeddable":true,"href":"https:\/\/onlinehardwareshop.de\/index.php\/wp-json\/wp\/v2\/product_tag?post=73579"}],"curies":[{"name":"wp","href":"https:\/\/api.w.org\/{rel}","templated":true}]}}