{"id":73569,"date":"2025-01-12T12:13:19","date_gmt":"2025-01-12T12:13:19","guid":{"rendered":"https:\/\/onlinehardwareshop.de\/index.php\/produkt\/rode-wireless-go-ii-2\/"},"modified":"2025-05-14T03:12:40","modified_gmt":"2025-05-14T03:12:40","slug":"rode-wireless-go-ii","status":"publish","type":"product","link":"https:\/\/onlinehardwareshop.de\/index.php\/produkt\/rode-wireless-go-ii\/","title":{"rendered":"Rode Wireless Go II"},"content":{"rendered":"<p>Verbessere die Tonqualit\u00e4t deiner Aufnahmen mit dem Rode Wireless Go\u00a0II. Diese Dual-Channel-Mikrofone sind zum Beispiel f\u00fcr Journalisten und Vlogger praktisch, die h\u00e4ufig bei Au\u00dfeneins\u00e4tzen filmen. Das Set besteht aus zwei Sendern mit einem internen Mikrofon und einem Empf\u00e4nger mit 3,5-mm-Anschluss. Dank des kompakten Designs und des geringen Gewichts von 32 Gramm nimmst du diese Mikrofone m\u00fchelos in deiner Tasche mit. Mit diesen kabellosen Mikrofonen hast du eine Reichweite von nicht weniger als 200 Metern, was dir bei Aufnahmen viel Bewegungsfreiheit bietet. Du befestigst den Empf\u00e4nger und die Sender mit dem Clip an der R\u00fcckseite an deiner Kamera oder Kleidung. Dank des USB-Anschlusses verwendest du den Sender auch in Kombination mit deinem Smartphone.<\/p>\n","protected":false},"excerpt":{"rendered":"<p>Verbessere die Tonqualit\u00e4t deiner Aufnahmen mit dem Rode Wireless Go\u00a0II. Diese Dual-Channel-Mikrofone sind zum Beispiel f\u00fcr Journalisten und Vlogger praktisch, die h\u00e4ufig bei Au\u00dfeneins\u00e4tzen filmen. Das Set besteht aus zwei Sendern mit einem internen Mikrofon und einem Empf\u00e4nger mit 3,5-mm-Anschluss. Dank des kompakten Designs und des geringen Gewichts von 32 Gramm nimmst du diese Mikrofone m\u00fchelos in deiner Tasche mit. Mit diesen kabellosen Mikrofonen hast du eine Reichweite von nicht weniger als 200 Metern, was dir bei Aufnahmen viel Bewegungsfreiheit bietet. Du befestigst den Empf\u00e4nger und die Sender mit dem Clip an der R\u00fcckseite an deiner Kamera oder Kleidung. Dank des USB-Anschlusses verwendest du den Sender auch in Kombination mit deinem Smartphone.<\/p>\n","protected":false},"featured_media":0,"comment_status":"closed","ping_status":"open","template":"","meta":{"_acf_changed":false},"brand":[1569],"product_brand":[],"product_cat":[1570],"product_tag":[1571],"class_list":{"0":"post-73569","1":"product","2":"type-product","3":"status-publish","5":"brand-rode-microphones","6":"product_cat-kameramikrofone","7":"product_tag-cameramicrofoons","8":"pa_condition-new","9":"pa_coolblue-de-verzending-morgen-gratis-geliefert","10":"pa_ean-7275","11":"pa_mpn-rd112171","13":"first","14":"instock","15":"product-type-external"},"acf":[],"_links":{"self":[{"href":"https:\/\/onlinehardwareshop.de\/index.php\/wp-json\/wp\/v2\/product\/73569","targetHints":{"allow":["GET"]}}],"collection":[{"href":"https:\/\/onlinehardwareshop.de\/index.php\/wp-json\/wp\/v2\/product"}],"about":[{"href":"https:\/\/onlinehardwareshop.de\/index.php\/wp-json\/wp\/v2\/types\/product"}],"replies":[{"embeddable":true,"href":"https:\/\/onlinehardwareshop.de\/index.php\/wp-json\/wp\/v2\/comments?post=73569"}],"wp:attachment":[{"href":"https:\/\/onlinehardwareshop.de\/index.php\/wp-json\/wp\/v2\/media?parent=73569"}],"wp:term":[{"taxonomy":"brand","embeddable":true,"href":"https:\/\/onlinehardwareshop.de\/index.php\/wp-json\/wp\/v2\/brand?post=73569"},{"taxonomy":"product_brand","embeddable":true,"href":"https:\/\/onlinehardwareshop.de\/index.php\/wp-json\/wp\/v2\/product_brand?post=73569"},{"taxonomy":"product_cat","embeddable":true,"href":"https:\/\/onlinehardwareshop.de\/index.php\/wp-json\/wp\/v2\/product_cat?post=73569"},{"taxonomy":"product_tag","embeddable":true,"href":"https:\/\/onlinehardwareshop.de\/index.php\/wp-json\/wp\/v2\/product_tag?post=73569"}],"curies":[{"name":"wp","href":"https:\/\/api.w.org\/{rel}","templated":true}]}}