{"id":73556,"date":"2024-08-01T22:24:56","date_gmt":"2024-08-01T22:24:56","guid":{"rendered":"https:\/\/onlinehardwareshop.de\/index.php\/produkt\/omron-x2-basic-2\/"},"modified":"2025-05-14T03:11:45","modified_gmt":"2025-05-14T03:11:45","slug":"omron-x2-basic","status":"publish","type":"product","link":"https:\/\/onlinehardwareshop.de\/index.php\/produkt\/omron-x2-basic\/","title":{"rendered":"Omron X2 Basic"},"content":{"rendered":"<p>Mit dem Omron X2 Basic misst du ohne gro\u00dfe Umst\u00e4nde deinen Blutdruck und stellst eine unregelm\u00e4\u00dfige Herzfrequenz fest. Dieses Blutdruckmessger\u00e4t befestigst du an deinem Oberarm und startest die Messung mit nur einem Tastendruck. Die Intellisense-Technologie sorgt daf\u00fcr, dass die Manschette bei der Messung nicht zu stark am Oberarm dr\u00fcckt, was das Blutdruckmessen angenehmer macht. Das Display verf\u00fcgt weder \u00fcber zus\u00e4tzlichen Schnickschnack noch \u00fcber technische Spielereien, die dich wom\u00f6glich verwirren k\u00f6nnten. Allerdings signalisiert das X2 Basic, wenn deine Herzfrequenz unregelm\u00e4\u00dfig ist oder du die Manschette nicht fest genug angelegt hast. So kann die Messung niemals schiefgehen.  Hinweis:  Die X-Serie von Omron unterscheidet sich nicht von der M-Serie.<\/p>\n","protected":false},"excerpt":{"rendered":"<p>Mit dem Omron X2 Basic misst du ohne gro\u00dfe Umst\u00e4nde deinen Blutdruck und stellst eine unregelm\u00e4\u00dfige Herzfrequenz fest. Dieses Blutdruckmessger\u00e4t befestigst du an deinem Oberarm und startest die Messung mit nur einem Tastendruck. Die Intellisense-Technologie sorgt daf\u00fcr, dass die Manschette bei der Messung nicht zu stark am Oberarm dr\u00fcckt, was das Blutdruckmessen angenehmer macht. Das Display verf\u00fcgt weder \u00fcber zus\u00e4tzlichen Schnickschnack noch \u00fcber technische Spielereien, die dich wom\u00f6glich verwirren k\u00f6nnten. Allerdings signalisiert das X2 Basic, wenn deine Herzfrequenz unregelm\u00e4\u00dfig ist oder du die Manschette nicht fest genug angelegt hast. So kann die Messung niemals schiefgehen.  Hinweis:  Die X-Serie von Omron unterscheidet sich nicht von der M-Serie.<\/p>\n","protected":false},"featured_media":0,"comment_status":"closed","ping_status":"open","template":"","meta":{"_acf_changed":false},"brand":[1048],"product_brand":[],"product_cat":[838],"product_tag":[839],"class_list":{"0":"post-73556","1":"product","2":"type-product","3":"status-publish","5":"brand-omron","6":"product_cat-blutdruckmessgerte","7":"product_tag-bovenarm-bloeddrukmeters","8":"pa_condition-new","9":"pa_coolblue-de-verzending-morgen-gratis-geliefert","10":"pa_ean-7250","11":"pa_mpn-hem-7121j-eo","13":"first","14":"instock","15":"product-type-external"},"acf":[],"_links":{"self":[{"href":"https:\/\/onlinehardwareshop.de\/index.php\/wp-json\/wp\/v2\/product\/73556","targetHints":{"allow":["GET"]}}],"collection":[{"href":"https:\/\/onlinehardwareshop.de\/index.php\/wp-json\/wp\/v2\/product"}],"about":[{"href":"https:\/\/onlinehardwareshop.de\/index.php\/wp-json\/wp\/v2\/types\/product"}],"replies":[{"embeddable":true,"href":"https:\/\/onlinehardwareshop.de\/index.php\/wp-json\/wp\/v2\/comments?post=73556"}],"wp:attachment":[{"href":"https:\/\/onlinehardwareshop.de\/index.php\/wp-json\/wp\/v2\/media?parent=73556"}],"wp:term":[{"taxonomy":"brand","embeddable":true,"href":"https:\/\/onlinehardwareshop.de\/index.php\/wp-json\/wp\/v2\/brand?post=73556"},{"taxonomy":"product_brand","embeddable":true,"href":"https:\/\/onlinehardwareshop.de\/index.php\/wp-json\/wp\/v2\/product_brand?post=73556"},{"taxonomy":"product_cat","embeddable":true,"href":"https:\/\/onlinehardwareshop.de\/index.php\/wp-json\/wp\/v2\/product_cat?post=73556"},{"taxonomy":"product_tag","embeddable":true,"href":"https:\/\/onlinehardwareshop.de\/index.php\/wp-json\/wp\/v2\/product_tag?post=73556"}],"curies":[{"name":"wp","href":"https:\/\/api.w.org\/{rel}","templated":true}]}}