{"id":73524,"date":"2025-02-09T10:20:16","date_gmt":"2025-02-09T10:20:16","guid":{"rendered":"https:\/\/onlinehardwareshop.de\/index.php\/produkt\/samsung-980-1tb-2\/"},"modified":"2025-05-14T03:08:55","modified_gmt":"2025-05-14T03:08:55","slug":"samsung-980-1tb","status":"publish","type":"product","link":"https:\/\/onlinehardwareshop.de\/index.php\/produkt\/samsung-980-1tb\/","title":{"rendered":"Samsung 980 1&#xA0;TB"},"content":{"rendered":"<p>Hinweis: Diese M.2-SSD hat eine PCI-Express-(NVMe)-Schnittstelle und wird nur funktionieren, wenn dein System PCIe\/NVMe unterst\u00fctzt. Zudem muss dein Motherboard \u00fcber einen M-Key verf\u00fcgen. \u00dcberpr\u00fcfe in der Gebrauchsanleitung deines Laptops oder Motherboards, ob das der Fall ist.  Die Samsung SSD 980 1\u00a0TB ist eine M.2 NVMe interne SSD f\u00fcr anspruchsvolle Nutzer und Gamer. Man schlie\u00dft das Laufwerk direkt an den PCIe-Steckplatz des Motherboards oder direkt im Laptop an f\u00fcr ein schnelles PC-Upgrade. Diese interne SSD hat eine maximale Lesegeschwindigkeit von 3.500\u00a0Megabyte pro Sekunde. Das bedeutet, dass dein Betriebssystem und gro\u00dfe Spiele wie Warzone: Modern Warfare in Sekundenschnelle von deiner SSD aus hochfahren. Mit einer schnellen Schreibgeschwindigkeit von bis zu 3.000\u00a0Megabyte pro Sekunde kann ein 50\u00a0Gigabyte gro\u00dfes Spiel in unter 20\u00a0Sekunden geschrieben werden. Dank einer aktualisierten Zellverteilung ist diese SSD energieeffizienter als vergleichbare Modelle. Das bedeutet mehr Akkulaufzeit f\u00fcr deinen Laptop. Du kannst die Leistung deiner SSD auch mit der Samsung Magician Software \u00fcberwachen. Mit dieser Version des Samsung 980 erh\u00e4ltst du 1\u00a0Terabyte Speicherkapazit\u00e4t. Das ist genug Platz f\u00fcr dein Betriebssystem und deine Lieblingsspiele.<\/p>\n","protected":false},"excerpt":{"rendered":"<p>Hinweis: Diese M.2-SSD hat eine PCI-Express-(NVMe)-Schnittstelle und wird nur funktionieren, wenn dein System PCIe\/NVMe unterst\u00fctzt. Zudem muss dein Motherboard \u00fcber einen M-Key verf\u00fcgen. \u00dcberpr\u00fcfe in der Gebrauchsanleitung deines Laptops oder Motherboards, ob das der Fall ist.  Die Samsung SSD 980 1\u00a0TB ist eine M.2 NVMe interne SSD f\u00fcr anspruchsvolle Nutzer und Gamer. Man schlie\u00dft das Laufwerk direkt an den PCIe-Steckplatz des Motherboards oder direkt im Laptop an f\u00fcr ein schnelles PC-Upgrade. Diese interne SSD hat eine maximale Lesegeschwindigkeit von 3.500\u00a0Megabyte pro Sekunde. Das bedeutet, dass dein Betriebssystem und gro\u00dfe Spiele wie Warzone: Modern Warfare in Sekundenschnelle von deiner SSD aus hochfahren. Mit einer schnellen Schreibgeschwindigkeit von bis zu 3.000\u00a0Megabyte pro Sekunde kann ein 50\u00a0Gigabyte gro\u00dfes Spiel in unter 20\u00a0Sekunden geschrieben werden. Dank einer aktualisierten Zellverteilung ist diese SSD energieeffizienter als vergleichbare Modelle. Das bedeutet mehr Akkulaufzeit f\u00fcr deinen Laptop. Du kannst die Leistung deiner SSD auch mit der Samsung Magician Software \u00fcberwachen. Mit dieser Version des Samsung 980 erh\u00e4ltst du 1\u00a0Terabyte Speicherkapazit\u00e4t. Das ist genug Platz f\u00fcr dein Betriebssystem und deine Lieblingsspiele.<\/p>\n","protected":false},"featured_media":0,"comment_status":"closed","ping_status":"open","template":"","meta":{"_acf_changed":false},"brand":[1165],"product_brand":[],"product_cat":[2957],"product_tag":[7168],"class_list":{"0":"post-73524","1":"product","2":"type-product","3":"status-publish","5":"brand-samsung","6":"product_cat-solid-state-drives-ssd","7":"product_tag-m-2-ssd","8":"pa_condition-new","9":"pa_coolblue-de-verzending-morgen-gratis-geliefert","10":"pa_ean-7169","11":"pa_mpn-mz-v8v1t0bw","13":"first","14":"instock","15":"product-type-external"},"acf":[],"_links":{"self":[{"href":"https:\/\/onlinehardwareshop.de\/index.php\/wp-json\/wp\/v2\/product\/73524","targetHints":{"allow":["GET"]}}],"collection":[{"href":"https:\/\/onlinehardwareshop.de\/index.php\/wp-json\/wp\/v2\/product"}],"about":[{"href":"https:\/\/onlinehardwareshop.de\/index.php\/wp-json\/wp\/v2\/types\/product"}],"replies":[{"embeddable":true,"href":"https:\/\/onlinehardwareshop.de\/index.php\/wp-json\/wp\/v2\/comments?post=73524"}],"wp:attachment":[{"href":"https:\/\/onlinehardwareshop.de\/index.php\/wp-json\/wp\/v2\/media?parent=73524"}],"wp:term":[{"taxonomy":"brand","embeddable":true,"href":"https:\/\/onlinehardwareshop.de\/index.php\/wp-json\/wp\/v2\/brand?post=73524"},{"taxonomy":"product_brand","embeddable":true,"href":"https:\/\/onlinehardwareshop.de\/index.php\/wp-json\/wp\/v2\/product_brand?post=73524"},{"taxonomy":"product_cat","embeddable":true,"href":"https:\/\/onlinehardwareshop.de\/index.php\/wp-json\/wp\/v2\/product_cat?post=73524"},{"taxonomy":"product_tag","embeddable":true,"href":"https:\/\/onlinehardwareshop.de\/index.php\/wp-json\/wp\/v2\/product_tag?post=73524"}],"curies":[{"name":"wp","href":"https:\/\/api.w.org\/{rel}","templated":true}]}}