{"id":73463,"date":"2024-08-26T09:38:16","date_gmt":"2024-08-26T09:38:16","guid":{"rendered":"https:\/\/onlinehardwareshop.de\/index.php\/produkt\/bourgini-kitchen-chef-plus-2\/"},"modified":"2025-05-14T03:03:44","modified_gmt":"2025-05-14T03:03:44","slug":"bourgini-kitchen-chef-plus","status":"publish","type":"product","link":"https:\/\/onlinehardwareshop.de\/index.php\/produkt\/bourgini-kitchen-chef-plus\/","title":{"rendered":"Bourgini Kitchen Chef Plus"},"content":{"rendered":"<p>Mit der leistungsstarken Bourgini Kitchen Chef Plus kannst du Kuchen- und Brotteig, Pfannkuchenteig und Schlagsahne herstellen. Die K\u00fcchenmaschine hat acht Stufen. Damit kannst du ganz einfach die richtige Geschwindigkeit f\u00fcr die Zubereitung einstellen, die du machst. Die K\u00fcchenmaschine hat auch eine Impulsstufe. Durch Dr\u00fccken der Taste dreht sich der Aufsatz schneller. Dadurch wird der Teig noch glatter. Dank des praktischen Spritzschutzdeckels bleiben die Zutaten in der R\u00fchrsch\u00fcssel und es spritzen keine Spritzer auf deine Arbeitsplatte. Die 5,5-Liter-R\u00fchrsch\u00fcssel besteht aus Edelstahl. Das macht sie sehr robust. Nach dem Gebrauch kannst du die R\u00fchrsch\u00fcssel im Geschirrsp\u00fcler leicht reinigen.<\/p>\n","protected":false},"excerpt":{"rendered":"<p>Mit der leistungsstarken Bourgini Kitchen Chef Plus kannst du Kuchen- und Brotteig, Pfannkuchenteig und Schlagsahne herstellen. Die K\u00fcchenmaschine hat acht Stufen. Damit kannst du ganz einfach die richtige Geschwindigkeit f\u00fcr die Zubereitung einstellen, die du machst. Die K\u00fcchenmaschine hat auch eine Impulsstufe. Durch Dr\u00fccken der Taste dreht sich der Aufsatz schneller. Dadurch wird der Teig noch glatter. Dank des praktischen Spritzschutzdeckels bleiben die Zutaten in der R\u00fchrsch\u00fcssel und es spritzen keine Spritzer auf deine Arbeitsplatte. Die 5,5-Liter-R\u00fchrsch\u00fcssel besteht aus Edelstahl. Das macht sie sehr robust. Nach dem Gebrauch kannst du die R\u00fchrsch\u00fcssel im Geschirrsp\u00fcler leicht reinigen.<\/p>\n","protected":false},"featured_media":0,"comment_status":"closed","ping_status":"open","template":"","meta":{"_acf_changed":false},"brand":[7030],"product_brand":[],"product_cat":[2306],"product_tag":[2307],"class_list":{"0":"post-73463","1":"product","2":"type-product","3":"status-publish","5":"brand-bourgini","6":"product_cat-kchenmaschinen","7":"product_tag-keukenmixers","8":"pa_condition-new","9":"pa_coolblue-de-verzending-morgen-gratis-geliefert","10":"pa_ean-7028","11":"pa_mpn-22-5041-00-00","13":"first","14":"instock","15":"product-type-external"},"acf":[],"_links":{"self":[{"href":"https:\/\/onlinehardwareshop.de\/index.php\/wp-json\/wp\/v2\/product\/73463","targetHints":{"allow":["GET"]}}],"collection":[{"href":"https:\/\/onlinehardwareshop.de\/index.php\/wp-json\/wp\/v2\/product"}],"about":[{"href":"https:\/\/onlinehardwareshop.de\/index.php\/wp-json\/wp\/v2\/types\/product"}],"replies":[{"embeddable":true,"href":"https:\/\/onlinehardwareshop.de\/index.php\/wp-json\/wp\/v2\/comments?post=73463"}],"wp:attachment":[{"href":"https:\/\/onlinehardwareshop.de\/index.php\/wp-json\/wp\/v2\/media?parent=73463"}],"wp:term":[{"taxonomy":"brand","embeddable":true,"href":"https:\/\/onlinehardwareshop.de\/index.php\/wp-json\/wp\/v2\/brand?post=73463"},{"taxonomy":"product_brand","embeddable":true,"href":"https:\/\/onlinehardwareshop.de\/index.php\/wp-json\/wp\/v2\/product_brand?post=73463"},{"taxonomy":"product_cat","embeddable":true,"href":"https:\/\/onlinehardwareshop.de\/index.php\/wp-json\/wp\/v2\/product_cat?post=73463"},{"taxonomy":"product_tag","embeddable":true,"href":"https:\/\/onlinehardwareshop.de\/index.php\/wp-json\/wp\/v2\/product_tag?post=73463"}],"curies":[{"name":"wp","href":"https:\/\/api.w.org\/{rel}","templated":true}]}}