{"id":73462,"date":"2024-09-02T03:09:58","date_gmt":"2024-09-02T03:09:58","guid":{"rendered":"https:\/\/onlinehardwareshop.de\/index.php\/produkt\/gaming-maus-corsair-harpoon-rgb-pro-2\/"},"modified":"2025-05-14T03:03:39","modified_gmt":"2025-05-14T03:03:39","slug":"gaming-maus-corsair-harpoon-rgb-pro","status":"publish","type":"product","link":"https:\/\/onlinehardwareshop.de\/index.php\/produkt\/gaming-maus-corsair-harpoon-rgb-pro\/","title":{"rendered":"Gaming-Maus Corsair Harpoon RGB Pro"},"content":{"rendered":"<p>Die Gaming-Maus Corsair Harpoon RGB Pro ist der kabelgebundene kleine Bruder der Harpoon RGB Wireless f\u00fcr FPS-Gamer. Mit den gummierten Seitengriffen und der relativ konvexen Form richtet sich die Maus an FPS-Fanatiker. Die Maus hat au\u00dferdem einen einstellbaren DPI-Wert von bis zu 12.000 DPI und die mechanischen Omron-Schalter unter den Maustasten sorgen daf\u00fcr, dass sich jeder Klick gut anf\u00fchlt und in deinen Games sofort umgesetzt wird. Die Schalter halten bis zu 20 Millionen Klicks, sodass dir diese Maus ziemlich lange erhalten bleibt. Mit drei zus\u00e4tzlichen Tasten auf der Harpoon bekommst du beim Gamen zus\u00e4tzliche Optionen in die Hand. \u00dcber die iCue-Software von Corsair stellst du die Maus nach deinen W\u00fcnschen ein.<\/p>\n","protected":false},"excerpt":{"rendered":"<p>Die Gaming-Maus Corsair Harpoon RGB Pro ist der kabelgebundene kleine Bruder der Harpoon RGB Wireless f\u00fcr FPS-Gamer. Mit den gummierten Seitengriffen und der relativ konvexen Form richtet sich die Maus an FPS-Fanatiker. Die Maus hat au\u00dferdem einen einstellbaren DPI-Wert von bis zu 12.000 DPI und die mechanischen Omron-Schalter unter den Maustasten sorgen daf\u00fcr, dass sich jeder Klick gut anf\u00fchlt und in deinen Games sofort umgesetzt wird. Die Schalter halten bis zu 20 Millionen Klicks, sodass dir diese Maus ziemlich lange erhalten bleibt. Mit drei zus\u00e4tzlichen Tasten auf der Harpoon bekommst du beim Gamen zus\u00e4tzliche Optionen in die Hand. \u00dcber die iCue-Software von Corsair stellst du die Maus nach deinen W\u00fcnschen ein.<\/p>\n","protected":false},"featured_media":0,"comment_status":"closed","ping_status":"open","template":"","meta":{"_acf_changed":false},"brand":[1900],"product_brand":[],"product_cat":[33],"product_tag":[3752],"class_list":{"0":"post-73462","1":"product","2":"type-product","3":"status-publish","5":"brand-corsair","6":"product_cat-muse","7":"product_tag-gaming-muizen","8":"pa_condition-new","9":"pa_coolblue-de-verzending-morgen-gratis-geliefert","10":"pa_ean-7026","11":"pa_mpn-ch-9301111-eu","13":"first","14":"instock","15":"product-type-external"},"acf":[],"_links":{"self":[{"href":"https:\/\/onlinehardwareshop.de\/index.php\/wp-json\/wp\/v2\/product\/73462","targetHints":{"allow":["GET"]}}],"collection":[{"href":"https:\/\/onlinehardwareshop.de\/index.php\/wp-json\/wp\/v2\/product"}],"about":[{"href":"https:\/\/onlinehardwareshop.de\/index.php\/wp-json\/wp\/v2\/types\/product"}],"replies":[{"embeddable":true,"href":"https:\/\/onlinehardwareshop.de\/index.php\/wp-json\/wp\/v2\/comments?post=73462"}],"wp:attachment":[{"href":"https:\/\/onlinehardwareshop.de\/index.php\/wp-json\/wp\/v2\/media?parent=73462"}],"wp:term":[{"taxonomy":"brand","embeddable":true,"href":"https:\/\/onlinehardwareshop.de\/index.php\/wp-json\/wp\/v2\/brand?post=73462"},{"taxonomy":"product_brand","embeddable":true,"href":"https:\/\/onlinehardwareshop.de\/index.php\/wp-json\/wp\/v2\/product_brand?post=73462"},{"taxonomy":"product_cat","embeddable":true,"href":"https:\/\/onlinehardwareshop.de\/index.php\/wp-json\/wp\/v2\/product_cat?post=73462"},{"taxonomy":"product_tag","embeddable":true,"href":"https:\/\/onlinehardwareshop.de\/index.php\/wp-json\/wp\/v2\/product_tag?post=73462"}],"curies":[{"name":"wp","href":"https:\/\/api.w.org\/{rel}","templated":true}]}}