{"id":73454,"date":"2024-03-07T05:21:04","date_gmt":"2024-03-07T05:21:04","guid":{"rendered":"https:\/\/onlinehardwareshop.de\/index.php\/produkt\/krcher-k7-smart-control-flex-home-2\/"},"modified":"2025-05-14T03:03:01","modified_gmt":"2025-05-14T03:03:01","slug":"krcher-k7-smart-control-flex-home","status":"publish","type":"product","link":"https:\/\/onlinehardwareshop.de\/index.php\/produkt\/krcher-k7-smart-control-flex-home\/","title":{"rendered":"K&#xE4;rcher K7 Smart Control Flex Home"},"content":{"rendered":"<p>F\u00fcr alle, die Schmutz gerne mit schweren Gesch\u00fctzen bek\u00e4mpfen, gibt es den K\u00e4rcher K7 Smart Control Flex Home. Dieser Hochdruckreiniger ist der Nachfolger des K\u00e4rcher K7 Full Control Plus Home. Dieses Modell hat sowohl innen als auch au\u00dfen ein neues (und noch smarteres) Aussehen erhalten. \u00dcber Bluetooth verbindest du das Ger\u00e4t mit der K\u00e4rcher App und erh\u00e4ltst gezielte Reinigungstipps. Dieser Hochdruckreiniger hat einen Wasserdruck von nicht weniger als 180\u00a0bar, sodass du damit gro\u00dfe und vielf\u00e4ltige Reinigungsarbeiten erledigst. Dir steht ein zehn Meter langer Hochdruckschlauch zur Verf\u00fcgung, mit dem du in jeden noch so schwer erreichbaren Winkel deines Gartens kommst. Mit den Bedienelementen an der Spr\u00fchlanze stellst du den Wasserstrahl ein.<\/p>\n","protected":false},"excerpt":{"rendered":"<p>F\u00fcr alle, die Schmutz gerne mit schweren Gesch\u00fctzen bek\u00e4mpfen, gibt es den K\u00e4rcher K7 Smart Control Flex Home. Dieser Hochdruckreiniger ist der Nachfolger des K\u00e4rcher K7 Full Control Plus Home. Dieses Modell hat sowohl innen als auch au\u00dfen ein neues (und noch smarteres) Aussehen erhalten. \u00dcber Bluetooth verbindest du das Ger\u00e4t mit der K\u00e4rcher App und erh\u00e4ltst gezielte Reinigungstipps. Dieser Hochdruckreiniger hat einen Wasserdruck von nicht weniger als 180\u00a0bar, sodass du damit gro\u00dfe und vielf\u00e4ltige Reinigungsarbeiten erledigst. Dir steht ein zehn Meter langer Hochdruckschlauch zur Verf\u00fcgung, mit dem du in jeden noch so schwer erreichbaren Winkel deines Gartens kommst. Mit den Bedienelementen an der Spr\u00fchlanze stellst du den Wasserstrahl ein.<\/p>\n","protected":false},"featured_media":0,"comment_status":"closed","ping_status":"open","template":"","meta":{"_acf_changed":false},"brand":[294],"product_brand":[],"product_cat":[2722],"product_tag":[2723],"class_list":{"0":"post-73454","1":"product","2":"type-product","3":"status-publish","5":"brand-karcher","6":"product_cat-hochdruckreiniger","7":"product_tag-hogedrukreinigers","8":"pa_condition-new","9":"pa_coolblue-de-verzending-morgen-gratis-geliefert","10":"pa_ean-31780","11":"pa_mpn-1-317-341-0","13":"first","14":"instock","15":"product-type-external"},"acf":[],"_links":{"self":[{"href":"https:\/\/onlinehardwareshop.de\/index.php\/wp-json\/wp\/v2\/product\/73454","targetHints":{"allow":["GET"]}}],"collection":[{"href":"https:\/\/onlinehardwareshop.de\/index.php\/wp-json\/wp\/v2\/product"}],"about":[{"href":"https:\/\/onlinehardwareshop.de\/index.php\/wp-json\/wp\/v2\/types\/product"}],"replies":[{"embeddable":true,"href":"https:\/\/onlinehardwareshop.de\/index.php\/wp-json\/wp\/v2\/comments?post=73454"}],"wp:attachment":[{"href":"https:\/\/onlinehardwareshop.de\/index.php\/wp-json\/wp\/v2\/media?parent=73454"}],"wp:term":[{"taxonomy":"brand","embeddable":true,"href":"https:\/\/onlinehardwareshop.de\/index.php\/wp-json\/wp\/v2\/brand?post=73454"},{"taxonomy":"product_brand","embeddable":true,"href":"https:\/\/onlinehardwareshop.de\/index.php\/wp-json\/wp\/v2\/product_brand?post=73454"},{"taxonomy":"product_cat","embeddable":true,"href":"https:\/\/onlinehardwareshop.de\/index.php\/wp-json\/wp\/v2\/product_cat?post=73454"},{"taxonomy":"product_tag","embeddable":true,"href":"https:\/\/onlinehardwareshop.de\/index.php\/wp-json\/wp\/v2\/product_tag?post=73454"}],"curies":[{"name":"wp","href":"https:\/\/api.w.org\/{rel}","templated":true}]}}