{"id":73447,"date":"2024-03-09T02:12:36","date_gmt":"2024-03-09T02:12:36","guid":{"rendered":"https:\/\/onlinehardwareshop.de\/index.php\/produkt\/krcher-k4-power-control-flex-home-2\/"},"modified":"2025-05-14T03:02:15","modified_gmt":"2025-05-14T03:02:15","slug":"krcher-k4-power-control-flex-home","status":"publish","type":"product","link":"https:\/\/onlinehardwareshop.de\/index.php\/produkt\/krcher-k4-power-control-flex-home\/","title":{"rendered":"K&#xE4;rcher K4 Power Control Flex Home"},"content":{"rendered":"<p>Mit dem K\u00e4rcher K4 Power Control Flex Home hast du die volle Kontrolle \u00fcber deine Reinigungsarbeiten. Mit einem Arbeitsdruck von 130\u00a0bar und einer F\u00f6rdermenge von 420 Litern pro Stunde steht der Reinigung deines Autos, der Terrasse, der Gartenger\u00e4te, des Zauns oder deiner Gartenm\u00f6bel nichts mehr im Wege. Durch Drehen an der Spr\u00fchlanze bestimmst du selbst, wie kr\u00e4ftig der Wasserstrahl ist. Und wenn du nicht wei\u00dft, wie viel Bar du ben\u00f6tigst, findest du die Antwort in der zugeh\u00f6rigen App. Dank des acht Meter langen, flexiblen Hochdruckschlauchs erreichst du jede Ecke. Mit seinen R\u00e4dern und dem Teleskopgriff l\u00e4sst der K4 Power Control Home keine W\u00fcnsche in Bezug auf Mobilit\u00e4t und Lagerung offen. Der Reinigungsmitteltank sorgt daf\u00fcr, dass auch hartn\u00e4ckigster Schmutz keine Chance hat.<\/p>\n","protected":false},"excerpt":{"rendered":"<p>Mit dem K\u00e4rcher K4 Power Control Flex Home hast du die volle Kontrolle \u00fcber deine Reinigungsarbeiten. Mit einem Arbeitsdruck von 130\u00a0bar und einer F\u00f6rdermenge von 420 Litern pro Stunde steht der Reinigung deines Autos, der Terrasse, der Gartenger\u00e4te, des Zauns oder deiner Gartenm\u00f6bel nichts mehr im Wege. Durch Drehen an der Spr\u00fchlanze bestimmst du selbst, wie kr\u00e4ftig der Wasserstrahl ist. Und wenn du nicht wei\u00dft, wie viel Bar du ben\u00f6tigst, findest du die Antwort in der zugeh\u00f6rigen App. Dank des acht Meter langen, flexiblen Hochdruckschlauchs erreichst du jede Ecke. Mit seinen R\u00e4dern und dem Teleskopgriff l\u00e4sst der K4 Power Control Home keine W\u00fcnsche in Bezug auf Mobilit\u00e4t und Lagerung offen. Der Reinigungsmitteltank sorgt daf\u00fcr, dass auch hartn\u00e4ckigster Schmutz keine Chance hat.<\/p>\n","protected":false},"featured_media":0,"comment_status":"closed","ping_status":"open","template":"","meta":{"_acf_changed":false},"brand":[294],"product_brand":[],"product_cat":[2722],"product_tag":[2723],"class_list":{"0":"post-73447","1":"product","2":"type-product","3":"status-publish","5":"brand-karcher","6":"product_cat-hochdruckreiniger","7":"product_tag-hogedrukreinigers","8":"pa_condition-new","9":"pa_coolblue-de-verzending-morgen-gratis-geliefert","10":"pa_ean-31775","11":"pa_mpn-1-324-303-0","13":"first","14":"instock","15":"product-type-external"},"acf":[],"_links":{"self":[{"href":"https:\/\/onlinehardwareshop.de\/index.php\/wp-json\/wp\/v2\/product\/73447","targetHints":{"allow":["GET"]}}],"collection":[{"href":"https:\/\/onlinehardwareshop.de\/index.php\/wp-json\/wp\/v2\/product"}],"about":[{"href":"https:\/\/onlinehardwareshop.de\/index.php\/wp-json\/wp\/v2\/types\/product"}],"replies":[{"embeddable":true,"href":"https:\/\/onlinehardwareshop.de\/index.php\/wp-json\/wp\/v2\/comments?post=73447"}],"wp:attachment":[{"href":"https:\/\/onlinehardwareshop.de\/index.php\/wp-json\/wp\/v2\/media?parent=73447"}],"wp:term":[{"taxonomy":"brand","embeddable":true,"href":"https:\/\/onlinehardwareshop.de\/index.php\/wp-json\/wp\/v2\/brand?post=73447"},{"taxonomy":"product_brand","embeddable":true,"href":"https:\/\/onlinehardwareshop.de\/index.php\/wp-json\/wp\/v2\/product_brand?post=73447"},{"taxonomy":"product_cat","embeddable":true,"href":"https:\/\/onlinehardwareshop.de\/index.php\/wp-json\/wp\/v2\/product_cat?post=73447"},{"taxonomy":"product_tag","embeddable":true,"href":"https:\/\/onlinehardwareshop.de\/index.php\/wp-json\/wp\/v2\/product_tag?post=73447"}],"curies":[{"name":"wp","href":"https:\/\/api.w.org\/{rel}","templated":true}]}}