{"id":73444,"date":"2024-05-27T18:50:21","date_gmt":"2024-05-27T18:50:21","guid":{"rendered":"https:\/\/onlinehardwareshop.de\/index.php\/produkt\/krcher-k3-power-control-home-2\/"},"modified":"2025-05-14T03:02:05","modified_gmt":"2025-05-14T03:02:05","slug":"krcher-k3-power-control-home","status":"publish","type":"product","link":"https:\/\/onlinehardwareshop.de\/index.php\/produkt\/krcher-k3-power-control-home\/","title":{"rendered":"K&#xE4;rcher K3 Power Control Home"},"content":{"rendered":"<p>Der K\u00e4rcher K3 Power Control Home eignet sich f\u00fcr kleine Reinigungsarbeiten rund um dein Haus, die etwas mehr Leistung erfordern, wie zum Beispiel die Reinigung deiner Terrasse, deines Zauns oder deiner Gartenm\u00f6bel. Das alles gelingt dir dank eines einstellbaren Arbeitsdrucks von 120 bar und einer Wassermenge von 380 Litern pro Stunde. Die dazugeh\u00f6rige App hilft dir dabei, den richtigen Druck auszuw\u00e4hlen, damit die Dinge, die du reinigst, gl\u00e4nzen wie nie zuvor. Dieser Hochdruckreiniger ist mit einem Tank f\u00fcr Reinigungsmittel, einem Fl\u00e4chenreiniger, einer Spr\u00fchlanze, einer Dreckfr\u00e4se, einem Wasserfilter, R\u00e4dern zum einfachen Fortbewegen und einem 7 Meter langen Hochdruckschlauch ausger\u00fcstet. Dank des verstellbaren Teleskopstiels arbeitest du immer bequem.<\/p>\n","protected":false},"excerpt":{"rendered":"<p>Der K\u00e4rcher K3 Power Control Home eignet sich f\u00fcr kleine Reinigungsarbeiten rund um dein Haus, die etwas mehr Leistung erfordern, wie zum Beispiel die Reinigung deiner Terrasse, deines Zauns oder deiner Gartenm\u00f6bel. Das alles gelingt dir dank eines einstellbaren Arbeitsdrucks von 120 bar und einer Wassermenge von 380 Litern pro Stunde. Die dazugeh\u00f6rige App hilft dir dabei, den richtigen Druck auszuw\u00e4hlen, damit die Dinge, die du reinigst, gl\u00e4nzen wie nie zuvor. Dieser Hochdruckreiniger ist mit einem Tank f\u00fcr Reinigungsmittel, einem Fl\u00e4chenreiniger, einer Spr\u00fchlanze, einer Dreckfr\u00e4se, einem Wasserfilter, R\u00e4dern zum einfachen Fortbewegen und einem 7 Meter langen Hochdruckschlauch ausger\u00fcstet. Dank des verstellbaren Teleskopstiels arbeitest du immer bequem.<\/p>\n","protected":false},"featured_media":0,"comment_status":"closed","ping_status":"open","template":"","meta":{"_acf_changed":false},"brand":[294],"product_brand":[],"product_cat":[2722],"product_tag":[2723],"class_list":{"0":"post-73444","1":"product","2":"type-product","3":"status-publish","5":"brand-karcher","6":"product_cat-hochdruckreiniger","7":"product_tag-hogedrukreinigers","8":"pa_condition-new","9":"pa_coolblue-de-verzending-morgen-gratis-geliefert","10":"pa_ean-6987","11":"pa_mpn-1-676-103-0","13":"first","14":"instock","15":"product-type-external"},"acf":[],"_links":{"self":[{"href":"https:\/\/onlinehardwareshop.de\/index.php\/wp-json\/wp\/v2\/product\/73444","targetHints":{"allow":["GET"]}}],"collection":[{"href":"https:\/\/onlinehardwareshop.de\/index.php\/wp-json\/wp\/v2\/product"}],"about":[{"href":"https:\/\/onlinehardwareshop.de\/index.php\/wp-json\/wp\/v2\/types\/product"}],"replies":[{"embeddable":true,"href":"https:\/\/onlinehardwareshop.de\/index.php\/wp-json\/wp\/v2\/comments?post=73444"}],"wp:attachment":[{"href":"https:\/\/onlinehardwareshop.de\/index.php\/wp-json\/wp\/v2\/media?parent=73444"}],"wp:term":[{"taxonomy":"brand","embeddable":true,"href":"https:\/\/onlinehardwareshop.de\/index.php\/wp-json\/wp\/v2\/brand?post=73444"},{"taxonomy":"product_brand","embeddable":true,"href":"https:\/\/onlinehardwareshop.de\/index.php\/wp-json\/wp\/v2\/product_brand?post=73444"},{"taxonomy":"product_cat","embeddable":true,"href":"https:\/\/onlinehardwareshop.de\/index.php\/wp-json\/wp\/v2\/product_cat?post=73444"},{"taxonomy":"product_tag","embeddable":true,"href":"https:\/\/onlinehardwareshop.de\/index.php\/wp-json\/wp\/v2\/product_tag?post=73444"}],"curies":[{"name":"wp","href":"https:\/\/api.w.org\/{rel}","templated":true}]}}