{"id":73441,"date":"2024-10-01T00:26:09","date_gmt":"2024-10-01T00:26:09","guid":{"rendered":"https:\/\/onlinehardwareshop.de\/index.php\/produkt\/krcher-k2-power-control-home-2\/"},"modified":"2025-05-14T03:01:55","modified_gmt":"2025-05-14T03:01:55","slug":"krcher-k2-power-control-home","status":"publish","type":"product","link":"https:\/\/onlinehardwareshop.de\/index.php\/produkt\/krcher-k2-power-control-home\/","title":{"rendered":"K&#xE4;rcher K2 Power Control Home"},"content":{"rendered":"<p>Der K\u00e4rcher K2 Power Control HOME ist der Nachfolger des K\u00e4rcher K2 Full Control Home. Dieses Modell wurde sowohl von innen als auch von au\u00dfen runderneuert. Der Hochdruckschlauch ist jetzt 5 Meter lang und die zugeh\u00f6rige App unterst\u00fctzt dich dabei, das Beste aus deinem Ger\u00e4t zu holen, zum Beispiel mit praktischen Tipps und Tricks, die dir bei jeder Reinigungst\u00e4tigkeit helfen. Dieser Hochdruckreiniger eignet sich f\u00fcr kleinere Arbeit rund ums Haus. Dank des einstellbaren Wasserdrucks beh\u00e4ltst du die Kontrolle \u00fcber jede Aufgabe. Das Ger\u00e4t hat einen h\u00f6henverstellbaren Teleskopstiel, sodass du m\u00fchelos arbeiten kannst. Beim Entfernen von hartn\u00e4ckigem Schmutz kommt die Dreckfr\u00e4se mit rotierendem Punktstrahl gerade recht. F\u00fcr das spritzfreie Reinigen gro\u00dfer Oberfl\u00e4chen ist der mitgelieferte Fl\u00e4chenreiniger dein bester Freund.<\/p>\n","protected":false},"excerpt":{"rendered":"<p>Der K\u00e4rcher K2 Power Control HOME ist der Nachfolger des K\u00e4rcher K2 Full Control Home. Dieses Modell wurde sowohl von innen als auch von au\u00dfen runderneuert. Der Hochdruckschlauch ist jetzt 5 Meter lang und die zugeh\u00f6rige App unterst\u00fctzt dich dabei, das Beste aus deinem Ger\u00e4t zu holen, zum Beispiel mit praktischen Tipps und Tricks, die dir bei jeder Reinigungst\u00e4tigkeit helfen. Dieser Hochdruckreiniger eignet sich f\u00fcr kleinere Arbeit rund ums Haus. Dank des einstellbaren Wasserdrucks beh\u00e4ltst du die Kontrolle \u00fcber jede Aufgabe. Das Ger\u00e4t hat einen h\u00f6henverstellbaren Teleskopstiel, sodass du m\u00fchelos arbeiten kannst. Beim Entfernen von hartn\u00e4ckigem Schmutz kommt die Dreckfr\u00e4se mit rotierendem Punktstrahl gerade recht. F\u00fcr das spritzfreie Reinigen gro\u00dfer Oberfl\u00e4chen ist der mitgelieferte Fl\u00e4chenreiniger dein bester Freund.<\/p>\n","protected":false},"featured_media":0,"comment_status":"closed","ping_status":"open","template":"","meta":{"_acf_changed":false},"brand":[294],"product_brand":[],"product_cat":[2722],"product_tag":[2723],"class_list":{"0":"post-73441","1":"product","2":"type-product","3":"status-publish","5":"brand-karcher","6":"product_cat-hochdruckreiniger","7":"product_tag-hogedrukreinigers","8":"pa_condition-new","9":"pa_coolblue-de-verzending-morgen-gratis-geliefert","10":"pa_ean-6981","11":"pa_mpn-1-673-603-0","13":"first","14":"instock","15":"product-type-external"},"acf":[],"_links":{"self":[{"href":"https:\/\/onlinehardwareshop.de\/index.php\/wp-json\/wp\/v2\/product\/73441","targetHints":{"allow":["GET"]}}],"collection":[{"href":"https:\/\/onlinehardwareshop.de\/index.php\/wp-json\/wp\/v2\/product"}],"about":[{"href":"https:\/\/onlinehardwareshop.de\/index.php\/wp-json\/wp\/v2\/types\/product"}],"replies":[{"embeddable":true,"href":"https:\/\/onlinehardwareshop.de\/index.php\/wp-json\/wp\/v2\/comments?post=73441"}],"wp:attachment":[{"href":"https:\/\/onlinehardwareshop.de\/index.php\/wp-json\/wp\/v2\/media?parent=73441"}],"wp:term":[{"taxonomy":"brand","embeddable":true,"href":"https:\/\/onlinehardwareshop.de\/index.php\/wp-json\/wp\/v2\/brand?post=73441"},{"taxonomy":"product_brand","embeddable":true,"href":"https:\/\/onlinehardwareshop.de\/index.php\/wp-json\/wp\/v2\/product_brand?post=73441"},{"taxonomy":"product_cat","embeddable":true,"href":"https:\/\/onlinehardwareshop.de\/index.php\/wp-json\/wp\/v2\/product_cat?post=73441"},{"taxonomy":"product_tag","embeddable":true,"href":"https:\/\/onlinehardwareshop.de\/index.php\/wp-json\/wp\/v2\/product_tag?post=73441"}],"curies":[{"name":"wp","href":"https:\/\/api.w.org\/{rel}","templated":true}]}}