{"id":73440,"date":"2024-03-16T00:32:40","date_gmt":"2024-03-16T00:32:40","guid":{"rendered":"https:\/\/onlinehardwareshop.de\/index.php\/produkt\/krcher-k2-power-control-2\/"},"modified":"2025-05-14T03:01:50","modified_gmt":"2025-05-14T03:01:50","slug":"krcher-k2-power-control","status":"publish","type":"product","link":"https:\/\/onlinehardwareshop.de\/index.php\/produkt\/krcher-k2-power-control\/","title":{"rendered":"K&#xE4;rcher K2 Power Control"},"content":{"rendered":"<p>Mit dem K\u00e4rcher K2 Power Control f\u00fchrst du kleine Reinigungsarbeiten aus, zum Beispiel die Reinigung deines Fahrrads oder deiner Gartenger\u00e4te. Mit einem Arbeitsdruck von 110 bar und einer F\u00f6rdermenge von 360 Litern pro Stunde sind diese Arbeiten im Nu erledigt. Der einstellbare Wasserdruck erm\u00f6glicht es, den Wasserdruck richtig auf die jeweilige Reinigungsarbeit einzustellen. Die dazugeh\u00f6rige App bietet Unterst\u00fctzung und praktische Tipps, die dich bei jeder Reinigungsaufgabe unterst\u00fctzen. Du erh\u00e4ltst eine Hochdruckpistole und einen 5-Meter-Hochdruckschlauch, damit du sofort loslegen kannst. Dank des langen Griffs und der R\u00e4der l\u00e4sst sich der Hochdruckreiniger problemlos an einen anderen Ort in deinem Garten mitnehmen.<\/p>\n","protected":false},"excerpt":{"rendered":"<p>Mit dem K\u00e4rcher K2 Power Control f\u00fchrst du kleine Reinigungsarbeiten aus, zum Beispiel die Reinigung deines Fahrrads oder deiner Gartenger\u00e4te. Mit einem Arbeitsdruck von 110 bar und einer F\u00f6rdermenge von 360 Litern pro Stunde sind diese Arbeiten im Nu erledigt. Der einstellbare Wasserdruck erm\u00f6glicht es, den Wasserdruck richtig auf die jeweilige Reinigungsarbeit einzustellen. Die dazugeh\u00f6rige App bietet Unterst\u00fctzung und praktische Tipps, die dich bei jeder Reinigungsaufgabe unterst\u00fctzen. Du erh\u00e4ltst eine Hochdruckpistole und einen 5-Meter-Hochdruckschlauch, damit du sofort loslegen kannst. Dank des langen Griffs und der R\u00e4der l\u00e4sst sich der Hochdruckreiniger problemlos an einen anderen Ort in deinem Garten mitnehmen.<\/p>\n","protected":false},"featured_media":0,"comment_status":"closed","ping_status":"open","template":"","meta":{"_acf_changed":false},"brand":[294],"product_brand":[],"product_cat":[2722],"product_tag":[2723],"class_list":{"0":"post-73440","1":"product","2":"type-product","3":"status-publish","5":"brand-karcher","6":"product_cat-hochdruckreiniger","7":"product_tag-hogedrukreinigers","8":"pa_condition-new","9":"pa_coolblue-de-verzending-morgen-gratis-geliefert","10":"pa_ean-6979","11":"pa_mpn-1-673-600-0","13":"first","14":"instock","15":"product-type-external"},"acf":[],"_links":{"self":[{"href":"https:\/\/onlinehardwareshop.de\/index.php\/wp-json\/wp\/v2\/product\/73440","targetHints":{"allow":["GET"]}}],"collection":[{"href":"https:\/\/onlinehardwareshop.de\/index.php\/wp-json\/wp\/v2\/product"}],"about":[{"href":"https:\/\/onlinehardwareshop.de\/index.php\/wp-json\/wp\/v2\/types\/product"}],"replies":[{"embeddable":true,"href":"https:\/\/onlinehardwareshop.de\/index.php\/wp-json\/wp\/v2\/comments?post=73440"}],"wp:attachment":[{"href":"https:\/\/onlinehardwareshop.de\/index.php\/wp-json\/wp\/v2\/media?parent=73440"}],"wp:term":[{"taxonomy":"brand","embeddable":true,"href":"https:\/\/onlinehardwareshop.de\/index.php\/wp-json\/wp\/v2\/brand?post=73440"},{"taxonomy":"product_brand","embeddable":true,"href":"https:\/\/onlinehardwareshop.de\/index.php\/wp-json\/wp\/v2\/product_brand?post=73440"},{"taxonomy":"product_cat","embeddable":true,"href":"https:\/\/onlinehardwareshop.de\/index.php\/wp-json\/wp\/v2\/product_cat?post=73440"},{"taxonomy":"product_tag","embeddable":true,"href":"https:\/\/onlinehardwareshop.de\/index.php\/wp-json\/wp\/v2\/product_tag?post=73440"}],"curies":[{"name":"wp","href":"https:\/\/api.w.org\/{rel}","templated":true}]}}