{"id":73420,"date":"2024-04-09T19:06:49","date_gmt":"2024-04-09T19:06:49","guid":{"rendered":"https:\/\/onlinehardwareshop.de\/index.php\/produkt\/one-for-all-wm7471-2\/"},"modified":"2025-05-14T02:59:49","modified_gmt":"2025-05-14T02:59:49","slug":"one-for-all-wm7471","status":"publish","type":"product","link":"https:\/\/onlinehardwareshop.de\/index.php\/produkt\/one-for-all-wm7471\/","title":{"rendered":"One For All WM7471"},"content":{"rendered":"<p>Das One For All WM7471 ist ein praktischer Fernseherst\u00e4nder und zugleich ein stilvoller Blickfang. Mit diesem Dreibein aus Holz platzierst du deinen Fernseher an der gew\u00fcnschten Stelle im Zimmer und erg\u00e4nzt den Raum damit um ein besonderes M\u00f6belst\u00fcck. Dank der drehbaren Konstruktion richtest du den Fernseher auf jeden Bereich des Zimmers aus. Auch die H\u00f6he des Fernsehers verstellst du m\u00fchelos, sodass du auf jedem Sitzplatz die bestm\u00f6gliche Bildqualit\u00e4t genie\u00dft. An einem der drei Beine befindet sich ein praktischer Kunststoffclip, mit dem du die Kabel ordentlich am Bein entlang verlegst. So sieht deine Fernsehecke immer aufger\u00e4umt aus. F\u00fcr zus\u00e4tzliche Sicherheit befestigst du den St\u00e4nder mit dem mitgelieferten d\u00fcnnen Kabel an der Wand, sodass der Fernseher keinesfalls umfallen kann.<\/p>\n","protected":false},"excerpt":{"rendered":"<p>Das One For All WM7471 ist ein praktischer Fernseherst\u00e4nder und zugleich ein stilvoller Blickfang. Mit diesem Dreibein aus Holz platzierst du deinen Fernseher an der gew\u00fcnschten Stelle im Zimmer und erg\u00e4nzt den Raum damit um ein besonderes M\u00f6belst\u00fcck. Dank der drehbaren Konstruktion richtest du den Fernseher auf jeden Bereich des Zimmers aus. Auch die H\u00f6he des Fernsehers verstellst du m\u00fchelos, sodass du auf jedem Sitzplatz die bestm\u00f6gliche Bildqualit\u00e4t genie\u00dft. An einem der drei Beine befindet sich ein praktischer Kunststoffclip, mit dem du die Kabel ordentlich am Bein entlang verlegst. So sieht deine Fernsehecke immer aufger\u00e4umt aus. F\u00fcr zus\u00e4tzliche Sicherheit befestigst du den St\u00e4nder mit dem mitgelieferten d\u00fcnnen Kabel an der Wand, sodass der Fernseher keinesfalls umfallen kann.<\/p>\n","protected":false},"featured_media":0,"comment_status":"closed","ping_status":"open","template":"","meta":{"_acf_changed":false},"brand":[6934],"product_brand":[],"product_cat":[6935],"product_tag":[6936],"class_list":{"0":"post-73420","1":"product","2":"type-product","3":"status-publish","5":"brand-one-for-all","6":"product_cat-fernseherstnder","7":"product_tag-televisie-standaards","8":"pa_condition-new","9":"pa_coolblue-de-verzending-morgen-gratis-geliefert","10":"pa_ean-6932","11":"pa_mpn-6933","13":"first","14":"instock","15":"product-type-external"},"acf":[],"_links":{"self":[{"href":"https:\/\/onlinehardwareshop.de\/index.php\/wp-json\/wp\/v2\/product\/73420","targetHints":{"allow":["GET"]}}],"collection":[{"href":"https:\/\/onlinehardwareshop.de\/index.php\/wp-json\/wp\/v2\/product"}],"about":[{"href":"https:\/\/onlinehardwareshop.de\/index.php\/wp-json\/wp\/v2\/types\/product"}],"replies":[{"embeddable":true,"href":"https:\/\/onlinehardwareshop.de\/index.php\/wp-json\/wp\/v2\/comments?post=73420"}],"wp:attachment":[{"href":"https:\/\/onlinehardwareshop.de\/index.php\/wp-json\/wp\/v2\/media?parent=73420"}],"wp:term":[{"taxonomy":"brand","embeddable":true,"href":"https:\/\/onlinehardwareshop.de\/index.php\/wp-json\/wp\/v2\/brand?post=73420"},{"taxonomy":"product_brand","embeddable":true,"href":"https:\/\/onlinehardwareshop.de\/index.php\/wp-json\/wp\/v2\/product_brand?post=73420"},{"taxonomy":"product_cat","embeddable":true,"href":"https:\/\/onlinehardwareshop.de\/index.php\/wp-json\/wp\/v2\/product_cat?post=73420"},{"taxonomy":"product_tag","embeddable":true,"href":"https:\/\/onlinehardwareshop.de\/index.php\/wp-json\/wp\/v2\/product_tag?post=73420"}],"curies":[{"name":"wp","href":"https:\/\/api.w.org\/{rel}","templated":true}]}}