{"id":73375,"date":"2025-01-19T17:51:12","date_gmt":"2025-01-19T17:51:12","guid":{"rendered":"https:\/\/onlinehardwareshop.de\/index.php\/produkt\/kitchenaid-artisan-k400-5ksb4026eer-empire-rot-zitruspressenaufsatz-2\/"},"modified":"2025-05-14T02:56:25","modified_gmt":"2025-05-14T02:56:25","slug":"kitchenaid-artisan-k400-5ksb4026eer-empire-rot-zitruspressenaufsatz","status":"publish","type":"product","link":"https:\/\/onlinehardwareshop.de\/index.php\/produkt\/kitchenaid-artisan-k400-5ksb4026eer-empire-rot-zitruspressenaufsatz\/","title":{"rendered":"KitchenAid Artisan K400 5KSB4026EER Empire Rot + Zitruspressenaufsatz"},"content":{"rendered":"<p>Mit dem KitchenAid Artisan K400 5KSB4026EER Empire Rot + Zitruspressenaufsatz verwandelst du deinen KitchenAid Standmixer in eine Saftpresse, mit der du frischen Saft presst. So machst du morgens den leckersten Orangensaft. Der Standmixer hat eine Leistung von 1.200 Watt. Damit verarbeitest du mit dem Standmixer hei\u00dfe, kalte und gefrorene Zutaten. F\u00fcr das Zerkleinern von Eisw\u00fcrfeln und die Zubereitung von Smoothies oder Eisgetr\u00e4nken verf\u00fcgt der Standmixer \u00fcber automatische Programme. M\u00f6chtest du eine Suppe oder Nussbutter zubereiten? Verwende dann eine der f\u00fcnf Geschwindigkeitsstufen oder den Pulsmodus f\u00fcr noch mehr Leistung. Zum Abmessen von Zutaten befindet sich im Deckel eine praktische Kappe, mit der du Zutaten bis zu 60 Milliliter abmisst. Du ben\u00f6tigst also keinen separaten Messbecher.<\/p>\n","protected":false},"excerpt":{"rendered":"<p>Mit dem KitchenAid Artisan K400 5KSB4026EER Empire Rot + Zitruspressenaufsatz verwandelst du deinen KitchenAid Standmixer in eine Saftpresse, mit der du frischen Saft presst. So machst du morgens den leckersten Orangensaft. Der Standmixer hat eine Leistung von 1.200 Watt. Damit verarbeitest du mit dem Standmixer hei\u00dfe, kalte und gefrorene Zutaten. F\u00fcr das Zerkleinern von Eisw\u00fcrfeln und die Zubereitung von Smoothies oder Eisgetr\u00e4nken verf\u00fcgt der Standmixer \u00fcber automatische Programme. M\u00f6chtest du eine Suppe oder Nussbutter zubereiten? Verwende dann eine der f\u00fcnf Geschwindigkeitsstufen oder den Pulsmodus f\u00fcr noch mehr Leistung. Zum Abmessen von Zutaten befindet sich im Deckel eine praktische Kappe, mit der du Zutaten bis zu 60 Milliliter abmisst. Du ben\u00f6tigst also keinen separaten Messbecher.<\/p>\n","protected":false},"featured_media":0,"comment_status":"closed","ping_status":"open","template":"","meta":{"_acf_changed":false},"brand":[709],"product_brand":[],"product_cat":[1606],"product_tag":[1607],"class_list":{"0":"post-73375","1":"product","2":"type-product","3":"status-publish","5":"brand-kitchenaid","6":"product_cat-standmixer","7":"product_tag-blenders","8":"pa_condition-new","9":"pa_coolblue-de-verzending-morgen-gratis-geliefert","10":"pa_ean-6842","12":"first","13":"instock","14":"product-type-external"},"acf":[],"_links":{"self":[{"href":"https:\/\/onlinehardwareshop.de\/index.php\/wp-json\/wp\/v2\/product\/73375","targetHints":{"allow":["GET"]}}],"collection":[{"href":"https:\/\/onlinehardwareshop.de\/index.php\/wp-json\/wp\/v2\/product"}],"about":[{"href":"https:\/\/onlinehardwareshop.de\/index.php\/wp-json\/wp\/v2\/types\/product"}],"replies":[{"embeddable":true,"href":"https:\/\/onlinehardwareshop.de\/index.php\/wp-json\/wp\/v2\/comments?post=73375"}],"wp:attachment":[{"href":"https:\/\/onlinehardwareshop.de\/index.php\/wp-json\/wp\/v2\/media?parent=73375"}],"wp:term":[{"taxonomy":"brand","embeddable":true,"href":"https:\/\/onlinehardwareshop.de\/index.php\/wp-json\/wp\/v2\/brand?post=73375"},{"taxonomy":"product_brand","embeddable":true,"href":"https:\/\/onlinehardwareshop.de\/index.php\/wp-json\/wp\/v2\/product_brand?post=73375"},{"taxonomy":"product_cat","embeddable":true,"href":"https:\/\/onlinehardwareshop.de\/index.php\/wp-json\/wp\/v2\/product_cat?post=73375"},{"taxonomy":"product_tag","embeddable":true,"href":"https:\/\/onlinehardwareshop.de\/index.php\/wp-json\/wp\/v2\/product_tag?post=73375"}],"curies":[{"name":"wp","href":"https:\/\/api.w.org\/{rel}","templated":true}]}}