{"id":73372,"date":"2024-05-29T01:33:57","date_gmt":"2024-05-29T01:33:57","guid":{"rendered":"https:\/\/onlinehardwareshop.de\/index.php\/produkt\/omron-microair-u100-2\/"},"modified":"2025-05-14T02:55:58","modified_gmt":"2025-05-14T02:55:58","slug":"omron-microair-u100","status":"publish","type":"product","link":"https:\/\/onlinehardwareshop.de\/index.php\/produkt\/omron-microair-u100\/","title":{"rendered":"Omron MicroAIR U100"},"content":{"rendered":"<p>Verwende den kompakten Omron MicroAir U100 Vernebler, um Atemprobleme zu Hause und unterwegs zu reduzieren. Das Ger\u00e4t ist klein, leicht und wird mit einer Aufbewahrungstasche geliefert, sodass du es problemlos mit auf Reisen nehmen kannst. Au\u00dferdem macht er wenig Ger\u00e4usche, sodass du ihn unauff\u00e4llig in der \u00d6ffentlichkeit benutzen kannst. Du w\u00e4hlst, ob du das Medikament mit dem Mundst\u00fcck oder mit der Vollmaske einatmest. F\u00fcr Kinder ist eine kleinere Maske enthalten, damit sie gut auf dem Gesicht sitzt. Das U100 ist batteriebetrieben, es muss also nicht in der N\u00e4he einer Steckdose sein.<\/p>\n","protected":false},"excerpt":{"rendered":"<p>Verwende den kompakten Omron MicroAir U100 Vernebler, um Atemprobleme zu Hause und unterwegs zu reduzieren. Das Ger\u00e4t ist klein, leicht und wird mit einer Aufbewahrungstasche geliefert, sodass du es problemlos mit auf Reisen nehmen kannst. Au\u00dferdem macht er wenig Ger\u00e4usche, sodass du ihn unauff\u00e4llig in der \u00d6ffentlichkeit benutzen kannst. Du w\u00e4hlst, ob du das Medikament mit dem Mundst\u00fcck oder mit der Vollmaske einatmest. F\u00fcr Kinder ist eine kleinere Maske enthalten, damit sie gut auf dem Gesicht sitzt. Das U100 ist batteriebetrieben, es muss also nicht in der N\u00e4he einer Steckdose sein.<\/p>\n","protected":false},"featured_media":0,"comment_status":"closed","ping_status":"open","template":"","meta":{"_acf_changed":false},"brand":[1048],"product_brand":[],"product_cat":[6100],"product_tag":[6101],"class_list":{"0":"post-73372","1":"product","2":"type-product","3":"status-publish","5":"brand-omron","6":"product_cat-inhalatoren","7":"product_tag-inhalators","8":"pa_condition-new","9":"pa_coolblue-de-verzending-morgen-gratis-geliefert","10":"pa_ean-6833","11":"pa_mpn-ne-u100-e","13":"first","14":"instock","15":"product-type-external"},"acf":[],"_links":{"self":[{"href":"https:\/\/onlinehardwareshop.de\/index.php\/wp-json\/wp\/v2\/product\/73372","targetHints":{"allow":["GET"]}}],"collection":[{"href":"https:\/\/onlinehardwareshop.de\/index.php\/wp-json\/wp\/v2\/product"}],"about":[{"href":"https:\/\/onlinehardwareshop.de\/index.php\/wp-json\/wp\/v2\/types\/product"}],"replies":[{"embeddable":true,"href":"https:\/\/onlinehardwareshop.de\/index.php\/wp-json\/wp\/v2\/comments?post=73372"}],"wp:attachment":[{"href":"https:\/\/onlinehardwareshop.de\/index.php\/wp-json\/wp\/v2\/media?parent=73372"}],"wp:term":[{"taxonomy":"brand","embeddable":true,"href":"https:\/\/onlinehardwareshop.de\/index.php\/wp-json\/wp\/v2\/brand?post=73372"},{"taxonomy":"product_brand","embeddable":true,"href":"https:\/\/onlinehardwareshop.de\/index.php\/wp-json\/wp\/v2\/product_brand?post=73372"},{"taxonomy":"product_cat","embeddable":true,"href":"https:\/\/onlinehardwareshop.de\/index.php\/wp-json\/wp\/v2\/product_cat?post=73372"},{"taxonomy":"product_tag","embeddable":true,"href":"https:\/\/onlinehardwareshop.de\/index.php\/wp-json\/wp\/v2\/product_tag?post=73372"}],"curies":[{"name":"wp","href":"https:\/\/api.w.org\/{rel}","templated":true}]}}