{"id":73368,"date":"2025-02-15T16:52:55","date_gmt":"2025-02-15T16:52:55","guid":{"rendered":"https:\/\/onlinehardwareshop.de\/index.php\/produkt\/epson-workforce-wf-7830dtwf-2\/"},"modified":"2025-05-14T02:55:34","modified_gmt":"2025-05-14T02:55:34","slug":"epson-workforce-wf-7830dtwf","status":"publish","type":"product","link":"https:\/\/onlinehardwareshop.de\/index.php\/produkt\/epson-workforce-wf-7830dtwf\/","title":{"rendered":"Epson WorkForce WF-7830DTWF"},"content":{"rendered":"<p>Mit dem Epson WorkForce WF-7830DTWF druckst du in einem kleinen B\u00fcro nicht nur auf DIN-A4-Papier, sondern auch im DIN-A3-Format. Mit diesem 4-in-1-Drucker druckst du Dateien aus und scannst, kopierst oder faxt alle wichtigen Dokumente. DIN-A3-B\u00f6gen eignen sich f\u00fcr Teams, die kreative Designs erstellen. Zum Beispiel Bauzeichnungen oder Werbeposter, die nicht auf DIN-A4-Papier passen. Wenn der WorkForce Drucker in Schwarz-Wei\u00df druckt, erreicht er eine Druckgeschwindigkeit von bis zu 25 Seiten pro Minute. Der automatische Dokumenteneinzug erm\u00f6glicht es dir, bis zu 50 Bl\u00e4tter in das Einzugsfach zu legen. Der Drucker kopiert und scannt diesen Stapel auf einmal. So sparst du eine Menge Zeit. Du kannst ganz einfach Druckauftr\u00e4ge von einem mobilen Ger\u00e4t an den Drucker schicken. Das geht mit der Epson App, per E-Mail oder mit Apple AirPrint.   Dieser Drucker eignet sich f\u00fcr Epson ReadyPrint. Epson ReadyPrint ist ein monatlich k\u00fcndbares Tintenabo. Dein Drucker bestellt automatisch neue Patronen bei Epson, sobald deine Tinte beinahe aufgebraucht ist. So geht dir nie mehr die Tinte aus. H\u00e4ttest du gern mehr Informationen \u00fcber Epson ReadyPrint? Sieh dir unseren Beratungsartikel an.<\/p>\n","protected":false},"excerpt":{"rendered":"<p>Mit dem Epson WorkForce WF-7830DTWF druckst du in einem kleinen B\u00fcro nicht nur auf DIN-A4-Papier, sondern auch im DIN-A3-Format. Mit diesem 4-in-1-Drucker druckst du Dateien aus und scannst, kopierst oder faxt alle wichtigen Dokumente. DIN-A3-B\u00f6gen eignen sich f\u00fcr Teams, die kreative Designs erstellen. Zum Beispiel Bauzeichnungen oder Werbeposter, die nicht auf DIN-A4-Papier passen. Wenn der WorkForce Drucker in Schwarz-Wei\u00df druckt, erreicht er eine Druckgeschwindigkeit von bis zu 25 Seiten pro Minute. Der automatische Dokumenteneinzug erm\u00f6glicht es dir, bis zu 50 Bl\u00e4tter in das Einzugsfach zu legen. Der Drucker kopiert und scannt diesen Stapel auf einmal. So sparst du eine Menge Zeit. Du kannst ganz einfach Druckauftr\u00e4ge von einem mobilen Ger\u00e4t an den Drucker schicken. Das geht mit der Epson App, per E-Mail oder mit Apple AirPrint.   Dieser Drucker eignet sich f\u00fcr Epson ReadyPrint. Epson ReadyPrint ist ein monatlich k\u00fcndbares Tintenabo. Dein Drucker bestellt automatisch neue Patronen bei Epson, sobald deine Tinte beinahe aufgebraucht ist. So geht dir nie mehr die Tinte aus. H\u00e4ttest du gern mehr Informationen \u00fcber Epson ReadyPrint? Sieh dir unseren Beratungsartikel an.<\/p>\n","protected":false},"featured_media":0,"comment_status":"closed","ping_status":"open","template":"","meta":{"_acf_changed":false},"brand":[267],"product_brand":[],"product_cat":[2205],"product_tag":[2206],"class_list":{"0":"post-73368","1":"product","2":"type-product","3":"status-publish","5":"brand-epson","6":"product_cat-drucker","7":"product_tag-inkjetprinters","8":"pa_condition-new","9":"pa_coolblue-de-verzending-morgen-gratis-geliefert","10":"pa_ean-6819","11":"pa_mpn-c11ch68403","13":"first","14":"instock","15":"product-type-external"},"acf":[],"_links":{"self":[{"href":"https:\/\/onlinehardwareshop.de\/index.php\/wp-json\/wp\/v2\/product\/73368","targetHints":{"allow":["GET"]}}],"collection":[{"href":"https:\/\/onlinehardwareshop.de\/index.php\/wp-json\/wp\/v2\/product"}],"about":[{"href":"https:\/\/onlinehardwareshop.de\/index.php\/wp-json\/wp\/v2\/types\/product"}],"replies":[{"embeddable":true,"href":"https:\/\/onlinehardwareshop.de\/index.php\/wp-json\/wp\/v2\/comments?post=73368"}],"wp:attachment":[{"href":"https:\/\/onlinehardwareshop.de\/index.php\/wp-json\/wp\/v2\/media?parent=73368"}],"wp:term":[{"taxonomy":"brand","embeddable":true,"href":"https:\/\/onlinehardwareshop.de\/index.php\/wp-json\/wp\/v2\/brand?post=73368"},{"taxonomy":"product_brand","embeddable":true,"href":"https:\/\/onlinehardwareshop.de\/index.php\/wp-json\/wp\/v2\/product_brand?post=73368"},{"taxonomy":"product_cat","embeddable":true,"href":"https:\/\/onlinehardwareshop.de\/index.php\/wp-json\/wp\/v2\/product_cat?post=73368"},{"taxonomy":"product_tag","embeddable":true,"href":"https:\/\/onlinehardwareshop.de\/index.php\/wp-json\/wp\/v2\/product_tag?post=73368"}],"curies":[{"name":"wp","href":"https:\/\/api.w.org\/{rel}","templated":true}]}}