{"id":73365,"date":"2025-01-11T23:14:00","date_gmt":"2025-01-11T23:14:00","guid":{"rendered":"https:\/\/onlinehardwareshop.de\/index.php\/produkt\/epson-workforce-wf-7840dtwf-2\/"},"modified":"2025-05-14T02:55:19","modified_gmt":"2025-05-14T02:55:19","slug":"epson-workforce-wf-7840dtwf","status":"publish","type":"product","link":"https:\/\/onlinehardwareshop.de\/index.php\/produkt\/epson-workforce-wf-7840dtwf\/","title":{"rendered":"Epson WorkForce WF-7840DTWF"},"content":{"rendered":"<p>Mit dem Epson WorkForce WF-7840DTWF druckst du im B\u00fcro nicht nur im A4-Format, sondern auch in A3. Dieser 4-in-1-Drucker ist f\u00fcr kleine B\u00fcros geeignet, in denen kreative Mitarbeitende Poster und detaillierte Entw\u00fcrfe erstellen. Der WorkForce Drucker druckt bis zu 25 Seiten pro Minute in Schwarz-Wei\u00df. So bist du ganz schnell als n\u00e4chstes nach deinen Kollegen dran. Der automatische Dokumenteneinzug bietet Platz f\u00fcr 50 Papierb\u00f6gen. Der Drucker \u00fcbernimmt das Kopieren oder Scannen dann ganz automatisch. Hast du ein Dokument auf deinem Mobilger\u00e4t gespeichert? Kein Problem, es gibt mehrere kabellose Druckm\u00f6glichkeiten. So pr\u00e4sentierst du noch schnell ein neues Konzept oder druckst einen Bericht aus, den du in deinem Team teilen m\u00f6chtest.    Dieser Drucker eignet sich f\u00fcr Epson ReadyPrint. Epson ReadyPrint ist ein monatlich k\u00fcndbares Tintenabo. Der Drucker bestellt automatisch neue Patronen bei Epson, sobald deine aktuellen fast leer sind. So stehst du nie pl\u00f6tzlich ohne Tinte da. M\u00f6chtest du mehr \u00fcber Epson ReadyPrint erfahren? Dann sieh dir unseren Beratungsartikel an.<\/p>\n","protected":false},"excerpt":{"rendered":"<p>Mit dem Epson WorkForce WF-7840DTWF druckst du im B\u00fcro nicht nur im A4-Format, sondern auch in A3. Dieser 4-in-1-Drucker ist f\u00fcr kleine B\u00fcros geeignet, in denen kreative Mitarbeitende Poster und detaillierte Entw\u00fcrfe erstellen. Der WorkForce Drucker druckt bis zu 25 Seiten pro Minute in Schwarz-Wei\u00df. So bist du ganz schnell als n\u00e4chstes nach deinen Kollegen dran. Der automatische Dokumenteneinzug bietet Platz f\u00fcr 50 Papierb\u00f6gen. Der Drucker \u00fcbernimmt das Kopieren oder Scannen dann ganz automatisch. Hast du ein Dokument auf deinem Mobilger\u00e4t gespeichert? Kein Problem, es gibt mehrere kabellose Druckm\u00f6glichkeiten. So pr\u00e4sentierst du noch schnell ein neues Konzept oder druckst einen Bericht aus, den du in deinem Team teilen m\u00f6chtest.    Dieser Drucker eignet sich f\u00fcr Epson ReadyPrint. Epson ReadyPrint ist ein monatlich k\u00fcndbares Tintenabo. Der Drucker bestellt automatisch neue Patronen bei Epson, sobald deine aktuellen fast leer sind. So stehst du nie pl\u00f6tzlich ohne Tinte da. M\u00f6chtest du mehr \u00fcber Epson ReadyPrint erfahren? Dann sieh dir unseren Beratungsartikel an.<\/p>\n","protected":false},"featured_media":0,"comment_status":"closed","ping_status":"open","template":"","meta":{"_acf_changed":false},"brand":[267],"product_brand":[],"product_cat":[2205],"product_tag":[2206],"class_list":{"0":"post-73365","1":"product","2":"type-product","3":"status-publish","5":"brand-epson","6":"product_cat-drucker","7":"product_tag-inkjetprinters","8":"pa_condition-new","9":"pa_coolblue-de-verzending-morgen-gratis-geliefert","10":"pa_ean-6813","11":"pa_mpn-c11ch67402","13":"first","14":"instock","15":"product-type-external"},"acf":[],"_links":{"self":[{"href":"https:\/\/onlinehardwareshop.de\/index.php\/wp-json\/wp\/v2\/product\/73365","targetHints":{"allow":["GET"]}}],"collection":[{"href":"https:\/\/onlinehardwareshop.de\/index.php\/wp-json\/wp\/v2\/product"}],"about":[{"href":"https:\/\/onlinehardwareshop.de\/index.php\/wp-json\/wp\/v2\/types\/product"}],"replies":[{"embeddable":true,"href":"https:\/\/onlinehardwareshop.de\/index.php\/wp-json\/wp\/v2\/comments?post=73365"}],"wp:attachment":[{"href":"https:\/\/onlinehardwareshop.de\/index.php\/wp-json\/wp\/v2\/media?parent=73365"}],"wp:term":[{"taxonomy":"brand","embeddable":true,"href":"https:\/\/onlinehardwareshop.de\/index.php\/wp-json\/wp\/v2\/brand?post=73365"},{"taxonomy":"product_brand","embeddable":true,"href":"https:\/\/onlinehardwareshop.de\/index.php\/wp-json\/wp\/v2\/product_brand?post=73365"},{"taxonomy":"product_cat","embeddable":true,"href":"https:\/\/onlinehardwareshop.de\/index.php\/wp-json\/wp\/v2\/product_cat?post=73365"},{"taxonomy":"product_tag","embeddable":true,"href":"https:\/\/onlinehardwareshop.de\/index.php\/wp-json\/wp\/v2\/product_tag?post=73365"}],"curies":[{"name":"wp","href":"https:\/\/api.w.org\/{rel}","templated":true}]}}