{"id":73339,"date":"2024-01-07T08:53:41","date_gmt":"2024-01-07T08:53:41","guid":{"rendered":"https:\/\/onlinehardwareshop.de\/index.php\/produkt\/bosch-professional-gsa-18v-li-c-ohne-akku-2\/"},"modified":"2025-05-14T02:53:08","modified_gmt":"2025-05-14T02:53:08","slug":"bosch-professional-gsa-18v-li-c-ohne-akku","status":"publish","type":"product","link":"https:\/\/onlinehardwareshop.de\/index.php\/produkt\/bosch-professional-gsa-18v-li-c-ohne-akku\/","title":{"rendered":"Bosch Professional GSA 18V-LI C (ohne Akku)"},"content":{"rendered":"<p>Suchst du eine kr\u00e4ftige S\u00e4bels\u00e4ge, mit der du auch an schwer zug\u00e4nglichen Stellen arbeiten kannst? Dann wirst du mit der Bosch GSA 18V-LI C (ohne Akku) gl\u00fccklich. Diese S\u00e4bels\u00e4ge kannst du n\u00e4mlich auch \u00fcber Kopf verwenden, um problemlos h\u00f6here Balken zu bearbeiten. Dank der LED-Beleuchtung hat auch die Dunkelheit f\u00fcr dich keine Geheimnisse. Mit einer S\u00e4gehubl\u00e4nge von 21 Millimetern s\u00e4gst du bis zu 200 Millimeter in Holz und bis zu 100 Millimeter in Metall. Die GSA 18V-LI C (ohne Akku) wiegt 2,5 Kilogramm und l\u00e4sst sich somit auch mit einer Hand bedienen. Im Lieferumfang sind drei S\u00e4gebl\u00e4tter enthalten, sodass du sofort loslegen kannst. Diese S\u00e4bels\u00e4ge ist Teil des Bosch Flexible Power System Akkusystems. Wenn du bereits einen Akku derselben Marke und desselben Akkusystems besitzt, kannst du diesen auch mit diesem Akkuwerkzeug benutzen.<\/p>\n","protected":false},"excerpt":{"rendered":"<p>Suchst du eine kr\u00e4ftige S\u00e4bels\u00e4ge, mit der du auch an schwer zug\u00e4nglichen Stellen arbeiten kannst? Dann wirst du mit der Bosch GSA 18V-LI C (ohne Akku) gl\u00fccklich. Diese S\u00e4bels\u00e4ge kannst du n\u00e4mlich auch \u00fcber Kopf verwenden, um problemlos h\u00f6here Balken zu bearbeiten. Dank der LED-Beleuchtung hat auch die Dunkelheit f\u00fcr dich keine Geheimnisse. Mit einer S\u00e4gehubl\u00e4nge von 21 Millimetern s\u00e4gst du bis zu 200 Millimeter in Holz und bis zu 100 Millimeter in Metall. Die GSA 18V-LI C (ohne Akku) wiegt 2,5 Kilogramm und l\u00e4sst sich somit auch mit einer Hand bedienen. Im Lieferumfang sind drei S\u00e4gebl\u00e4tter enthalten, sodass du sofort loslegen kannst. Diese S\u00e4bels\u00e4ge ist Teil des Bosch Flexible Power System Akkusystems. Wenn du bereits einen Akku derselben Marke und desselben Akkusystems besitzt, kannst du diesen auch mit diesem Akkuwerkzeug benutzen.<\/p>\n","protected":false},"featured_media":0,"comment_status":"closed","ping_status":"open","template":"","meta":{"_acf_changed":false},"brand":[332],"product_brand":[],"product_cat":[585],"product_tag":[2028],"class_list":{"0":"post-73339","1":"product","2":"type-product","3":"status-publish","5":"brand-bosch-professional","6":"product_cat-sbelsgen","7":"product_tag-accu-reciprozagen","8":"pa_condition-new","9":"pa_coolblue-de-verzending-morgen-gratis-geliefert","10":"pa_ean-6754","11":"pa_mpn-06016a5001","13":"first","14":"instock","15":"product-type-external"},"acf":[],"_links":{"self":[{"href":"https:\/\/onlinehardwareshop.de\/index.php\/wp-json\/wp\/v2\/product\/73339","targetHints":{"allow":["GET"]}}],"collection":[{"href":"https:\/\/onlinehardwareshop.de\/index.php\/wp-json\/wp\/v2\/product"}],"about":[{"href":"https:\/\/onlinehardwareshop.de\/index.php\/wp-json\/wp\/v2\/types\/product"}],"replies":[{"embeddable":true,"href":"https:\/\/onlinehardwareshop.de\/index.php\/wp-json\/wp\/v2\/comments?post=73339"}],"wp:attachment":[{"href":"https:\/\/onlinehardwareshop.de\/index.php\/wp-json\/wp\/v2\/media?parent=73339"}],"wp:term":[{"taxonomy":"brand","embeddable":true,"href":"https:\/\/onlinehardwareshop.de\/index.php\/wp-json\/wp\/v2\/brand?post=73339"},{"taxonomy":"product_brand","embeddable":true,"href":"https:\/\/onlinehardwareshop.de\/index.php\/wp-json\/wp\/v2\/product_brand?post=73339"},{"taxonomy":"product_cat","embeddable":true,"href":"https:\/\/onlinehardwareshop.de\/index.php\/wp-json\/wp\/v2\/product_cat?post=73339"},{"taxonomy":"product_tag","embeddable":true,"href":"https:\/\/onlinehardwareshop.de\/index.php\/wp-json\/wp\/v2\/product_tag?post=73339"}],"curies":[{"name":"wp","href":"https:\/\/api.w.org\/{rel}","templated":true}]}}