{"id":73326,"date":"2025-02-24T12:24:51","date_gmt":"2025-02-24T12:24:51","guid":{"rendered":"https:\/\/onlinehardwareshop.de\/index.php\/produkt\/logitech-g-pro-x-gaming-maus-2\/"},"modified":"2025-05-14T02:52:15","modified_gmt":"2025-05-14T02:52:15","slug":"logitech-g-pro-x-gaming-maus","status":"publish","type":"product","link":"https:\/\/onlinehardwareshop.de\/index.php\/produkt\/logitech-g-pro-x-gaming-maus\/","title":{"rendered":"Logitech G PRO X Gaming-Maus"},"content":{"rendered":"<p>Mit der Logitech G Pro X Superlight kabellosen Gaming-Maus Wei\u00df bekommst du eine schnelle und leichte Pro-Maus. Dank des optischen Sensors mit 25.600\u00a0dpi bewegst du diese kabellose Gaming-Maus w\u00e4hrend deines Spiels rasch \u00fcber deinen Schreibtisch. So reagierst du beim Gamen immer sehr pr\u00e4zise. Die beiden zus\u00e4tzlichen Daumentasten stellst du selbst ein, so dass du schneller als deine Gegner reagierst, deine Waffen wechselst oder eine Spezial-Attacke ausf\u00fchrst. Du schlie\u00dft die Maus kabellos \u00fcber einen USB-A-Dongle an. So hast du w\u00e4hrend deines Spiels gen\u00fcgend Bewegungsfreiheit. Diese kabellose Gaming-Maus hat eine Akkulaufzeit von 70 Stunden, so dass du auch lange Gaming-Sessions spielst, ohne die Maus zwischendurch aufzuladen.<\/p>\n","protected":false},"excerpt":{"rendered":"<p>Mit der Logitech G Pro X Superlight kabellosen Gaming-Maus Wei\u00df bekommst du eine schnelle und leichte Pro-Maus. Dank des optischen Sensors mit 25.600\u00a0dpi bewegst du diese kabellose Gaming-Maus w\u00e4hrend deines Spiels rasch \u00fcber deinen Schreibtisch. So reagierst du beim Gamen immer sehr pr\u00e4zise. Die beiden zus\u00e4tzlichen Daumentasten stellst du selbst ein, so dass du schneller als deine Gegner reagierst, deine Waffen wechselst oder eine Spezial-Attacke ausf\u00fchrst. Du schlie\u00dft die Maus kabellos \u00fcber einen USB-A-Dongle an. So hast du w\u00e4hrend deines Spiels gen\u00fcgend Bewegungsfreiheit. Diese kabellose Gaming-Maus hat eine Akkulaufzeit von 70 Stunden, so dass du auch lange Gaming-Sessions spielst, ohne die Maus zwischendurch aufzuladen.<\/p>\n","protected":false},"featured_media":0,"comment_status":"closed","ping_status":"open","template":"","meta":{"_acf_changed":false},"brand":[225],"product_brand":[],"product_cat":[33],"product_tag":[3752],"class_list":{"0":"post-73326","1":"product","2":"type-product","3":"status-publish","5":"brand-logitech-g","6":"product_cat-muse","7":"product_tag-gaming-muizen","8":"pa_condition-new","9":"pa_coolblue-de-verzending-morgen-gratis-geliefert","10":"pa_ean-6722","11":"pa_mpn-910-005943","13":"first","14":"instock","15":"product-type-external"},"acf":[],"_links":{"self":[{"href":"https:\/\/onlinehardwareshop.de\/index.php\/wp-json\/wp\/v2\/product\/73326","targetHints":{"allow":["GET"]}}],"collection":[{"href":"https:\/\/onlinehardwareshop.de\/index.php\/wp-json\/wp\/v2\/product"}],"about":[{"href":"https:\/\/onlinehardwareshop.de\/index.php\/wp-json\/wp\/v2\/types\/product"}],"replies":[{"embeddable":true,"href":"https:\/\/onlinehardwareshop.de\/index.php\/wp-json\/wp\/v2\/comments?post=73326"}],"wp:attachment":[{"href":"https:\/\/onlinehardwareshop.de\/index.php\/wp-json\/wp\/v2\/media?parent=73326"}],"wp:term":[{"taxonomy":"brand","embeddable":true,"href":"https:\/\/onlinehardwareshop.de\/index.php\/wp-json\/wp\/v2\/brand?post=73326"},{"taxonomy":"product_brand","embeddable":true,"href":"https:\/\/onlinehardwareshop.de\/index.php\/wp-json\/wp\/v2\/product_brand?post=73326"},{"taxonomy":"product_cat","embeddable":true,"href":"https:\/\/onlinehardwareshop.de\/index.php\/wp-json\/wp\/v2\/product_cat?post=73326"},{"taxonomy":"product_tag","embeddable":true,"href":"https:\/\/onlinehardwareshop.de\/index.php\/wp-json\/wp\/v2\/product_tag?post=73326"}],"curies":[{"name":"wp","href":"https:\/\/api.w.org\/{rel}","templated":true}]}}