{"id":73323,"date":"2024-07-24T00:03:58","date_gmt":"2024-07-24T00:03:58","guid":{"rendered":"https:\/\/onlinehardwareshop.de\/index.php\/produkt\/bosch-vitapower-serie-4-mmb6172s-2\/"},"modified":"2025-05-14T02:51:53","modified_gmt":"2025-05-14T02:51:53","slug":"bosch-vitapower-serie-4-mmb6172s","status":"publish","type":"product","link":"https:\/\/onlinehardwareshop.de\/index.php\/produkt\/bosch-vitapower-serie-4-mmb6172s\/","title":{"rendered":"Bosch VitaPower Serie 4 MMB6172S"},"content":{"rendered":"<p>Mit dem Bosch VitaPower Serie 4 MMB6172S machst du leckere und gesunde Smoothies. Der 1.200-Watt-Motor sorgt daf\u00fcr, dass sich die Messer mit einer Geschwindigkeit von 30.000 Umdrehungen pro Minute drehen. Dadurch sind die Smoothies, die du machst, sch\u00f6n cremig. Das ProPerformance-System stellt sicher, dass die Zubereitung schnell und m\u00fchelos erfolgt. Aufgrund des leistungsstarken Motors ist das Hinzuf\u00fcgen von harten Zutaten wie Eis und verschiedene Nusssorten kein Problem. Der Mixbeh\u00e4lter hat eine Kapazit\u00e4t von 1,5 Litern und ist mit einer Literskala versehen. Neben kalten Zutaten k\u00f6nnen auch warme Zutaten gemixt oder Saucen im Standmixer hergestellt werden. Nach Gebrauch kannst du die einzelnen Teile einfach in die Sp\u00fclmaschine stellen.<\/p>\n","protected":false},"excerpt":{"rendered":"<p>Mit dem Bosch VitaPower Serie 4 MMB6172S machst du leckere und gesunde Smoothies. Der 1.200-Watt-Motor sorgt daf\u00fcr, dass sich die Messer mit einer Geschwindigkeit von 30.000 Umdrehungen pro Minute drehen. Dadurch sind die Smoothies, die du machst, sch\u00f6n cremig. Das ProPerformance-System stellt sicher, dass die Zubereitung schnell und m\u00fchelos erfolgt. Aufgrund des leistungsstarken Motors ist das Hinzuf\u00fcgen von harten Zutaten wie Eis und verschiedene Nusssorten kein Problem. Der Mixbeh\u00e4lter hat eine Kapazit\u00e4t von 1,5 Litern und ist mit einer Literskala versehen. Neben kalten Zutaten k\u00f6nnen auch warme Zutaten gemixt oder Saucen im Standmixer hergestellt werden. Nach Gebrauch kannst du die einzelnen Teile einfach in die Sp\u00fclmaschine stellen.<\/p>\n","protected":false},"featured_media":0,"comment_status":"closed","ping_status":"open","template":"","meta":{"_acf_changed":false},"brand":[250],"product_brand":[],"product_cat":[1606],"product_tag":[1607],"class_list":{"0":"post-73323","1":"product","2":"type-product","3":"status-publish","5":"brand-bosch","6":"product_cat-standmixer","7":"product_tag-blenders","8":"pa_condition-new","9":"pa_coolblue-de-verzending-morgen-gratis-geliefert","10":"pa_ean-6716","11":"pa_mpn-mmb6172s","13":"first","14":"instock","15":"product-type-external"},"acf":[],"_links":{"self":[{"href":"https:\/\/onlinehardwareshop.de\/index.php\/wp-json\/wp\/v2\/product\/73323","targetHints":{"allow":["GET"]}}],"collection":[{"href":"https:\/\/onlinehardwareshop.de\/index.php\/wp-json\/wp\/v2\/product"}],"about":[{"href":"https:\/\/onlinehardwareshop.de\/index.php\/wp-json\/wp\/v2\/types\/product"}],"replies":[{"embeddable":true,"href":"https:\/\/onlinehardwareshop.de\/index.php\/wp-json\/wp\/v2\/comments?post=73323"}],"wp:attachment":[{"href":"https:\/\/onlinehardwareshop.de\/index.php\/wp-json\/wp\/v2\/media?parent=73323"}],"wp:term":[{"taxonomy":"brand","embeddable":true,"href":"https:\/\/onlinehardwareshop.de\/index.php\/wp-json\/wp\/v2\/brand?post=73323"},{"taxonomy":"product_brand","embeddable":true,"href":"https:\/\/onlinehardwareshop.de\/index.php\/wp-json\/wp\/v2\/product_brand?post=73323"},{"taxonomy":"product_cat","embeddable":true,"href":"https:\/\/onlinehardwareshop.de\/index.php\/wp-json\/wp\/v2\/product_cat?post=73323"},{"taxonomy":"product_tag","embeddable":true,"href":"https:\/\/onlinehardwareshop.de\/index.php\/wp-json\/wp\/v2\/product_tag?post=73323"}],"curies":[{"name":"wp","href":"https:\/\/api.w.org\/{rel}","templated":true}]}}