{"id":73314,"date":"2024-06-13T20:54:25","date_gmt":"2024-06-13T20:54:25","guid":{"rendered":"https:\/\/onlinehardwareshop.de\/index.php\/produkt\/sage-the-fast-slow-pro-6-liter-2\/"},"modified":"2025-05-14T02:51:05","modified_gmt":"2025-05-14T02:51:05","slug":"sage-the-fast-slow-pro-6-liter","status":"publish","type":"product","link":"https:\/\/onlinehardwareshop.de\/index.php\/produkt\/sage-the-fast-slow-pro-6-liter\/","title":{"rendered":"Sage the Fast Slow Pro 6 Liter"},"content":{"rendered":"<p>Der Sage the Fast Slow Pro 6 Liter ist ein Slowcooker, den du mit einem Knopfdruck bedienst. Der Slowcooker verf\u00fcgt \u00fcber Sensoren, die sicherstellen, dass Temperatur und Druck im Topf richtig bleiben. Mit den elf voreingestellten Stufen kannst du aus verschiedenen Zubereitungen w\u00e4hlen, die zwischen zwei und zw\u00f6lf Stunden dauern. Du w\u00e4hlst zwischen verschiedenen langsamen oder schnellen Vorbereitungen. Auf diese Weise sautierst du, br\u00e4tst Zutaten an oder d\u00e4mpfst sie. Du kannst den Dampf einfach aus dem Slowcooker entweichen lassen, ohne dir die H\u00e4nde zu verbrennen. Wenn du eine Zubereitung magst, kannst du dein Lieblingsrezept f\u00fcr das n\u00e4chste Mal speichern. Die einzelnen Teile stellst du nach Gebrauch in die Sp\u00fclmaschine.<\/p>\n","protected":false},"excerpt":{"rendered":"<p>Der Sage the Fast Slow Pro 6 Liter ist ein Slowcooker, den du mit einem Knopfdruck bedienst. Der Slowcooker verf\u00fcgt \u00fcber Sensoren, die sicherstellen, dass Temperatur und Druck im Topf richtig bleiben. Mit den elf voreingestellten Stufen kannst du aus verschiedenen Zubereitungen w\u00e4hlen, die zwischen zwei und zw\u00f6lf Stunden dauern. Du w\u00e4hlst zwischen verschiedenen langsamen oder schnellen Vorbereitungen. Auf diese Weise sautierst du, br\u00e4tst Zutaten an oder d\u00e4mpfst sie. Du kannst den Dampf einfach aus dem Slowcooker entweichen lassen, ohne dir die H\u00e4nde zu verbrennen. Wenn du eine Zubereitung magst, kannst du dein Lieblingsrezept f\u00fcr das n\u00e4chste Mal speichern. Die einzelnen Teile stellst du nach Gebrauch in die Sp\u00fclmaschine.<\/p>\n","protected":false},"featured_media":0,"comment_status":"closed","ping_status":"open","template":"","meta":{"_acf_changed":false},"brand":[4385],"product_brand":[],"product_cat":[536],"product_tag":[537],"class_list":{"0":"post-73314","1":"product","2":"type-product","3":"status-publish","5":"brand-sage","6":"product_cat-slowcooker","7":"product_tag-slowcookers","8":"pa_condition-new","9":"pa_coolblue-de-verzending-morgen-gratis-geliefert","10":"pa_ean-6693","11":"pa_mpn-spr700bss4eeu1","13":"first","14":"instock","15":"product-type-external"},"acf":[],"_links":{"self":[{"href":"https:\/\/onlinehardwareshop.de\/index.php\/wp-json\/wp\/v2\/product\/73314","targetHints":{"allow":["GET"]}}],"collection":[{"href":"https:\/\/onlinehardwareshop.de\/index.php\/wp-json\/wp\/v2\/product"}],"about":[{"href":"https:\/\/onlinehardwareshop.de\/index.php\/wp-json\/wp\/v2\/types\/product"}],"replies":[{"embeddable":true,"href":"https:\/\/onlinehardwareshop.de\/index.php\/wp-json\/wp\/v2\/comments?post=73314"}],"wp:attachment":[{"href":"https:\/\/onlinehardwareshop.de\/index.php\/wp-json\/wp\/v2\/media?parent=73314"}],"wp:term":[{"taxonomy":"brand","embeddable":true,"href":"https:\/\/onlinehardwareshop.de\/index.php\/wp-json\/wp\/v2\/brand?post=73314"},{"taxonomy":"product_brand","embeddable":true,"href":"https:\/\/onlinehardwareshop.de\/index.php\/wp-json\/wp\/v2\/product_brand?post=73314"},{"taxonomy":"product_cat","embeddable":true,"href":"https:\/\/onlinehardwareshop.de\/index.php\/wp-json\/wp\/v2\/product_cat?post=73314"},{"taxonomy":"product_tag","embeddable":true,"href":"https:\/\/onlinehardwareshop.de\/index.php\/wp-json\/wp\/v2\/product_tag?post=73314"}],"curies":[{"name":"wp","href":"https:\/\/api.w.org\/{rel}","templated":true}]}}