{"id":73310,"date":"2024-12-17T04:15:17","date_gmt":"2024-12-17T04:15:17","guid":{"rendered":"https:\/\/onlinehardwareshop.de\/index.php\/produkt\/epos-expand-sp-30t-2\/"},"modified":"2025-05-14T02:50:50","modified_gmt":"2025-05-14T02:50:50","slug":"epos-expand-sp-30t","status":"publish","type":"product","link":"https:\/\/onlinehardwareshop.de\/index.php\/produkt\/epos-expand-sp-30t\/","title":{"rendered":"EPOS EXPAND SP 30T"},"content":{"rendered":"<p>F\u00fchre Konferenzanrufe mit bis zu acht Teilnehmern mit der EPOS EXPAND SP 30T. Diese Freisprecheinrichtung ist f\u00fcr die Nutzung mit Microsoft Teams lizenziert. Verbinde dein Smartphone oder Computer \u00fcber Bluetooth oder USB-C und beginne, wo du auch bist, ein Gruppengespr\u00e4ch. Die Freisprecheinrichtung hat ein USB-C-Kabel, um w\u00e4hrend des Gespr\u00e4chs Mediendateien abzuspielen oder die Epos mit deinem PC zu verbinden. Mit den Tasten am Ger\u00e4t kannst du das Mikrofon stumm schalten, die Lautst\u00e4rke regeln und du zwischen Gespr\u00e4chen hin- und herwechseln. Die zwei integrierten Mikrofone haben Rauschunterdr\u00fcckung, wodurch du immer gut zu h\u00f6ren bist, auch in belebten R\u00e4umen bei spontanen Anrufen. Die Freisprecheinrichtung hat eine Akkulaufzeit von 18 Stunden und ist \u00fcber USB-C innerhalb von dreieinhalb Stunden aufgeladen. Die EPOS SP 30T eignet sich f\u00fcr allerlei Gespr\u00e4chssoftware wie Microsoft Communications, Skype for Business Team und Zoom.<\/p>\n","protected":false},"excerpt":{"rendered":"<p>F\u00fchre Konferenzanrufe mit bis zu acht Teilnehmern mit der EPOS EXPAND SP 30T. Diese Freisprecheinrichtung ist f\u00fcr die Nutzung mit Microsoft Teams lizenziert. Verbinde dein Smartphone oder Computer \u00fcber Bluetooth oder USB-C und beginne, wo du auch bist, ein Gruppengespr\u00e4ch. Die Freisprecheinrichtung hat ein USB-C-Kabel, um w\u00e4hrend des Gespr\u00e4chs Mediendateien abzuspielen oder die Epos mit deinem PC zu verbinden. Mit den Tasten am Ger\u00e4t kannst du das Mikrofon stumm schalten, die Lautst\u00e4rke regeln und du zwischen Gespr\u00e4chen hin- und herwechseln. Die zwei integrierten Mikrofone haben Rauschunterdr\u00fcckung, wodurch du immer gut zu h\u00f6ren bist, auch in belebten R\u00e4umen bei spontanen Anrufen. Die Freisprecheinrichtung hat eine Akkulaufzeit von 18 Stunden und ist \u00fcber USB-C innerhalb von dreieinhalb Stunden aufgeladen. Die EPOS SP 30T eignet sich f\u00fcr allerlei Gespr\u00e4chssoftware wie Microsoft Communications, Skype for Business Team und Zoom.<\/p>\n","protected":false},"featured_media":0,"comment_status":"closed","ping_status":"open","template":"","meta":{"_acf_changed":false},"brand":[6684],"product_brand":[],"product_cat":[816],"product_tag":[817],"class_list":{"0":"post-73310","1":"product","2":"type-product","3":"status-publish","5":"brand-epos","6":"product_cat-konferenzmikrofone","7":"product_tag-vergadermicrofoons","8":"pa_condition-new","9":"pa_coolblue-de-verzending-morgen-gratis-geliefert","10":"pa_ean-6682","11":"pa_mpn-6683","13":"first","14":"instock","15":"product-type-external"},"acf":[],"_links":{"self":[{"href":"https:\/\/onlinehardwareshop.de\/index.php\/wp-json\/wp\/v2\/product\/73310","targetHints":{"allow":["GET"]}}],"collection":[{"href":"https:\/\/onlinehardwareshop.de\/index.php\/wp-json\/wp\/v2\/product"}],"about":[{"href":"https:\/\/onlinehardwareshop.de\/index.php\/wp-json\/wp\/v2\/types\/product"}],"replies":[{"embeddable":true,"href":"https:\/\/onlinehardwareshop.de\/index.php\/wp-json\/wp\/v2\/comments?post=73310"}],"wp:attachment":[{"href":"https:\/\/onlinehardwareshop.de\/index.php\/wp-json\/wp\/v2\/media?parent=73310"}],"wp:term":[{"taxonomy":"brand","embeddable":true,"href":"https:\/\/onlinehardwareshop.de\/index.php\/wp-json\/wp\/v2\/brand?post=73310"},{"taxonomy":"product_brand","embeddable":true,"href":"https:\/\/onlinehardwareshop.de\/index.php\/wp-json\/wp\/v2\/product_brand?post=73310"},{"taxonomy":"product_cat","embeddable":true,"href":"https:\/\/onlinehardwareshop.de\/index.php\/wp-json\/wp\/v2\/product_cat?post=73310"},{"taxonomy":"product_tag","embeddable":true,"href":"https:\/\/onlinehardwareshop.de\/index.php\/wp-json\/wp\/v2\/product_tag?post=73310"}],"curies":[{"name":"wp","href":"https:\/\/api.w.org\/{rel}","templated":true}]}}