{"id":73282,"date":"2024-02-06T02:21:02","date_gmt":"2024-02-06T02:21:02","guid":{"rendered":"https:\/\/onlinehardwareshop.de\/index.php\/produkt\/bosch-mums2vm00-schwarz-2\/"},"modified":"2025-05-14T02:48:15","modified_gmt":"2025-05-14T02:48:15","slug":"bosch-mums2vm00-schwarz","status":"publish","type":"product","link":"https:\/\/onlinehardwareshop.de\/index.php\/produkt\/bosch-mums2vm00-schwarz\/","title":{"rendered":"Bosch MUMS2VM00 Schwarz"},"content":{"rendered":"<p>Mit der Leistung von 900 Watt mixt du mit der Bosch MUMS2VM00 Schwarz mehrere Zubereitungen nacheinander. So bereitest du beispielsweise schnell einen R\u00fchrteig f\u00fcr Pfannkuchen zu und knetest direkt danach den Teig f\u00fcr ein Brot. Dank Sanftanlauf fliegen Zutaten nicht umher. Das reduziert den Reinigungsaufwand. Die separaten Zubeh\u00f6rteile sind sp\u00fclmaschinenfest, weshalb du dich nicht um den Abwasch k\u00fcmmerst. Anhand der sieben Stufen stellst du die Geschwindigkeit pr\u00e4zise ein. Die 3D Planetary Mixing Technik sorgt daf\u00fcr, dass sich die Aufs\u00e4tze wie der Schneebesen und der Knethaken in drei Richtungen bewegen. Dadurch mischt die Maschine den R\u00fchrteig gut und luftig. Die rutschfesten F\u00fc\u00dfe sorgen daf\u00fcr, dass die K\u00fcchenmaschine beim Mixen fest an Ort und Stelle stehenbleibt, auch auf der h\u00f6chsten Stufe.<\/p>\n","protected":false},"excerpt":{"rendered":"<p>Mit der Leistung von 900 Watt mixt du mit der Bosch MUMS2VM00 Schwarz mehrere Zubereitungen nacheinander. So bereitest du beispielsweise schnell einen R\u00fchrteig f\u00fcr Pfannkuchen zu und knetest direkt danach den Teig f\u00fcr ein Brot. Dank Sanftanlauf fliegen Zutaten nicht umher. Das reduziert den Reinigungsaufwand. Die separaten Zubeh\u00f6rteile sind sp\u00fclmaschinenfest, weshalb du dich nicht um den Abwasch k\u00fcmmerst. Anhand der sieben Stufen stellst du die Geschwindigkeit pr\u00e4zise ein. Die 3D Planetary Mixing Technik sorgt daf\u00fcr, dass sich die Aufs\u00e4tze wie der Schneebesen und der Knethaken in drei Richtungen bewegen. Dadurch mischt die Maschine den R\u00fchrteig gut und luftig. Die rutschfesten F\u00fc\u00dfe sorgen daf\u00fcr, dass die K\u00fcchenmaschine beim Mixen fest an Ort und Stelle stehenbleibt, auch auf der h\u00f6chsten Stufe.<\/p>\n","protected":false},"featured_media":0,"comment_status":"closed","ping_status":"open","template":"","meta":{"_acf_changed":false},"brand":[250],"product_brand":[],"product_cat":[2306],"product_tag":[2307],"class_list":{"0":"post-73282","1":"product","2":"type-product","3":"status-publish","5":"brand-bosch","6":"product_cat-kchenmaschinen","7":"product_tag-keukenmixers","8":"pa_condition-new","9":"pa_coolblue-de-verzending-morgen-gratis-geliefert","10":"pa_ean-6607","11":"pa_mpn-mums2vm00","13":"first","14":"instock","15":"product-type-external"},"acf":[],"_links":{"self":[{"href":"https:\/\/onlinehardwareshop.de\/index.php\/wp-json\/wp\/v2\/product\/73282","targetHints":{"allow":["GET"]}}],"collection":[{"href":"https:\/\/onlinehardwareshop.de\/index.php\/wp-json\/wp\/v2\/product"}],"about":[{"href":"https:\/\/onlinehardwareshop.de\/index.php\/wp-json\/wp\/v2\/types\/product"}],"replies":[{"embeddable":true,"href":"https:\/\/onlinehardwareshop.de\/index.php\/wp-json\/wp\/v2\/comments?post=73282"}],"wp:attachment":[{"href":"https:\/\/onlinehardwareshop.de\/index.php\/wp-json\/wp\/v2\/media?parent=73282"}],"wp:term":[{"taxonomy":"brand","embeddable":true,"href":"https:\/\/onlinehardwareshop.de\/index.php\/wp-json\/wp\/v2\/brand?post=73282"},{"taxonomy":"product_brand","embeddable":true,"href":"https:\/\/onlinehardwareshop.de\/index.php\/wp-json\/wp\/v2\/product_brand?post=73282"},{"taxonomy":"product_cat","embeddable":true,"href":"https:\/\/onlinehardwareshop.de\/index.php\/wp-json\/wp\/v2\/product_cat?post=73282"},{"taxonomy":"product_tag","embeddable":true,"href":"https:\/\/onlinehardwareshop.de\/index.php\/wp-json\/wp\/v2\/product_tag?post=73282"}],"curies":[{"name":"wp","href":"https:\/\/api.w.org\/{rel}","templated":true}]}}