{"id":73278,"date":"2024-06-07T13:52:30","date_gmt":"2024-06-07T13:52:30","guid":{"rendered":"https:\/\/onlinehardwareshop.de\/index.php\/produkt\/miele-nature-duftflakons-3er-pack-2\/"},"modified":"2025-05-14T02:47:48","modified_gmt":"2025-05-14T02:47:48","slug":"miele-nature-duftflakons-3er-pack","status":"publish","type":"product","link":"https:\/\/onlinehardwareshop.de\/index.php\/produkt\/miele-nature-duftflakons-3er-pack\/","title":{"rendered":"Miele Nature Duftflakons 3er-Pack"},"content":{"rendered":"<p>Mit dem Miele Nature Duftflakons 3er-Pack verleihst du deiner Bettw\u00e4sche und Kleidung in bis zu 150 Trockeng\u00e4ngen einen frischen und blumigen Duft. Der Geruch von Weichsp\u00fcler verfliegt nach dem Trocknen schnell. F\u00fcr ein langanhaltendes Dufterlebnis platzierst du die Miele Duftflakons einfach im Flusensieb deines FragrenceDos Trockners. Die Duftintensit\u00e4t stellst du ganz einfach selbst ein, indem du an dem Flakon drehst.<\/p>\n","protected":false},"excerpt":{"rendered":"<p>Mit dem Miele Nature Duftflakons 3er-Pack verleihst du deiner Bettw\u00e4sche und Kleidung in bis zu 150 Trockeng\u00e4ngen einen frischen und blumigen Duft. Der Geruch von Weichsp\u00fcler verfliegt nach dem Trocknen schnell. F\u00fcr ein langanhaltendes Dufterlebnis platzierst du die Miele Duftflakons einfach im Flusensieb deines FragrenceDos Trockners. Die Duftintensit\u00e4t stellst du ganz einfach selbst ein, indem du an dem Flakon drehst.<\/p>\n","protected":false},"featured_media":0,"comment_status":"closed","ping_status":"open","template":"","meta":{"_acf_changed":false},"brand":[551],"product_brand":[],"product_cat":[6595],"product_tag":[6596],"class_list":{"0":"post-73278","1":"product","2":"type-product","3":"status-publish","5":"brand-miele","6":"product_cat-duftflakons","7":"product_tag-geurflacons","8":"pa_condition-new","9":"pa_coolblue-de-verzending-morgen-gratis-geliefert","10":"pa_ean-6597","11":"pa_mpn-6598","13":"first","14":"instock","15":"product-type-external"},"acf":[],"_links":{"self":[{"href":"https:\/\/onlinehardwareshop.de\/index.php\/wp-json\/wp\/v2\/product\/73278","targetHints":{"allow":["GET"]}}],"collection":[{"href":"https:\/\/onlinehardwareshop.de\/index.php\/wp-json\/wp\/v2\/product"}],"about":[{"href":"https:\/\/onlinehardwareshop.de\/index.php\/wp-json\/wp\/v2\/types\/product"}],"replies":[{"embeddable":true,"href":"https:\/\/onlinehardwareshop.de\/index.php\/wp-json\/wp\/v2\/comments?post=73278"}],"wp:attachment":[{"href":"https:\/\/onlinehardwareshop.de\/index.php\/wp-json\/wp\/v2\/media?parent=73278"}],"wp:term":[{"taxonomy":"brand","embeddable":true,"href":"https:\/\/onlinehardwareshop.de\/index.php\/wp-json\/wp\/v2\/brand?post=73278"},{"taxonomy":"product_brand","embeddable":true,"href":"https:\/\/onlinehardwareshop.de\/index.php\/wp-json\/wp\/v2\/product_brand?post=73278"},{"taxonomy":"product_cat","embeddable":true,"href":"https:\/\/onlinehardwareshop.de\/index.php\/wp-json\/wp\/v2\/product_cat?post=73278"},{"taxonomy":"product_tag","embeddable":true,"href":"https:\/\/onlinehardwareshop.de\/index.php\/wp-json\/wp\/v2\/product_tag?post=73278"}],"curies":[{"name":"wp","href":"https:\/\/api.w.org\/{rel}","templated":true}]}}