{"id":73277,"date":"2024-12-28T09:30:50","date_gmt":"2024-12-28T09:30:50","guid":{"rendered":"https:\/\/onlinehardwareshop.de\/index.php\/produkt\/miele-aqua-duftflakons-3er-pack-2\/"},"modified":"2025-05-14T02:47:43","modified_gmt":"2025-05-14T02:47:43","slug":"miele-aqua-duftflakons-3er-pack","status":"publish","type":"product","link":"https:\/\/onlinehardwareshop.de\/index.php\/produkt\/miele-aqua-duftflakons-3er-pack\/","title":{"rendered":"Miele Aqua Duftflakons 3er-Pack"},"content":{"rendered":"<p>Nutze einen Miele Aqua Duftflakon, um den frischen Duft deiner W\u00e4sche so lange wie m\u00f6glich zu erhalten. Platziere die Kapsel einfach im Flusensieb deines FragrenceDos Trockners und sie verspr\u00fcht einen frischen und sauberen Duft. Die Duftintensit\u00e4t bestimmst du selbst, indem du am Flakon drehst. Ein Duftflakon reicht aus, um damit deine W\u00e4sche aus 50 Trockeng\u00e4ngen lange besonders frisch zu halten. Dieses 3er-Pack reicht also f\u00fcr 150 Trockeng\u00e4nge.<\/p>\n","protected":false},"excerpt":{"rendered":"<p>Nutze einen Miele Aqua Duftflakon, um den frischen Duft deiner W\u00e4sche so lange wie m\u00f6glich zu erhalten. Platziere die Kapsel einfach im Flusensieb deines FragrenceDos Trockners und sie verspr\u00fcht einen frischen und sauberen Duft. Die Duftintensit\u00e4t bestimmst du selbst, indem du am Flakon drehst. Ein Duftflakon reicht aus, um damit deine W\u00e4sche aus 50 Trockeng\u00e4ngen lange besonders frisch zu halten. Dieses 3er-Pack reicht also f\u00fcr 150 Trockeng\u00e4nge.<\/p>\n","protected":false},"featured_media":0,"comment_status":"closed","ping_status":"open","template":"","meta":{"_acf_changed":false},"brand":[551],"product_brand":[],"product_cat":[6595],"product_tag":[6596],"class_list":{"0":"post-73277","1":"product","2":"type-product","3":"status-publish","5":"brand-miele","6":"product_cat-duftflakons","7":"product_tag-geurflacons","8":"pa_condition-new","9":"pa_coolblue-de-verzending-morgen-gratis-geliefert","10":"pa_ean-6593","11":"pa_mpn-6594","13":"first","14":"instock","15":"product-type-external"},"acf":[],"_links":{"self":[{"href":"https:\/\/onlinehardwareshop.de\/index.php\/wp-json\/wp\/v2\/product\/73277","targetHints":{"allow":["GET"]}}],"collection":[{"href":"https:\/\/onlinehardwareshop.de\/index.php\/wp-json\/wp\/v2\/product"}],"about":[{"href":"https:\/\/onlinehardwareshop.de\/index.php\/wp-json\/wp\/v2\/types\/product"}],"replies":[{"embeddable":true,"href":"https:\/\/onlinehardwareshop.de\/index.php\/wp-json\/wp\/v2\/comments?post=73277"}],"wp:attachment":[{"href":"https:\/\/onlinehardwareshop.de\/index.php\/wp-json\/wp\/v2\/media?parent=73277"}],"wp:term":[{"taxonomy":"brand","embeddable":true,"href":"https:\/\/onlinehardwareshop.de\/index.php\/wp-json\/wp\/v2\/brand?post=73277"},{"taxonomy":"product_brand","embeddable":true,"href":"https:\/\/onlinehardwareshop.de\/index.php\/wp-json\/wp\/v2\/product_brand?post=73277"},{"taxonomy":"product_cat","embeddable":true,"href":"https:\/\/onlinehardwareshop.de\/index.php\/wp-json\/wp\/v2\/product_cat?post=73277"},{"taxonomy":"product_tag","embeddable":true,"href":"https:\/\/onlinehardwareshop.de\/index.php\/wp-json\/wp\/v2\/product_tag?post=73277"}],"curies":[{"name":"wp","href":"https:\/\/api.w.org\/{rel}","templated":true}]}}