{"id":73269,"date":"2024-09-16T04:05:34","date_gmt":"2024-09-16T04:05:34","guid":{"rendered":"https:\/\/onlinehardwareshop.de\/index.php\/produkt\/logitech-z407-bluetooth-pc-lautsprecher-schwarz-2\/"},"modified":"2025-05-14T02:47:14","modified_gmt":"2025-05-14T02:47:14","slug":"logitech-z407-bluetooth-pc-lautsprecher-schwarz","status":"publish","type":"product","link":"https:\/\/onlinehardwareshop.de\/index.php\/produkt\/logitech-z407-bluetooth-pc-lautsprecher-schwarz\/","title":{"rendered":"Logitech Z407 Bluetooth PC-Lautsprecher Schwarz"},"content":{"rendered":"<p>Spiele den Sound deines Spiels oder Films auf dem Logitech Z407 Bluetooth Pc Speaker Black f\u00fcr tiefen Sound. Das liegt daran, dass das Set einen zus\u00e4tzlichen Subwoofer hat, der es tiefer klingen l\u00e4sst als Lautsprechersets ohne Subwoofer. So kommt der Subwoofer bei Musik mit tiefen B\u00e4ssen zum Einsatz. Du verbindest das Set \u00fcber USB, 3,5 Millimeter oder Bluetooth. So verbindest du das Set auch ganz einfach mit deinem Handy. Bedienen Sie die Lautsprecher auch mit der mitgelieferten Fernbedienung von der Couch aus. Dann musst du nicht aufstehen, wenn du den Sound deines Lieblingssongs aufdrehen willst.<\/p>\n","protected":false},"excerpt":{"rendered":"<p>Spiele den Sound deines Spiels oder Films auf dem Logitech Z407 Bluetooth Pc Speaker Black f\u00fcr tiefen Sound. Das liegt daran, dass das Set einen zus\u00e4tzlichen Subwoofer hat, der es tiefer klingen l\u00e4sst als Lautsprechersets ohne Subwoofer. So kommt der Subwoofer bei Musik mit tiefen B\u00e4ssen zum Einsatz. Du verbindest das Set \u00fcber USB, 3,5 Millimeter oder Bluetooth. So verbindest du das Set auch ganz einfach mit deinem Handy. Bedienen Sie die Lautsprecher auch mit der mitgelieferten Fernbedienung von der Couch aus. Dann musst du nicht aufstehen, wenn du den Sound deines Lieblingssongs aufdrehen willst.<\/p>\n","protected":false},"featured_media":0,"comment_status":"closed","ping_status":"open","template":"","meta":{"_acf_changed":false},"brand":[32],"product_brand":[],"product_cat":[47],"product_tag":[48],"class_list":{"0":"post-73269","1":"product","2":"type-product","3":"status-publish","5":"brand-logitech","6":"product_cat-pc-lautsprecher","7":"product_tag-pc-speakers","8":"pa_condition-new","9":"pa_coolblue-de-verzending-morgen-gratis-geliefert","10":"pa_ean-6574","11":"pa_mpn-980-001348","13":"first","14":"instock","15":"product-type-external"},"acf":[],"_links":{"self":[{"href":"https:\/\/onlinehardwareshop.de\/index.php\/wp-json\/wp\/v2\/product\/73269","targetHints":{"allow":["GET"]}}],"collection":[{"href":"https:\/\/onlinehardwareshop.de\/index.php\/wp-json\/wp\/v2\/product"}],"about":[{"href":"https:\/\/onlinehardwareshop.de\/index.php\/wp-json\/wp\/v2\/types\/product"}],"replies":[{"embeddable":true,"href":"https:\/\/onlinehardwareshop.de\/index.php\/wp-json\/wp\/v2\/comments?post=73269"}],"wp:attachment":[{"href":"https:\/\/onlinehardwareshop.de\/index.php\/wp-json\/wp\/v2\/media?parent=73269"}],"wp:term":[{"taxonomy":"brand","embeddable":true,"href":"https:\/\/onlinehardwareshop.de\/index.php\/wp-json\/wp\/v2\/brand?post=73269"},{"taxonomy":"product_brand","embeddable":true,"href":"https:\/\/onlinehardwareshop.de\/index.php\/wp-json\/wp\/v2\/product_brand?post=73269"},{"taxonomy":"product_cat","embeddable":true,"href":"https:\/\/onlinehardwareshop.de\/index.php\/wp-json\/wp\/v2\/product_cat?post=73269"},{"taxonomy":"product_tag","embeddable":true,"href":"https:\/\/onlinehardwareshop.de\/index.php\/wp-json\/wp\/v2\/product_tag?post=73269"}],"curies":[{"name":"wp","href":"https:\/\/api.w.org\/{rel}","templated":true}]}}