{"id":73252,"date":"2024-10-30T19:56:43","date_gmt":"2024-10-30T19:56:43","guid":{"rendered":"https:\/\/onlinehardwareshop.de\/index.php\/produkt\/sandisk-extreme-pro-portable-ssd-2tb-2\/"},"modified":"2025-05-14T02:45:50","modified_gmt":"2025-05-14T02:45:50","slug":"sandisk-extreme-pro-portable-ssd-2tb","status":"publish","type":"product","link":"https:\/\/onlinehardwareshop.de\/index.php\/produkt\/sandisk-extreme-pro-portable-ssd-2tb\/","title":{"rendered":"SanDisk Extreme Pro Portable SSD 2TB"},"content":{"rendered":"<p>Die SanDisk Extreme Pro Portable SSD ist doppelt so schnell wie ihre Vorg\u00e4ngerin. Diese SSD hat eine Lesegeschwindigkeit von bis zu 2\u00a0GB pro Sekunde, womit du einen 4K-Film in rund 30 Sekunden kopierst. Auf dem 2\u00a0TB gro\u00dfen Speicher dieser SSD speicherst du bis zu 200.000 Fotos oder 100 4K-Filme von eineinhalb Stunden L\u00e4nge ab. Au\u00dferdem speicherst du drei oder vier gro\u00dfe .MOV Videodateien ab, die du selbst gefilmt hast, zum Beispiel f\u00fcr ein professionelles Unternehmensvideo. Die Extreme Portable Pro ist mit einem Kennwortschutz und einer Hardware-Verschl\u00fcsselung ausger\u00fcstet. Dieser zus\u00e4tzliche Schutz wird durch einen getrennten Teil auf der SSD gesteuert, sodass deine Dateien doppelt gesch\u00fctzt sind. Diese SanDisk SSD ist dar\u00fcber hinaus sto\u00df-, wasserfest und staubbest\u00e4ndig und ist deshalb unempfindlich. Zudem erh\u00e4ltst du f\u00fcnf Jahre Garantie auf diese SSD. Bist du oft unterwegs? Dann h\u00e4nge die SSD mit dem Tragering an deine Tasche oder deinen G\u00fcrtel.<\/p>\n","protected":false},"excerpt":{"rendered":"<p>Die SanDisk Extreme Pro Portable SSD ist doppelt so schnell wie ihre Vorg\u00e4ngerin. Diese SSD hat eine Lesegeschwindigkeit von bis zu 2\u00a0GB pro Sekunde, womit du einen 4K-Film in rund 30 Sekunden kopierst. Auf dem 2\u00a0TB gro\u00dfen Speicher dieser SSD speicherst du bis zu 200.000 Fotos oder 100 4K-Filme von eineinhalb Stunden L\u00e4nge ab. Au\u00dferdem speicherst du drei oder vier gro\u00dfe .MOV Videodateien ab, die du selbst gefilmt hast, zum Beispiel f\u00fcr ein professionelles Unternehmensvideo. Die Extreme Portable Pro ist mit einem Kennwortschutz und einer Hardware-Verschl\u00fcsselung ausger\u00fcstet. Dieser zus\u00e4tzliche Schutz wird durch einen getrennten Teil auf der SSD gesteuert, sodass deine Dateien doppelt gesch\u00fctzt sind. Diese SanDisk SSD ist dar\u00fcber hinaus sto\u00df-, wasserfest und staubbest\u00e4ndig und ist deshalb unempfindlich. Zudem erh\u00e4ltst du f\u00fcnf Jahre Garantie auf diese SSD. Bist du oft unterwegs? Dann h\u00e4nge die SSD mit dem Tragering an deine Tasche oder deinen G\u00fcrtel.<\/p>\n","protected":false},"featured_media":0,"comment_status":"closed","ping_status":"open","template":"","meta":{"_acf_changed":false},"brand":[991],"product_brand":[],"product_cat":[4819],"product_tag":[4820],"class_list":{"0":"post-73252","1":"product","2":"type-product","3":"status-publish","5":"brand-sandisk","6":"product_cat-externe-ssds","7":"product_tag-harde-schijven-extern-ssd","8":"pa_condition-new","9":"pa_coolblue-de-verzending-morgen-gratis-geliefert","10":"pa_ean-6528","11":"pa_mpn-sdssde81-2t00-g25","13":"first","14":"instock","15":"product-type-external"},"acf":[],"_links":{"self":[{"href":"https:\/\/onlinehardwareshop.de\/index.php\/wp-json\/wp\/v2\/product\/73252","targetHints":{"allow":["GET"]}}],"collection":[{"href":"https:\/\/onlinehardwareshop.de\/index.php\/wp-json\/wp\/v2\/product"}],"about":[{"href":"https:\/\/onlinehardwareshop.de\/index.php\/wp-json\/wp\/v2\/types\/product"}],"replies":[{"embeddable":true,"href":"https:\/\/onlinehardwareshop.de\/index.php\/wp-json\/wp\/v2\/comments?post=73252"}],"wp:attachment":[{"href":"https:\/\/onlinehardwareshop.de\/index.php\/wp-json\/wp\/v2\/media?parent=73252"}],"wp:term":[{"taxonomy":"brand","embeddable":true,"href":"https:\/\/onlinehardwareshop.de\/index.php\/wp-json\/wp\/v2\/brand?post=73252"},{"taxonomy":"product_brand","embeddable":true,"href":"https:\/\/onlinehardwareshop.de\/index.php\/wp-json\/wp\/v2\/product_brand?post=73252"},{"taxonomy":"product_cat","embeddable":true,"href":"https:\/\/onlinehardwareshop.de\/index.php\/wp-json\/wp\/v2\/product_cat?post=73252"},{"taxonomy":"product_tag","embeddable":true,"href":"https:\/\/onlinehardwareshop.de\/index.php\/wp-json\/wp\/v2\/product_tag?post=73252"}],"curies":[{"name":"wp","href":"https:\/\/api.w.org\/{rel}","templated":true}]}}