{"id":73224,"date":"2024-01-26T09:56:31","date_gmt":"2024-01-26T09:56:31","guid":{"rendered":"https:\/\/onlinehardwareshop.de\/index.php\/produkt\/pioneer-dj-hdj-cue1-2\/"},"modified":"2025-05-14T02:43:38","modified_gmt":"2025-05-14T02:43:38","slug":"pioneer-dj-hdj-cue1","status":"publish","type":"product","link":"https:\/\/onlinehardwareshop.de\/index.php\/produkt\/pioneer-dj-hdj-cue1\/","title":{"rendered":"Pioneer DJ HDJ-CUE1"},"content":{"rendered":"<p>Der Pioneer DJ HDJ-CUE1 ist perfekt f\u00fcr beginnende DJss. Durch den breiten Frequenzbereich von 5 bis 30.000\u00a0Hertz kannst du hohe und tiefe T\u00f6ne gut h\u00f6ren. Das ist wichtig, um beim Auflegen die richtigen Entscheidungen treffen zu k\u00f6nnen. Durch die dreh- und neigbaren Ohrmuscheln kannst du die Musik, die du abspielst, auf verschiedene Arten h\u00f6ren. Trage den Kopfh\u00f6rer auf dem Kopf, um den Hals oder h\u00f6re mit einem Ohr zu und kreiere deinen eigenen Stil als DJ. Dank des mitgelieferten Spiralkabels hast du Bewegungsfreiheit beim Auflegen.<\/p>\n","protected":false},"excerpt":{"rendered":"<p>Der Pioneer DJ HDJ-CUE1 ist perfekt f\u00fcr beginnende DJss. Durch den breiten Frequenzbereich von 5 bis 30.000\u00a0Hertz kannst du hohe und tiefe T\u00f6ne gut h\u00f6ren. Das ist wichtig, um beim Auflegen die richtigen Entscheidungen treffen zu k\u00f6nnen. Durch die dreh- und neigbaren Ohrmuscheln kannst du die Musik, die du abspielst, auf verschiedene Arten h\u00f6ren. Trage den Kopfh\u00f6rer auf dem Kopf, um den Hals oder h\u00f6re mit einem Ohr zu und kreiere deinen eigenen Stil als DJ. Dank des mitgelieferten Spiralkabels hast du Bewegungsfreiheit beim Auflegen.<\/p>\n","protected":false},"featured_media":0,"comment_status":"closed","ping_status":"open","template":"","meta":{"_acf_changed":false},"brand":[1321],"product_brand":[],"product_cat":[1182],"product_tag":[1183],"class_list":{"0":"post-73224","1":"product","2":"type-product","3":"status-publish","5":"brand-pioneer","6":"product_cat-kopfhrer","7":"product_tag-hoofdtelefoons-zonder-noisecancelling","8":"pa_condition-new","9":"pa_coolblue-de-verzending-morgen-gratis-geliefert","10":"pa_ean-28750","11":"pa_mpn-hdj-cue1","13":"first","14":"instock","15":"product-type-external"},"acf":[],"_links":{"self":[{"href":"https:\/\/onlinehardwareshop.de\/index.php\/wp-json\/wp\/v2\/product\/73224","targetHints":{"allow":["GET"]}}],"collection":[{"href":"https:\/\/onlinehardwareshop.de\/index.php\/wp-json\/wp\/v2\/product"}],"about":[{"href":"https:\/\/onlinehardwareshop.de\/index.php\/wp-json\/wp\/v2\/types\/product"}],"replies":[{"embeddable":true,"href":"https:\/\/onlinehardwareshop.de\/index.php\/wp-json\/wp\/v2\/comments?post=73224"}],"wp:attachment":[{"href":"https:\/\/onlinehardwareshop.de\/index.php\/wp-json\/wp\/v2\/media?parent=73224"}],"wp:term":[{"taxonomy":"brand","embeddable":true,"href":"https:\/\/onlinehardwareshop.de\/index.php\/wp-json\/wp\/v2\/brand?post=73224"},{"taxonomy":"product_brand","embeddable":true,"href":"https:\/\/onlinehardwareshop.de\/index.php\/wp-json\/wp\/v2\/product_brand?post=73224"},{"taxonomy":"product_cat","embeddable":true,"href":"https:\/\/onlinehardwareshop.de\/index.php\/wp-json\/wp\/v2\/product_cat?post=73224"},{"taxonomy":"product_tag","embeddable":true,"href":"https:\/\/onlinehardwareshop.de\/index.php\/wp-json\/wp\/v2\/product_tag?post=73224"}],"curies":[{"name":"wp","href":"https:\/\/api.w.org\/{rel}","templated":true}]}}