{"id":73213,"date":"2025-04-06T03:19:45","date_gmt":"2025-04-06T03:19:45","guid":{"rendered":"https:\/\/onlinehardwareshop.de\/index.php\/produkt\/seagate-storage-expansion-card-for-xbox-series-xs-1tb-2\/"},"modified":"2025-05-14T02:42:37","modified_gmt":"2025-05-14T02:42:37","slug":"seagate-storage-expansion-card-for-xbox-series-xs-1tb","status":"publish","type":"product","link":"https:\/\/onlinehardwareshop.de\/index.php\/produkt\/seagate-storage-expansion-card-for-xbox-series-xs-1tb\/","title":{"rendered":"Seagate Storage Expansion Card for Xbox Series XS 1&#xA0;TB"},"content":{"rendered":"<p>Schlie\u00dfe diese 1 Terabyte Seagate Expansion Card for Xbox Series XS an deine Konsole an und speichere bis zu 20 Games \u00e0 50 Gigabyte, wie FIFA 21. Dieses Erweiterungsset f\u00fcgt sich vorz\u00fcglich in die Xbox Velocity Architecture ein. Dadurch laden deine Games schneller, deine Graphics bleiben scharf und du gamst fl\u00fcssig. Mit Quick Resume wechselst du direkt zwischen Games auf der Expansion Card und setzt sie dort fort, wo du aufgeh\u00f6rt hast. Neben deinen neuen Xbox Series XS Games ist es m\u00f6glich, deine alten Xbox, Xbox 360 und Xbox One Games auf dieser externen SSD zu speichern.<\/p>\n","protected":false},"excerpt":{"rendered":"<p>Schlie\u00dfe diese 1 Terabyte Seagate Expansion Card for Xbox Series XS an deine Konsole an und speichere bis zu 20 Games \u00e0 50 Gigabyte, wie FIFA 21. Dieses Erweiterungsset f\u00fcgt sich vorz\u00fcglich in die Xbox Velocity Architecture ein. Dadurch laden deine Games schneller, deine Graphics bleiben scharf und du gamst fl\u00fcssig. Mit Quick Resume wechselst du direkt zwischen Games auf der Expansion Card und setzt sie dort fort, wo du aufgeh\u00f6rt hast. Neben deinen neuen Xbox Series XS Games ist es m\u00f6glich, deine alten Xbox, Xbox 360 und Xbox One Games auf dieser externen SSD zu speichern.<\/p>\n","protected":false},"featured_media":0,"comment_status":"closed","ping_status":"open","template":"","meta":{"_acf_changed":false},"brand":[2546],"product_brand":[],"product_cat":[4819],"product_tag":[4820],"class_list":{"0":"post-73213","1":"product","2":"type-product","3":"status-publish","5":"brand-seagate","6":"product_cat-externe-ssds","7":"product_tag-harde-schijven-extern-ssd","8":"pa_condition-new","9":"pa_coolblue-de-verzending-morgen-gratis-geliefert","10":"pa_ean-6446","11":"pa_mpn-stjr1000400","13":"first","14":"instock","15":"product-type-external"},"acf":[],"_links":{"self":[{"href":"https:\/\/onlinehardwareshop.de\/index.php\/wp-json\/wp\/v2\/product\/73213","targetHints":{"allow":["GET"]}}],"collection":[{"href":"https:\/\/onlinehardwareshop.de\/index.php\/wp-json\/wp\/v2\/product"}],"about":[{"href":"https:\/\/onlinehardwareshop.de\/index.php\/wp-json\/wp\/v2\/types\/product"}],"replies":[{"embeddable":true,"href":"https:\/\/onlinehardwareshop.de\/index.php\/wp-json\/wp\/v2\/comments?post=73213"}],"wp:attachment":[{"href":"https:\/\/onlinehardwareshop.de\/index.php\/wp-json\/wp\/v2\/media?parent=73213"}],"wp:term":[{"taxonomy":"brand","embeddable":true,"href":"https:\/\/onlinehardwareshop.de\/index.php\/wp-json\/wp\/v2\/brand?post=73213"},{"taxonomy":"product_brand","embeddable":true,"href":"https:\/\/onlinehardwareshop.de\/index.php\/wp-json\/wp\/v2\/product_brand?post=73213"},{"taxonomy":"product_cat","embeddable":true,"href":"https:\/\/onlinehardwareshop.de\/index.php\/wp-json\/wp\/v2\/product_cat?post=73213"},{"taxonomy":"product_tag","embeddable":true,"href":"https:\/\/onlinehardwareshop.de\/index.php\/wp-json\/wp\/v2\/product_tag?post=73213"}],"curies":[{"name":"wp","href":"https:\/\/api.w.org\/{rel}","templated":true}]}}