{"id":73211,"date":"2024-11-28T11:55:46","date_gmt":"2024-11-28T11:55:46","guid":{"rendered":"https:\/\/onlinehardwareshop.de\/index.php\/produkt\/jabra-speak-750-ms-teams-2\/"},"modified":"2025-05-14T02:42:28","modified_gmt":"2025-05-14T02:42:28","slug":"jabra-speak-750-ms-teams","status":"publish","type":"product","link":"https:\/\/onlinehardwareshop.de\/index.php\/produkt\/jabra-speak-750-ms-teams\/","title":{"rendered":"Jabra Speak 750 MS Teams"},"content":{"rendered":"<p>Die Jabra Speak 750 MS Teams ist eine Freisprecheinrichtung, die du verwendest, um mit deinen Kollegen oder Microsoft Teams oder Skype for Business zu tagen. Schlie\u00dfe die Jabra Speak einfach \u00fcber USB oder Bluetooth an dein Notebook, Smartphone oder Tablet an. Die Jabra ist Plug-and-Play, du musst also weder Treiber noch andere Programme installieren. Dank der 360\u00b0-Abdeckung des Mikrofons stellst du die Freisprecheinrichtung nach Belieben auf. Das Mikrofon erfasst nur deine Stimme und unterdr\u00fcckt st\u00f6rende Umgebungsger\u00e4usche. Du verwendest diese Freisprecheinrichtung auch unterwegs. Dank des kompakten Designs und der mitgelieferten H\u00fclle nimmst du sie einfach \u00fcberallhin mit. \u00dcberdies hat die Jabra einen Akku mit einer Gespr\u00e4chsdauer von bis zu 15 Stunden.<\/p>\n","protected":false},"excerpt":{"rendered":"<p>Die Jabra Speak 750 MS Teams ist eine Freisprecheinrichtung, die du verwendest, um mit deinen Kollegen oder Microsoft Teams oder Skype for Business zu tagen. Schlie\u00dfe die Jabra Speak einfach \u00fcber USB oder Bluetooth an dein Notebook, Smartphone oder Tablet an. Die Jabra ist Plug-and-Play, du musst also weder Treiber noch andere Programme installieren. Dank der 360\u00b0-Abdeckung des Mikrofons stellst du die Freisprecheinrichtung nach Belieben auf. Das Mikrofon erfasst nur deine Stimme und unterdr\u00fcckt st\u00f6rende Umgebungsger\u00e4usche. Du verwendest diese Freisprecheinrichtung auch unterwegs. Dank des kompakten Designs und der mitgelieferten H\u00fclle nimmst du sie einfach \u00fcberallhin mit. \u00dcberdies hat die Jabra einen Akku mit einer Gespr\u00e4chsdauer von bis zu 15 Stunden.<\/p>\n","protected":false},"featured_media":0,"comment_status":"closed","ping_status":"open","template":"","meta":{"_acf_changed":false},"brand":[815],"product_brand":[],"product_cat":[816],"product_tag":[817],"class_list":{"0":"post-73211","1":"product","2":"type-product","3":"status-publish","5":"brand-jabra","6":"product_cat-konferenzmikrofone","7":"product_tag-vergadermicrofoons","8":"pa_condition-new","9":"pa_coolblue-de-verzending-morgen-gratis-geliefert","10":"pa_ean-6444","11":"pa_mpn-7700-309","13":"first","14":"instock","15":"product-type-external"},"acf":[],"_links":{"self":[{"href":"https:\/\/onlinehardwareshop.de\/index.php\/wp-json\/wp\/v2\/product\/73211","targetHints":{"allow":["GET"]}}],"collection":[{"href":"https:\/\/onlinehardwareshop.de\/index.php\/wp-json\/wp\/v2\/product"}],"about":[{"href":"https:\/\/onlinehardwareshop.de\/index.php\/wp-json\/wp\/v2\/types\/product"}],"replies":[{"embeddable":true,"href":"https:\/\/onlinehardwareshop.de\/index.php\/wp-json\/wp\/v2\/comments?post=73211"}],"wp:attachment":[{"href":"https:\/\/onlinehardwareshop.de\/index.php\/wp-json\/wp\/v2\/media?parent=73211"}],"wp:term":[{"taxonomy":"brand","embeddable":true,"href":"https:\/\/onlinehardwareshop.de\/index.php\/wp-json\/wp\/v2\/brand?post=73211"},{"taxonomy":"product_brand","embeddable":true,"href":"https:\/\/onlinehardwareshop.de\/index.php\/wp-json\/wp\/v2\/product_brand?post=73211"},{"taxonomy":"product_cat","embeddable":true,"href":"https:\/\/onlinehardwareshop.de\/index.php\/wp-json\/wp\/v2\/product_cat?post=73211"},{"taxonomy":"product_tag","embeddable":true,"href":"https:\/\/onlinehardwareshop.de\/index.php\/wp-json\/wp\/v2\/product_tag?post=73211"}],"curies":[{"name":"wp","href":"https:\/\/api.w.org\/{rel}","templated":true}]}}