{"id":73184,"date":"2024-10-12T00:17:32","date_gmt":"2024-10-12T00:17:32","guid":{"rendered":"https:\/\/onlinehardwareshop.de\/index.php\/produkt\/yamaha-rx-v4a\/"},"modified":"2025-05-14T02:39:38","modified_gmt":"2025-05-14T02:39:38","slug":"yamaha-rx-v4a","status":"publish","type":"product","link":"https:\/\/onlinehardwareshop.de\/index.php\/produkt\/yamaha-rx-v4a\/","title":{"rendered":"Yamaha RX-V4A"},"content":{"rendered":"<p>Mit dem Yamaha RX-V4A genie\u00dft du es noch mehr, wenn du spielst und Filme guckst. Der Receiver verf\u00fcgt \u00fcber Variable Refresh Rate, weswegen weniger Verz\u00f6gerungen zwischen deiner Konsole und dem Fernseher auftreten. So bist du deinen Gegnern in einem Shooter immer einen Schritt voraus. Du integrierst den 5.1-Kanal-Receiver kabellos mit dem Yamaha-MusicCast-System. Au\u00dferdem kannst du den Receiver mit der mitgelieferten Fernbedienung entweder kabellos oder \u00fcber das WLAN mit deinem Smartphone oder Tablet koppeln. Dank des mitgelieferten Messmikrofons passt du den Sound an die Akustik im Raum an. Verwende einen der vier HDMI-Anschl\u00fcsse, um deinen Fernseher und andere Ger\u00e4te anzuschlie\u00dfen.<\/p>\n","protected":false},"excerpt":{"rendered":"<p>Mit dem Yamaha RX-V4A genie\u00dft du es noch mehr, wenn du spielst und Filme guckst. Der Receiver verf\u00fcgt \u00fcber Variable Refresh Rate, weswegen weniger Verz\u00f6gerungen zwischen deiner Konsole und dem Fernseher auftreten. So bist du deinen Gegnern in einem Shooter immer einen Schritt voraus. Du integrierst den 5.1-Kanal-Receiver kabellos mit dem Yamaha-MusicCast-System. Au\u00dferdem kannst du den Receiver mit der mitgelieferten Fernbedienung entweder kabellos oder \u00fcber das WLAN mit deinem Smartphone oder Tablet koppeln. Dank des mitgelieferten Messmikrofons passt du den Sound an die Akustik im Raum an. Verwende einen der vier HDMI-Anschl\u00fcsse, um deinen Fernseher und andere Ger\u00e4te anzuschlie\u00dfen.<\/p>\n","protected":false},"featured_media":0,"comment_status":"closed","ping_status":"open","template":"","meta":{"_acf_changed":false},"brand":[2259],"product_brand":[],"product_cat":[2260],"product_tag":[2261],"class_list":{"0":"post-73184","1":"product","2":"type-product","3":"status-publish","5":"brand-yamaha","6":"product_cat-receiver","7":"product_tag-receivers-av","8":"pa_condition-new","9":"pa_coolblue-de-verzending-morgen-gratis-geliefert","10":"pa_ean-6362","11":"pa_mpn-arxv4abl","13":"first","14":"instock","15":"product-type-external"},"acf":[],"_links":{"self":[{"href":"https:\/\/onlinehardwareshop.de\/index.php\/wp-json\/wp\/v2\/product\/73184","targetHints":{"allow":["GET"]}}],"collection":[{"href":"https:\/\/onlinehardwareshop.de\/index.php\/wp-json\/wp\/v2\/product"}],"about":[{"href":"https:\/\/onlinehardwareshop.de\/index.php\/wp-json\/wp\/v2\/types\/product"}],"replies":[{"embeddable":true,"href":"https:\/\/onlinehardwareshop.de\/index.php\/wp-json\/wp\/v2\/comments?post=73184"}],"wp:attachment":[{"href":"https:\/\/onlinehardwareshop.de\/index.php\/wp-json\/wp\/v2\/media?parent=73184"}],"wp:term":[{"taxonomy":"brand","embeddable":true,"href":"https:\/\/onlinehardwareshop.de\/index.php\/wp-json\/wp\/v2\/brand?post=73184"},{"taxonomy":"product_brand","embeddable":true,"href":"https:\/\/onlinehardwareshop.de\/index.php\/wp-json\/wp\/v2\/product_brand?post=73184"},{"taxonomy":"product_cat","embeddable":true,"href":"https:\/\/onlinehardwareshop.de\/index.php\/wp-json\/wp\/v2\/product_cat?post=73184"},{"taxonomy":"product_tag","embeddable":true,"href":"https:\/\/onlinehardwareshop.de\/index.php\/wp-json\/wp\/v2\/product_tag?post=73184"}],"curies":[{"name":"wp","href":"https:\/\/api.w.org\/{rel}","templated":true}]}}