{"id":73176,"date":"2024-11-08T08:26:08","date_gmt":"2024-11-08T08:26:08","guid":{"rendered":"https:\/\/onlinehardwareshop.de\/index.php\/produkt\/gopro-media-mod-gopro-hero-12-11-und-10-2\/"},"modified":"2025-05-14T02:39:14","modified_gmt":"2025-05-14T02:39:14","slug":"gopro-media-mod-gopro-hero-12-11-und-10","status":"publish","type":"product","link":"https:\/\/onlinehardwareshop.de\/index.php\/produkt\/gopro-media-mod-gopro-hero-12-11-und-10\/","title":{"rendered":"GoPro Media Mod (GoPro HERO 12, 11 und 10)"},"content":{"rendered":"<p>Der GoPro Media Mod (GoPro HERO 12, 11 und 10 Black) ist ein Geh\u00e4use f\u00fcr die GoPro HERO 12, 11 bzw. 10 mit integriertem Mikrofon. Hiermit wertest du die Tonqualit\u00e4t deiner Filme auf. Wahlweise kannst du auch ein eigenes externes Mikrofon \u00fcber den 3,5-mm-Klinkenanschluss anschlie\u00dfen. Oben und an der Seite des Geh\u00e4uses befinden sich zwei Zubeh\u00f6rschuhadapter zum Anschluss von zus\u00e4tzlichem Zubeh\u00f6r, wie einem zweiten Display oder einer Leuchte. Mit diesen umfangreichen M\u00f6glichkeiten verleihst du deinen Filmen eine professionelle Ausstrahlung. Dank des HDMI-Ports kannst du dir Fotos und Filme zudem auf einem gro\u00dfen Bildschirm ansehen. Dar\u00fcber kann man den Media Mod am Computerbildschirm oder am Fernseher anschlie\u00dfen.<\/p>\n","protected":false},"excerpt":{"rendered":"<p>Der GoPro Media Mod (GoPro HERO 12, 11 und 10 Black) ist ein Geh\u00e4use f\u00fcr die GoPro HERO 12, 11 bzw. 10 mit integriertem Mikrofon. Hiermit wertest du die Tonqualit\u00e4t deiner Filme auf. Wahlweise kannst du auch ein eigenes externes Mikrofon \u00fcber den 3,5-mm-Klinkenanschluss anschlie\u00dfen. Oben und an der Seite des Geh\u00e4uses befinden sich zwei Zubeh\u00f6rschuhadapter zum Anschluss von zus\u00e4tzlichem Zubeh\u00f6r, wie einem zweiten Display oder einer Leuchte. Mit diesen umfangreichen M\u00f6glichkeiten verleihst du deinen Filmen eine professionelle Ausstrahlung. Dank des HDMI-Ports kannst du dir Fotos und Filme zudem auf einem gro\u00dfen Bildschirm ansehen. Dar\u00fcber kann man den Media Mod am Computerbildschirm oder am Fernseher anschlie\u00dfen.<\/p>\n","protected":false},"featured_media":0,"comment_status":"closed","ping_status":"open","template":"","meta":{"_acf_changed":false},"brand":[591],"product_brand":[],"product_cat":[1570],"product_tag":[1571],"class_list":{"0":"post-73176","1":"product","2":"type-product","3":"status-publish","5":"brand-gopro","6":"product_cat-kameramikrofone","7":"product_tag-cameramicrofoons","8":"pa_condition-new","9":"pa_coolblue-de-verzending-morgen-gratis-geliefert","10":"pa_ean-6346","11":"pa_mpn-adfmd-001","13":"first","14":"instock","15":"product-type-external"},"acf":[],"_links":{"self":[{"href":"https:\/\/onlinehardwareshop.de\/index.php\/wp-json\/wp\/v2\/product\/73176","targetHints":{"allow":["GET"]}}],"collection":[{"href":"https:\/\/onlinehardwareshop.de\/index.php\/wp-json\/wp\/v2\/product"}],"about":[{"href":"https:\/\/onlinehardwareshop.de\/index.php\/wp-json\/wp\/v2\/types\/product"}],"replies":[{"embeddable":true,"href":"https:\/\/onlinehardwareshop.de\/index.php\/wp-json\/wp\/v2\/comments?post=73176"}],"wp:attachment":[{"href":"https:\/\/onlinehardwareshop.de\/index.php\/wp-json\/wp\/v2\/media?parent=73176"}],"wp:term":[{"taxonomy":"brand","embeddable":true,"href":"https:\/\/onlinehardwareshop.de\/index.php\/wp-json\/wp\/v2\/brand?post=73176"},{"taxonomy":"product_brand","embeddable":true,"href":"https:\/\/onlinehardwareshop.de\/index.php\/wp-json\/wp\/v2\/product_brand?post=73176"},{"taxonomy":"product_cat","embeddable":true,"href":"https:\/\/onlinehardwareshop.de\/index.php\/wp-json\/wp\/v2\/product_cat?post=73176"},{"taxonomy":"product_tag","embeddable":true,"href":"https:\/\/onlinehardwareshop.de\/index.php\/wp-json\/wp\/v2\/product_tag?post=73176"}],"curies":[{"name":"wp","href":"https:\/\/api.w.org\/{rel}","templated":true}]}}