{"id":73155,"date":"2024-04-25T10:39:20","date_gmt":"2024-04-25T10:39:20","guid":{"rendered":"https:\/\/onlinehardwareshop.de\/index.php\/produkt\/gigaset-e720hx-erweiterung-2\/"},"modified":"2025-05-14T02:37:17","modified_gmt":"2025-05-14T02:37:17","slug":"gigaset-e720hx-erweiterung","status":"publish","type":"product","link":"https:\/\/onlinehardwareshop.de\/index.php\/produkt\/gigaset-e720hx-erweiterung\/","title":{"rendered":"Gigaset E720HX Erweiterung"},"content":{"rendered":"<p>Mit der Gigaset E720HX-Erweiterung kannst du die Anzahl der Mobilteile an der Basisstation deines Gigaset E720 oder E720A erweitern. Dieses Netzwerk kannst du auf maximal sechs Mobilteile erweitern, sodass du im ganzen Haus erreichbar bist. Dieses separate Mobilteil ist auch f\u00fcr Menschen mit Seh- und H\u00f6rschwierigkeiten geeignet. Auf diese Weise wirst du nicht durch St\u00f6rger\u00e4usche gest\u00f6rt, wenn du das Telefon in Kombination mit einem H\u00f6rger\u00e4t verwendest. Die gro\u00dfen Tasten und der laute Klingelton machen dieses Mobilteil auch f\u00fcr Senioren benutzerfreundlich. Das Telefon hat gesprochene Anrufer-ID. Auf diese Weise liest dir das Ger\u00e4t vor, wer dich anruft. Nat\u00fcrlich kannst du das auch auf dem Display ablesen, das gr\u00fcn leuchtet, wenn jemand, den du kennst, anruft. So siehst du auf einen Blick, ob du dem Anrufer vertrauen kannst. Dar\u00fcber hinaus bietet diese Erweiterung Kurzwahltasten und eine Notruftaste. Im Notfall hast du mit einem Knopfdruck jemanden am Telefon.<\/p>\n","protected":false},"excerpt":{"rendered":"<p>Mit der Gigaset E720HX-Erweiterung kannst du die Anzahl der Mobilteile an der Basisstation deines Gigaset E720 oder E720A erweitern. Dieses Netzwerk kannst du auf maximal sechs Mobilteile erweitern, sodass du im ganzen Haus erreichbar bist. Dieses separate Mobilteil ist auch f\u00fcr Menschen mit Seh- und H\u00f6rschwierigkeiten geeignet. Auf diese Weise wirst du nicht durch St\u00f6rger\u00e4usche gest\u00f6rt, wenn du das Telefon in Kombination mit einem H\u00f6rger\u00e4t verwendest. Die gro\u00dfen Tasten und der laute Klingelton machen dieses Mobilteil auch f\u00fcr Senioren benutzerfreundlich. Das Telefon hat gesprochene Anrufer-ID. Auf diese Weise liest dir das Ger\u00e4t vor, wer dich anruft. Nat\u00fcrlich kannst du das auch auf dem Display ablesen, das gr\u00fcn leuchtet, wenn jemand, den du kennst, anruft. So siehst du auf einen Blick, ob du dem Anrufer vertrauen kannst. Dar\u00fcber hinaus bietet diese Erweiterung Kurzwahltasten und eine Notruftaste. Im Notfall hast du mit einem Knopfdruck jemanden am Telefon.<\/p>\n","protected":false},"featured_media":0,"comment_status":"closed","ping_status":"open","template":"","meta":{"_acf_changed":false},"brand":[4160],"product_brand":[],"product_cat":[5011],"product_tag":[5012],"class_list":{"0":"post-73155","1":"product","2":"type-product","3":"status-publish","5":"brand-gigaset","6":"product_cat-mobilteile-fr-festnetztelefon","7":"product_tag-vaste-telefoon-handsets","8":"pa_condition-new","9":"pa_coolblue-de-verzending-morgen-gratis-geliefert","10":"pa_ean-6307","11":"pa_mpn-gignl-e720nm-hx-blk","13":"first","14":"instock","15":"product-type-external"},"acf":[],"_links":{"self":[{"href":"https:\/\/onlinehardwareshop.de\/index.php\/wp-json\/wp\/v2\/product\/73155","targetHints":{"allow":["GET"]}}],"collection":[{"href":"https:\/\/onlinehardwareshop.de\/index.php\/wp-json\/wp\/v2\/product"}],"about":[{"href":"https:\/\/onlinehardwareshop.de\/index.php\/wp-json\/wp\/v2\/types\/product"}],"replies":[{"embeddable":true,"href":"https:\/\/onlinehardwareshop.de\/index.php\/wp-json\/wp\/v2\/comments?post=73155"}],"wp:attachment":[{"href":"https:\/\/onlinehardwareshop.de\/index.php\/wp-json\/wp\/v2\/media?parent=73155"}],"wp:term":[{"taxonomy":"brand","embeddable":true,"href":"https:\/\/onlinehardwareshop.de\/index.php\/wp-json\/wp\/v2\/brand?post=73155"},{"taxonomy":"product_brand","embeddable":true,"href":"https:\/\/onlinehardwareshop.de\/index.php\/wp-json\/wp\/v2\/product_brand?post=73155"},{"taxonomy":"product_cat","embeddable":true,"href":"https:\/\/onlinehardwareshop.de\/index.php\/wp-json\/wp\/v2\/product_cat?post=73155"},{"taxonomy":"product_tag","embeddable":true,"href":"https:\/\/onlinehardwareshop.de\/index.php\/wp-json\/wp\/v2\/product_tag?post=73155"}],"curies":[{"name":"wp","href":"https:\/\/api.w.org\/{rel}","templated":true}]}}