{"id":73143,"date":"2024-01-15T18:43:34","date_gmt":"2024-01-15T18:43:34","guid":{"rendered":"https:\/\/onlinehardwareshop.de\/index.php\/produkt\/tefal-optigrill-elite-xl-gc760d-2\/"},"modified":"2025-05-14T02:36:20","modified_gmt":"2025-05-14T02:36:20","slug":"tefal-optigrill-elite-xl-gc760d","status":"publish","type":"product","link":"https:\/\/onlinehardwareshop.de\/index.php\/produkt\/tefal-optigrill-elite-xl-gc760d\/","title":{"rendered":"Tefal OptiGrill Elite XL GC760D"},"content":{"rendered":"<p>Der Tefal OptiGrill Elite XL GC760D begleitet dich dank des integrierten Grill-Assistenten Schritt f\u00fcr Schritt beim Grillen. Er passt basierend auf der Fleischart automatisch die Zubereitungszeit und -temperatur an. Auf dem kleinen Display wird angezeigt, ob das St\u00fcck Fleisch rare, medium rare oder well done ist. Du grillst dank der gro\u00dfen Grillfl\u00e4che f\u00fcr sechs bis acht Personen. Der OptiGrill hat 16 automatische Garprogramme, wobei sechs davon vegetarisch sind. Dank der Boostfunktion erh\u00e4lt dein Fleisch sch\u00f6ne Grillstreifen. Nach der Zubereitung gibst du die Einzelteile in die Sp\u00fclmaschine. Hol dir im mitgelieferten Kochbuch weitere Inspirationen.<\/p>\n","protected":false},"excerpt":{"rendered":"<p>Der Tefal OptiGrill Elite XL GC760D begleitet dich dank des integrierten Grill-Assistenten Schritt f\u00fcr Schritt beim Grillen. Er passt basierend auf der Fleischart automatisch die Zubereitungszeit und -temperatur an. Auf dem kleinen Display wird angezeigt, ob das St\u00fcck Fleisch rare, medium rare oder well done ist. Du grillst dank der gro\u00dfen Grillfl\u00e4che f\u00fcr sechs bis acht Personen. Der OptiGrill hat 16 automatische Garprogramme, wobei sechs davon vegetarisch sind. Dank der Boostfunktion erh\u00e4lt dein Fleisch sch\u00f6ne Grillstreifen. Nach der Zubereitung gibst du die Einzelteile in die Sp\u00fclmaschine. Hol dir im mitgelieferten Kochbuch weitere Inspirationen.<\/p>\n","protected":false},"featured_media":0,"comment_status":"closed","ping_status":"open","template":"","meta":{"_acf_changed":false},"brand":[506],"product_brand":[],"product_cat":[300],"product_tag":[301],"class_list":{"0":"post-73143","1":"product","2":"type-product","3":"status-publish","5":"brand-tefal","6":"product_cat-kontaktgrills","7":"product_tag-contactgrills","8":"pa_condition-new","9":"pa_coolblue-de-verzending-morgen-gratis-geliefert","10":"pa_ean-6279","11":"pa_mpn-gc760d12","13":"first","14":"instock","15":"product-type-external"},"acf":[],"_links":{"self":[{"href":"https:\/\/onlinehardwareshop.de\/index.php\/wp-json\/wp\/v2\/product\/73143","targetHints":{"allow":["GET"]}}],"collection":[{"href":"https:\/\/onlinehardwareshop.de\/index.php\/wp-json\/wp\/v2\/product"}],"about":[{"href":"https:\/\/onlinehardwareshop.de\/index.php\/wp-json\/wp\/v2\/types\/product"}],"replies":[{"embeddable":true,"href":"https:\/\/onlinehardwareshop.de\/index.php\/wp-json\/wp\/v2\/comments?post=73143"}],"wp:attachment":[{"href":"https:\/\/onlinehardwareshop.de\/index.php\/wp-json\/wp\/v2\/media?parent=73143"}],"wp:term":[{"taxonomy":"brand","embeddable":true,"href":"https:\/\/onlinehardwareshop.de\/index.php\/wp-json\/wp\/v2\/brand?post=73143"},{"taxonomy":"product_brand","embeddable":true,"href":"https:\/\/onlinehardwareshop.de\/index.php\/wp-json\/wp\/v2\/product_brand?post=73143"},{"taxonomy":"product_cat","embeddable":true,"href":"https:\/\/onlinehardwareshop.de\/index.php\/wp-json\/wp\/v2\/product_cat?post=73143"},{"taxonomy":"product_tag","embeddable":true,"href":"https:\/\/onlinehardwareshop.de\/index.php\/wp-json\/wp\/v2\/product_tag?post=73143"}],"curies":[{"name":"wp","href":"https:\/\/api.w.org\/{rel}","templated":true}]}}