{"id":73128,"date":"2024-01-20T09:28:38","date_gmt":"2024-01-20T09:28:38","guid":{"rendered":"https:\/\/onlinehardwareshop.de\/index.php\/produkt\/caruba-fernbedienung-typ-2-sony-15m-2\/"},"modified":"2025-05-14T02:34:59","modified_gmt":"2025-05-14T02:34:59","slug":"caruba-fernbedienung-typ-2-sony-15m","status":"publish","type":"product","link":"https:\/\/onlinehardwareshop.de\/index.php\/produkt\/caruba-fernbedienung-typ-2-sony-15m\/","title":{"rendered":"Caruba Fernbedienung Typ 2 Sony 1,5m"},"content":{"rendered":"<p>Mit der Caruba Fernbedienung Typ 2 Sony 1,5m kannst du den Ausl\u00f6ser deiner Nikon Kamera aus einer Entfernung von 1,5m ausl\u00f6sen. Indem du den Ausl\u00f6ser nicht selbst dr\u00fcckst, vermeidest du Verwackeln. Dies ist praktisch bei Langzeitbelichtungen, Makroaufnahmen und Selbstportr\u00e4ts.   Hinweis: Diese Fernbedienung ist nur f\u00fcr die folgenden Modelle geeignet: Sony Alpha A3000, Alpha A5000, Alpha A5100, Alpha A6000, Alpha A6300, Alpha A7, Alpha A7 II, Alpha A7 R II, Alpha A7 R III, Alpha A7 R, Alpha A7 S, Alpha A7 S II, Cybershot DSC-RX10, Cybershot DSC-RX10 II, Cybershot DSC-RX10 III, Cybershot DSC-RX10 IV, NEX-3 und NEX-3N.<\/p>\n","protected":false},"excerpt":{"rendered":"<p>Mit der Caruba Fernbedienung Typ 2 Sony 1,5m kannst du den Ausl\u00f6ser deiner Nikon Kamera aus einer Entfernung von 1,5m ausl\u00f6sen. Indem du den Ausl\u00f6ser nicht selbst dr\u00fcckst, vermeidest du Verwackeln. Dies ist praktisch bei Langzeitbelichtungen, Makroaufnahmen und Selbstportr\u00e4ts.   Hinweis: Diese Fernbedienung ist nur f\u00fcr die folgenden Modelle geeignet: Sony Alpha A3000, Alpha A5000, Alpha A5100, Alpha A6000, Alpha A6300, Alpha A7, Alpha A7 II, Alpha A7 R II, Alpha A7 R III, Alpha A7 R, Alpha A7 S, Alpha A7 S II, Cybershot DSC-RX10, Cybershot DSC-RX10 II, Cybershot DSC-RX10 III, Cybershot DSC-RX10 IV, NEX-3 und NEX-3N.<\/p>\n","protected":false},"featured_media":0,"comment_status":"closed","ping_status":"open","template":"","meta":{"_acf_changed":false},"brand":[1697],"product_brand":[],"product_cat":[6247],"product_tag":[6248],"class_list":{"0":"post-73128","1":"product","2":"type-product","3":"status-publish","5":"brand-caruba","6":"product_cat-fernbedienungen-fr-kameras","7":"product_tag-afstandsbedieningen-voor-cameras","8":"pa_condition-new","9":"pa_coolblue-de-verzending-morgen-gratis-geliefert","10":"pa_ean-6245","11":"pa_mpn-d134672","13":"first","14":"instock","15":"product-type-external"},"acf":[],"_links":{"self":[{"href":"https:\/\/onlinehardwareshop.de\/index.php\/wp-json\/wp\/v2\/product\/73128","targetHints":{"allow":["GET"]}}],"collection":[{"href":"https:\/\/onlinehardwareshop.de\/index.php\/wp-json\/wp\/v2\/product"}],"about":[{"href":"https:\/\/onlinehardwareshop.de\/index.php\/wp-json\/wp\/v2\/types\/product"}],"replies":[{"embeddable":true,"href":"https:\/\/onlinehardwareshop.de\/index.php\/wp-json\/wp\/v2\/comments?post=73128"}],"wp:attachment":[{"href":"https:\/\/onlinehardwareshop.de\/index.php\/wp-json\/wp\/v2\/media?parent=73128"}],"wp:term":[{"taxonomy":"brand","embeddable":true,"href":"https:\/\/onlinehardwareshop.de\/index.php\/wp-json\/wp\/v2\/brand?post=73128"},{"taxonomy":"product_brand","embeddable":true,"href":"https:\/\/onlinehardwareshop.de\/index.php\/wp-json\/wp\/v2\/product_brand?post=73128"},{"taxonomy":"product_cat","embeddable":true,"href":"https:\/\/onlinehardwareshop.de\/index.php\/wp-json\/wp\/v2\/product_cat?post=73128"},{"taxonomy":"product_tag","embeddable":true,"href":"https:\/\/onlinehardwareshop.de\/index.php\/wp-json\/wp\/v2\/product_tag?post=73128"}],"curies":[{"name":"wp","href":"https:\/\/api.w.org\/{rel}","templated":true}]}}