{"id":73126,"date":"2024-01-18T16:34:17","date_gmt":"2024-01-18T16:34:17","guid":{"rendered":"https:\/\/onlinehardwareshop.de\/index.php\/produkt\/philips-sonicare-for-kids-connected-hx6352-42-2\/"},"modified":"2025-05-14T02:34:50","modified_gmt":"2025-05-14T02:34:50","slug":"philips-sonicare-for-kids-connected-hx6352-42","status":"publish","type":"product","link":"https:\/\/onlinehardwareshop.de\/index.php\/produkt\/philips-sonicare-for-kids-connected-hx6352-42\/","title":{"rendered":"Philips Sonicare for Kids Connected HX6352\/42"},"content":{"rendered":"<p>Mit der Philips Sonicare for Kids Connected HX6352\/42 lernt dein Kind auf spielerische Weise, sich selbst\u00e4ndig die Z\u00e4hne zu putzen. Die Zahnb\u00fcrste ist f\u00fcr Kinder ab 3 Jahren geeignet. Mit ihr macht das Z\u00e4hneputzen Spa\u00df. Die Zahnb\u00fcrste stellt \u00fcber Bluetooth eine Verbindung zu einer interaktiven App her, die auf leicht verst\u00e4ndliche Weise zeigt, was eine gute Putzroutine ist. Die App zeigt Putztechniken und belohnt dein Kind nach einer guten Leistung. Die Aufsteckb\u00fcrste hat eine Gummischutzschicht, die speziell zum Schutz junger Z\u00e4hne dient. Dank der zwei kinderfreundlichen Putzprogramme und der unterschiedlichen Gr\u00f6\u00dfen der Aufsteckb\u00fcrsten ist die Zahnb\u00fcrste sowohl f\u00fcr junge als auch f\u00fcr \u00e4ltere Kinder geeignet. Wenn du die elektrische Zahnb\u00fcrste vollst\u00e4ndig aufl\u00e4dst, hat sie genug Akkuleistung f\u00fcr zwei Wochen Z\u00e4hneputzen.  Die mitgelieferten Aufsteckb\u00fcrsten sind f\u00fcr Kinder von 3 bis 6 Jahren geeignet.<\/p>\n","protected":false},"excerpt":{"rendered":"<p>Mit der Philips Sonicare for Kids Connected HX6352\/42 lernt dein Kind auf spielerische Weise, sich selbst\u00e4ndig die Z\u00e4hne zu putzen. Die Zahnb\u00fcrste ist f\u00fcr Kinder ab 3 Jahren geeignet. Mit ihr macht das Z\u00e4hneputzen Spa\u00df. Die Zahnb\u00fcrste stellt \u00fcber Bluetooth eine Verbindung zu einer interaktiven App her, die auf leicht verst\u00e4ndliche Weise zeigt, was eine gute Putzroutine ist. Die App zeigt Putztechniken und belohnt dein Kind nach einer guten Leistung. Die Aufsteckb\u00fcrste hat eine Gummischutzschicht, die speziell zum Schutz junger Z\u00e4hne dient. Dank der zwei kinderfreundlichen Putzprogramme und der unterschiedlichen Gr\u00f6\u00dfen der Aufsteckb\u00fcrsten ist die Zahnb\u00fcrste sowohl f\u00fcr junge als auch f\u00fcr \u00e4ltere Kinder geeignet. Wenn du die elektrische Zahnb\u00fcrste vollst\u00e4ndig aufl\u00e4dst, hat sie genug Akkuleistung f\u00fcr zwei Wochen Z\u00e4hneputzen.  Die mitgelieferten Aufsteckb\u00fcrsten sind f\u00fcr Kinder von 3 bis 6 Jahren geeignet.<\/p>\n","protected":false},"featured_media":0,"comment_status":"closed","ping_status":"open","template":"","meta":{"_acf_changed":false},"brand":[1382],"product_brand":[],"product_cat":[3925],"product_tag":[6242],"class_list":{"0":"post-73126","1":"product","2":"type-product","3":"status-publish","5":"brand-philips","6":"product_cat-elektrische-zahnbrsten","7":"product_tag-elektrische-kindertandenborstels","8":"pa_condition-new","9":"pa_coolblue-de-verzending-morgen-gratis-geliefert","10":"pa_ean-6240","11":"pa_mpn-hx6352-42","13":"first","14":"instock","15":"product-type-external"},"acf":[],"_links":{"self":[{"href":"https:\/\/onlinehardwareshop.de\/index.php\/wp-json\/wp\/v2\/product\/73126","targetHints":{"allow":["GET"]}}],"collection":[{"href":"https:\/\/onlinehardwareshop.de\/index.php\/wp-json\/wp\/v2\/product"}],"about":[{"href":"https:\/\/onlinehardwareshop.de\/index.php\/wp-json\/wp\/v2\/types\/product"}],"replies":[{"embeddable":true,"href":"https:\/\/onlinehardwareshop.de\/index.php\/wp-json\/wp\/v2\/comments?post=73126"}],"wp:attachment":[{"href":"https:\/\/onlinehardwareshop.de\/index.php\/wp-json\/wp\/v2\/media?parent=73126"}],"wp:term":[{"taxonomy":"brand","embeddable":true,"href":"https:\/\/onlinehardwareshop.de\/index.php\/wp-json\/wp\/v2\/brand?post=73126"},{"taxonomy":"product_brand","embeddable":true,"href":"https:\/\/onlinehardwareshop.de\/index.php\/wp-json\/wp\/v2\/product_brand?post=73126"},{"taxonomy":"product_cat","embeddable":true,"href":"https:\/\/onlinehardwareshop.de\/index.php\/wp-json\/wp\/v2\/product_cat?post=73126"},{"taxonomy":"product_tag","embeddable":true,"href":"https:\/\/onlinehardwareshop.de\/index.php\/wp-json\/wp\/v2\/product_tag?post=73126"}],"curies":[{"name":"wp","href":"https:\/\/api.w.org\/{rel}","templated":true}]}}