{"id":73121,"date":"2025-01-30T16:38:03","date_gmt":"2025-01-30T16:38:03","guid":{"rendered":"https:\/\/onlinehardwareshop.de\/index.php\/produkt\/razer-blackshark-v2-x-2\/"},"modified":"2025-05-14T02:34:23","modified_gmt":"2025-05-14T02:34:23","slug":"razer-blackshark-v2-x","status":"publish","type":"product","link":"https:\/\/onlinehardwareshop.de\/index.php\/produkt\/razer-blackshark-v2-x\/","title":{"rendered":"Razer Blackshark V2 X"},"content":{"rendered":"<p>Mit dem Razer Blackshark V2 X Gaming-Headset sprichst du beim Gaming online mit deinen Freunden. Dieses Gaming-Headset schlie\u00dft du \u00fcber das 3,5-mm-Audiokabel an. Das Headset ist also Plug &#038; Play und l\u00e4sst sich sofort verwenden. Mit Surround Sound genie\u00dft du einen 360-Grad-Sound deines Gameplays und wei\u00dft immer genau, aus welcher Richtung sich deine Gegner n\u00e4hern. So bist du deinen Gegnern immer einen Schritt voraus. Dank des Noise Cancelling h\u00f6rst du keine Umgebungsger\u00e4usche und konzentrierst dich vollkommen auf deine Games. Au\u00dferdem kommunizierst du dank der Rauschunterdr\u00fcckung des Mikrofons online ohne Hintergrundger\u00e4usche mit deinen Freunden. So kommen deine Kommentare immer deutlich r\u00fcber.<\/p>\n","protected":false},"excerpt":{"rendered":"<p>Mit dem Razer Blackshark V2 X Gaming-Headset sprichst du beim Gaming online mit deinen Freunden. Dieses Gaming-Headset schlie\u00dft du \u00fcber das 3,5-mm-Audiokabel an. Das Headset ist also Plug &#038; Play und l\u00e4sst sich sofort verwenden. Mit Surround Sound genie\u00dft du einen 360-Grad-Sound deines Gameplays und wei\u00dft immer genau, aus welcher Richtung sich deine Gegner n\u00e4hern. So bist du deinen Gegnern immer einen Schritt voraus. Dank des Noise Cancelling h\u00f6rst du keine Umgebungsger\u00e4usche und konzentrierst dich vollkommen auf deine Games. Au\u00dferdem kommunizierst du dank der Rauschunterdr\u00fcckung des Mikrofons online ohne Hintergrundger\u00e4usche mit deinen Freunden. So kommen deine Kommentare immer deutlich r\u00fcber.<\/p>\n","protected":false},"featured_media":0,"comment_status":"closed","ping_status":"open","template":"","meta":{"_acf_changed":false},"brand":[3451],"product_brand":[],"product_cat":[3435],"product_tag":[3436],"class_list":{"0":"post-73121","1":"product","2":"type-product","3":"status-publish","5":"brand-razer","6":"product_cat-gaming-headsets","7":"product_tag-gaming-headsets","8":"pa_condition-new","9":"pa_coolblue-de-verzending-morgen-gratis-geliefert","10":"pa_ean-6230","11":"pa_mpn-rz04-03240100-r3m1","13":"first","14":"instock","15":"product-type-external"},"acf":[],"_links":{"self":[{"href":"https:\/\/onlinehardwareshop.de\/index.php\/wp-json\/wp\/v2\/product\/73121","targetHints":{"allow":["GET"]}}],"collection":[{"href":"https:\/\/onlinehardwareshop.de\/index.php\/wp-json\/wp\/v2\/product"}],"about":[{"href":"https:\/\/onlinehardwareshop.de\/index.php\/wp-json\/wp\/v2\/types\/product"}],"replies":[{"embeddable":true,"href":"https:\/\/onlinehardwareshop.de\/index.php\/wp-json\/wp\/v2\/comments?post=73121"}],"wp:attachment":[{"href":"https:\/\/onlinehardwareshop.de\/index.php\/wp-json\/wp\/v2\/media?parent=73121"}],"wp:term":[{"taxonomy":"brand","embeddable":true,"href":"https:\/\/onlinehardwareshop.de\/index.php\/wp-json\/wp\/v2\/brand?post=73121"},{"taxonomy":"product_brand","embeddable":true,"href":"https:\/\/onlinehardwareshop.de\/index.php\/wp-json\/wp\/v2\/product_brand?post=73121"},{"taxonomy":"product_cat","embeddable":true,"href":"https:\/\/onlinehardwareshop.de\/index.php\/wp-json\/wp\/v2\/product_cat?post=73121"},{"taxonomy":"product_tag","embeddable":true,"href":"https:\/\/onlinehardwareshop.de\/index.php\/wp-json\/wp\/v2\/product_tag?post=73121"}],"curies":[{"name":"wp","href":"https:\/\/api.w.org\/{rel}","templated":true}]}}