{"id":73118,"date":"2024-12-30T17:41:25","date_gmt":"2024-12-30T17:41:25","guid":{"rendered":"https:\/\/onlinehardwareshop.de\/index.php\/produkt\/philips-daily-collection-hd2516-90-2\/"},"modified":"2025-05-14T02:34:08","modified_gmt":"2025-05-14T02:34:08","slug":"philips-daily-collection-hd2516-90","status":"publish","type":"product","link":"https:\/\/onlinehardwareshop.de\/index.php\/produkt\/philips-daily-collection-hd2516-90\/","title":{"rendered":"Philips Daily Collection HD2516\/90"},"content":{"rendered":"<p>Mit dem Philips Daily Collection HD2516\/90 kannst du zwei Scheiben Brot gleichzeitig r\u00f6sten. Die zwei Steckpl\u00e4tze k\u00f6nnen unterschiedlich eingestellt werden, sodass du verschiedene Brotsorten und -gr\u00f6\u00dfen toasten kannst. Du w\u00e4hlst aus acht einstellbaren Br\u00e4unungsstufen was dir am besten schmeckt. Entscheidest du dich f\u00fcr die leicht ger\u00f6stete Variante oder r\u00f6stest du deinen Toast lieber so dunkel wie m\u00f6glich? Wenn du vergessen hast, deine Brotscheiben aufzutauen, ist das kein Problem. Hierf\u00fcr verwendest du die Auftaufunktion. Der Toaster schaltet sich automatisch aus. Nach dem Gebrauch kannst du die Kr\u00fcmel mit der einfach herausnehmbaren Kr\u00fcmelschale leicht entfernen.<\/p>\n","protected":false},"excerpt":{"rendered":"<p>Mit dem Philips Daily Collection HD2516\/90 kannst du zwei Scheiben Brot gleichzeitig r\u00f6sten. Die zwei Steckpl\u00e4tze k\u00f6nnen unterschiedlich eingestellt werden, sodass du verschiedene Brotsorten und -gr\u00f6\u00dfen toasten kannst. Du w\u00e4hlst aus acht einstellbaren Br\u00e4unungsstufen was dir am besten schmeckt. Entscheidest du dich f\u00fcr die leicht ger\u00f6stete Variante oder r\u00f6stest du deinen Toast lieber so dunkel wie m\u00f6glich? Wenn du vergessen hast, deine Brotscheiben aufzutauen, ist das kein Problem. Hierf\u00fcr verwendest du die Auftaufunktion. Der Toaster schaltet sich automatisch aus. Nach dem Gebrauch kannst du die Kr\u00fcmel mit der einfach herausnehmbaren Kr\u00fcmelschale leicht entfernen.<\/p>\n","protected":false},"featured_media":0,"comment_status":"closed","ping_status":"open","template":"","meta":{"_acf_changed":false},"brand":[1382],"product_brand":[],"product_cat":[283],"product_tag":[284],"class_list":{"0":"post-73118","1":"product","2":"type-product","3":"status-publish","5":"brand-philips","6":"product_cat-toaster","7":"product_tag-broodroosters","8":"pa_condition-new","9":"pa_coolblue-de-verzending-morgen-gratis-geliefert","10":"pa_ean-6226","11":"pa_mpn-hd2516-90","13":"first","14":"instock","15":"product-type-external"},"acf":[],"_links":{"self":[{"href":"https:\/\/onlinehardwareshop.de\/index.php\/wp-json\/wp\/v2\/product\/73118","targetHints":{"allow":["GET"]}}],"collection":[{"href":"https:\/\/onlinehardwareshop.de\/index.php\/wp-json\/wp\/v2\/product"}],"about":[{"href":"https:\/\/onlinehardwareshop.de\/index.php\/wp-json\/wp\/v2\/types\/product"}],"replies":[{"embeddable":true,"href":"https:\/\/onlinehardwareshop.de\/index.php\/wp-json\/wp\/v2\/comments?post=73118"}],"wp:attachment":[{"href":"https:\/\/onlinehardwareshop.de\/index.php\/wp-json\/wp\/v2\/media?parent=73118"}],"wp:term":[{"taxonomy":"brand","embeddable":true,"href":"https:\/\/onlinehardwareshop.de\/index.php\/wp-json\/wp\/v2\/brand?post=73118"},{"taxonomy":"product_brand","embeddable":true,"href":"https:\/\/onlinehardwareshop.de\/index.php\/wp-json\/wp\/v2\/product_brand?post=73118"},{"taxonomy":"product_cat","embeddable":true,"href":"https:\/\/onlinehardwareshop.de\/index.php\/wp-json\/wp\/v2\/product_cat?post=73118"},{"taxonomy":"product_tag","embeddable":true,"href":"https:\/\/onlinehardwareshop.de\/index.php\/wp-json\/wp\/v2\/product_tag?post=73118"}],"curies":[{"name":"wp","href":"https:\/\/api.w.org\/{rel}","templated":true}]}}