{"id":73116,"date":"2024-01-13T03:28:05","date_gmt":"2024-01-13T03:28:05","guid":{"rendered":"https:\/\/onlinehardwareshop.de\/index.php\/produkt\/philips-hd9339-80-2\/"},"modified":"2025-05-14T02:33:59","modified_gmt":"2025-05-14T02:33:59","slug":"philips-hd9339-80","status":"publish","type":"product","link":"https:\/\/onlinehardwareshop.de\/index.php\/produkt\/philips-hd9339-80\/","title":{"rendered":"Philips HD9339\/80"},"content":{"rendered":"<p>Mit dem gl\u00e4sernen HD9318\/20 erhitzt du im Handumdrehen Wasser f\u00fcr sieben Tassen Tee auf einmal. Der Wasserkocher ist somit problemlos f\u00fcr eine gro\u00dfe Familie geeignet. Der Standfu\u00df ist mit einer Sensorlampe ausgestattet, dank der du einfach siehst, ob der Wasserkocher ein- oder ausgeschaltet ist. Die Tassenmarkierung zeigt an, wie viele Tassen Tee du mit einer bestimmten Menge Wasser zubereitest. So kochst du nie zu viel Wasser auf, was wiederum gut f\u00fcr die Umwelt ist. Dank des Kalkfilters werden au\u00dferdem die meisten Kalkpartikel herausgefiltert. Diesen Filter reinigst du einfach unter dem Wasserhahn.  Hinweis: Durch das transparente Glasgeh\u00e4use sind Kalkablagerungen schneller sichtbar.<\/p>\n","protected":false},"excerpt":{"rendered":"<p>Mit dem gl\u00e4sernen HD9318\/20 erhitzt du im Handumdrehen Wasser f\u00fcr sieben Tassen Tee auf einmal. Der Wasserkocher ist somit problemlos f\u00fcr eine gro\u00dfe Familie geeignet. Der Standfu\u00df ist mit einer Sensorlampe ausgestattet, dank der du einfach siehst, ob der Wasserkocher ein- oder ausgeschaltet ist. Die Tassenmarkierung zeigt an, wie viele Tassen Tee du mit einer bestimmten Menge Wasser zubereitest. So kochst du nie zu viel Wasser auf, was wiederum gut f\u00fcr die Umwelt ist. Dank des Kalkfilters werden au\u00dferdem die meisten Kalkpartikel herausgefiltert. Diesen Filter reinigst du einfach unter dem Wasserhahn.  Hinweis: Durch das transparente Glasgeh\u00e4use sind Kalkablagerungen schneller sichtbar.<\/p>\n","protected":false},"featured_media":0,"comment_status":"closed","ping_status":"open","template":"","meta":{"_acf_changed":false},"brand":[1382],"product_brand":[],"product_cat":[716],"product_tag":[717],"class_list":{"0":"post-73116","1":"product","2":"type-product","3":"status-publish","5":"brand-philips","6":"product_cat-wasserkocher","7":"product_tag-waterkokers","8":"pa_condition-new","9":"pa_coolblue-de-verzending-morgen-gratis-geliefert","10":"pa_ean-6211","11":"pa_mpn-hd9339-80","13":"first","14":"instock","15":"product-type-external"},"acf":[],"_links":{"self":[{"href":"https:\/\/onlinehardwareshop.de\/index.php\/wp-json\/wp\/v2\/product\/73116","targetHints":{"allow":["GET"]}}],"collection":[{"href":"https:\/\/onlinehardwareshop.de\/index.php\/wp-json\/wp\/v2\/product"}],"about":[{"href":"https:\/\/onlinehardwareshop.de\/index.php\/wp-json\/wp\/v2\/types\/product"}],"replies":[{"embeddable":true,"href":"https:\/\/onlinehardwareshop.de\/index.php\/wp-json\/wp\/v2\/comments?post=73116"}],"wp:attachment":[{"href":"https:\/\/onlinehardwareshop.de\/index.php\/wp-json\/wp\/v2\/media?parent=73116"}],"wp:term":[{"taxonomy":"brand","embeddable":true,"href":"https:\/\/onlinehardwareshop.de\/index.php\/wp-json\/wp\/v2\/brand?post=73116"},{"taxonomy":"product_brand","embeddable":true,"href":"https:\/\/onlinehardwareshop.de\/index.php\/wp-json\/wp\/v2\/product_brand?post=73116"},{"taxonomy":"product_cat","embeddable":true,"href":"https:\/\/onlinehardwareshop.de\/index.php\/wp-json\/wp\/v2\/product_cat?post=73116"},{"taxonomy":"product_tag","embeddable":true,"href":"https:\/\/onlinehardwareshop.de\/index.php\/wp-json\/wp\/v2\/product_tag?post=73116"}],"curies":[{"name":"wp","href":"https:\/\/api.w.org\/{rel}","templated":true}]}}