{"id":73115,"date":"2025-03-24T13:11:07","date_gmt":"2025-03-24T13:11:07","guid":{"rendered":"https:\/\/onlinehardwareshop.de\/index.php\/produkt\/philips-hd9318-00-2\/"},"modified":"2025-05-14T02:33:54","modified_gmt":"2025-05-14T02:33:54","slug":"philips-hd9318-00","status":"publish","type":"product","link":"https:\/\/onlinehardwareshop.de\/index.php\/produkt\/philips-hd9318-00\/","title":{"rendered":"Philips HD9318\/00"},"content":{"rendered":"<p>Der Philips HD9318\/00 ist ein Wasserkocher mit einem Fassungsverm\u00f6gen von 1,7 Litern. Damit kannst du genug Wasser f\u00fcr sieben Tassen Tee kochen. Sehr praktisch, wenn du Besuch hast und nicht genau wei\u00dft, wie viel Wasser du kochen musst. Die Literanzeige ist mit einer Tassenanzeige ausgestattet. Durch die gro\u00dfe Einf\u00fcll\u00f6ffnung kann der Wasserkocher einfach bef\u00fcllt werden. Eine Kontrollleuchte zeigt an, ob der Wasserkocher an oder aus ist. Der Wasserkocher hat einen Kalkfilter, der kleine Kalkpartikel aufh\u00e4lt. Der Filter kann einfach unter dem Wasserhahn abgesp\u00fclt werden.<\/p>\n","protected":false},"excerpt":{"rendered":"<p>Der Philips HD9318\/00 ist ein Wasserkocher mit einem Fassungsverm\u00f6gen von 1,7 Litern. Damit kannst du genug Wasser f\u00fcr sieben Tassen Tee kochen. Sehr praktisch, wenn du Besuch hast und nicht genau wei\u00dft, wie viel Wasser du kochen musst. Die Literanzeige ist mit einer Tassenanzeige ausgestattet. Durch die gro\u00dfe Einf\u00fcll\u00f6ffnung kann der Wasserkocher einfach bef\u00fcllt werden. Eine Kontrollleuchte zeigt an, ob der Wasserkocher an oder aus ist. Der Wasserkocher hat einen Kalkfilter, der kleine Kalkpartikel aufh\u00e4lt. Der Filter kann einfach unter dem Wasserhahn abgesp\u00fclt werden.<\/p>\n","protected":false},"featured_media":0,"comment_status":"closed","ping_status":"open","template":"","meta":{"_acf_changed":false},"brand":[1382],"product_brand":[],"product_cat":[716],"product_tag":[717],"class_list":{"0":"post-73115","1":"product","2":"type-product","3":"status-publish","5":"brand-philips","6":"product_cat-wasserkocher","7":"product_tag-waterkokers","8":"pa_condition-new","9":"pa_coolblue-de-verzending-morgen-gratis-geliefert","10":"pa_ean-6209","11":"pa_mpn-hd9318-00","13":"first","14":"instock","15":"product-type-external"},"acf":[],"_links":{"self":[{"href":"https:\/\/onlinehardwareshop.de\/index.php\/wp-json\/wp\/v2\/product\/73115","targetHints":{"allow":["GET"]}}],"collection":[{"href":"https:\/\/onlinehardwareshop.de\/index.php\/wp-json\/wp\/v2\/product"}],"about":[{"href":"https:\/\/onlinehardwareshop.de\/index.php\/wp-json\/wp\/v2\/types\/product"}],"replies":[{"embeddable":true,"href":"https:\/\/onlinehardwareshop.de\/index.php\/wp-json\/wp\/v2\/comments?post=73115"}],"wp:attachment":[{"href":"https:\/\/onlinehardwareshop.de\/index.php\/wp-json\/wp\/v2\/media?parent=73115"}],"wp:term":[{"taxonomy":"brand","embeddable":true,"href":"https:\/\/onlinehardwareshop.de\/index.php\/wp-json\/wp\/v2\/brand?post=73115"},{"taxonomy":"product_brand","embeddable":true,"href":"https:\/\/onlinehardwareshop.de\/index.php\/wp-json\/wp\/v2\/product_brand?post=73115"},{"taxonomy":"product_cat","embeddable":true,"href":"https:\/\/onlinehardwareshop.de\/index.php\/wp-json\/wp\/v2\/product_cat?post=73115"},{"taxonomy":"product_tag","embeddable":true,"href":"https:\/\/onlinehardwareshop.de\/index.php\/wp-json\/wp\/v2\/product_tag?post=73115"}],"curies":[{"name":"wp","href":"https:\/\/api.w.org\/{rel}","templated":true}]}}