{"id":73108,"date":"2024-05-14T15:14:32","date_gmt":"2024-05-14T15:14:32","guid":{"rendered":"https:\/\/onlinehardwareshop.de\/index.php\/produkt\/logitech-g733-lightspeed-wireless-gaming-headset-schwarz-2\/"},"modified":"2025-05-14T02:33:17","modified_gmt":"2025-05-14T02:33:17","slug":"logitech-g733-lightspeed-wireless-gaming-headset-schwarz","status":"publish","type":"product","link":"https:\/\/onlinehardwareshop.de\/index.php\/produkt\/logitech-g733-lightspeed-wireless-gaming-headset-schwarz\/","title":{"rendered":"Logitech G733 LIGHTSPEED Wireless Gaming-Headset Schwarz"},"content":{"rendered":"<p>Mit dem Logitech G733 LIGHTSPEED Wireless Gaming-Headset Schwarz zockst du stilsicher die N\u00e4chte durch. Dieses Headset verbindest du \u00fcber den USB-A-Dongle kabellos mit deinem PC oder deiner PlayStation. So hast du beim Zocken keinen Kabelsalat. Die RGB-Beleuchtung des Headsets stellst du ganz nach deinen W\u00fcnschen ein. So passt es farblich immer zu deinem Setup. Dank des Surround Sounds in 360 Grad erlebst du dein Spiel intensiver und h\u00f6rst genau, aus welcher Richtung deine Gegner kommen. Damit bist du ihnen jederzeit einen Schritt voraus. Au\u00dferdem kommunizierst du dank der Rauschunterdr\u00fcckung des Mikrofons online ohne Hintergrundger\u00e4usche mit deinen Freunden. So kommen deine Kommentare immer deutlich an. Die durchschnittliche Akkulaufzeit des Headsets betr\u00e4gt 20 Stunden. So erlebst du ausgiebigen Gaming-Spa\u00df, ohne das Headset zwischendurch zu laden. Spielst du \u00f6fter im Single-Player-Modus oder ben\u00f6tigst kein Mikrofon? Dann entferne das Mikrofon einfach vom Headset.<\/p>\n","protected":false},"excerpt":{"rendered":"<p>Mit dem Logitech G733 LIGHTSPEED Wireless Gaming-Headset Schwarz zockst du stilsicher die N\u00e4chte durch. Dieses Headset verbindest du \u00fcber den USB-A-Dongle kabellos mit deinem PC oder deiner PlayStation. So hast du beim Zocken keinen Kabelsalat. Die RGB-Beleuchtung des Headsets stellst du ganz nach deinen W\u00fcnschen ein. So passt es farblich immer zu deinem Setup. Dank des Surround Sounds in 360 Grad erlebst du dein Spiel intensiver und h\u00f6rst genau, aus welcher Richtung deine Gegner kommen. Damit bist du ihnen jederzeit einen Schritt voraus. Au\u00dferdem kommunizierst du dank der Rauschunterdr\u00fcckung des Mikrofons online ohne Hintergrundger\u00e4usche mit deinen Freunden. So kommen deine Kommentare immer deutlich an. Die durchschnittliche Akkulaufzeit des Headsets betr\u00e4gt 20 Stunden. So erlebst du ausgiebigen Gaming-Spa\u00df, ohne das Headset zwischendurch zu laden. Spielst du \u00f6fter im Single-Player-Modus oder ben\u00f6tigst kein Mikrofon? Dann entferne das Mikrofon einfach vom Headset.<\/p>\n","protected":false},"featured_media":0,"comment_status":"closed","ping_status":"open","template":"","meta":{"_acf_changed":false},"brand":[225],"product_brand":[],"product_cat":[3435],"product_tag":[3436],"class_list":{"0":"post-73108","1":"product","2":"type-product","3":"status-publish","5":"brand-logitech-g","6":"product_cat-gaming-headsets","7":"product_tag-gaming-headsets","8":"pa_condition-new","9":"pa_coolblue-de-verzending-morgen-gratis-geliefert","10":"pa_ean-6195","11":"pa_mpn-981-000864","13":"first","14":"instock","15":"product-type-external"},"acf":[],"_links":{"self":[{"href":"https:\/\/onlinehardwareshop.de\/index.php\/wp-json\/wp\/v2\/product\/73108","targetHints":{"allow":["GET"]}}],"collection":[{"href":"https:\/\/onlinehardwareshop.de\/index.php\/wp-json\/wp\/v2\/product"}],"about":[{"href":"https:\/\/onlinehardwareshop.de\/index.php\/wp-json\/wp\/v2\/types\/product"}],"replies":[{"embeddable":true,"href":"https:\/\/onlinehardwareshop.de\/index.php\/wp-json\/wp\/v2\/comments?post=73108"}],"wp:attachment":[{"href":"https:\/\/onlinehardwareshop.de\/index.php\/wp-json\/wp\/v2\/media?parent=73108"}],"wp:term":[{"taxonomy":"brand","embeddable":true,"href":"https:\/\/onlinehardwareshop.de\/index.php\/wp-json\/wp\/v2\/brand?post=73108"},{"taxonomy":"product_brand","embeddable":true,"href":"https:\/\/onlinehardwareshop.de\/index.php\/wp-json\/wp\/v2\/product_brand?post=73108"},{"taxonomy":"product_cat","embeddable":true,"href":"https:\/\/onlinehardwareshop.de\/index.php\/wp-json\/wp\/v2\/product_cat?post=73108"},{"taxonomy":"product_tag","embeddable":true,"href":"https:\/\/onlinehardwareshop.de\/index.php\/wp-json\/wp\/v2\/product_tag?post=73108"}],"curies":[{"name":"wp","href":"https:\/\/api.w.org\/{rel}","templated":true}]}}