{"id":73092,"date":"2024-03-16T21:12:53","date_gmt":"2024-03-16T21:12:53","guid":{"rendered":"https:\/\/onlinehardwareshop.de\/index.php\/produkt\/jbl-jr460nc-rosa-2\/"},"modified":"2025-05-14T02:31:55","modified_gmt":"2025-05-14T02:31:55","slug":"jbl-jr460nc-rosa","status":"publish","type":"product","link":"https:\/\/onlinehardwareshop.de\/index.php\/produkt\/jbl-jr460nc-rosa\/","title":{"rendered":"JBL JR460NC Rosa"},"content":{"rendered":"<p>Mit dem JBL JR 460NC kann dein Kind seine oder ihre Lieblingsmusik genie\u00dfen. Da die Kopfh\u00f6rer 85\u00a0Dezibel nicht \u00fcberschreiten k\u00f6nnen, ist das Risiko von H\u00f6rsch\u00e4den minimal. So kannst du ganz entspannt auf der Couch sitzen. Hat dein Kind viele Hausaufgaben zu erledigen? Die aktive Noise Cancelling reduziert st\u00f6rende Umgebungsger\u00e4usche und L\u00e4rm. So kann es sich auf das Online-Lernen konzentrieren. Mit Fast Pair verbindet sich der Kopfh\u00f6rer automatisch mit dem zuletzt verbundenen Abspielger\u00e4t. Es muss also nie eine manuelle Verbindung hergestellt werden.  Hinweis: JBL liefert neben dem Ladekabel kein zus\u00e4tzliches Ladeger\u00e4t mit. Verwende daher dein aktuelles Zubeh\u00f6r oder kaufe es dir neu.<\/p>\n","protected":false},"excerpt":{"rendered":"<p>Mit dem JBL JR 460NC kann dein Kind seine oder ihre Lieblingsmusik genie\u00dfen. Da die Kopfh\u00f6rer 85\u00a0Dezibel nicht \u00fcberschreiten k\u00f6nnen, ist das Risiko von H\u00f6rsch\u00e4den minimal. So kannst du ganz entspannt auf der Couch sitzen. Hat dein Kind viele Hausaufgaben zu erledigen? Die aktive Noise Cancelling reduziert st\u00f6rende Umgebungsger\u00e4usche und L\u00e4rm. So kann es sich auf das Online-Lernen konzentrieren. Mit Fast Pair verbindet sich der Kopfh\u00f6rer automatisch mit dem zuletzt verbundenen Abspielger\u00e4t. Es muss also nie eine manuelle Verbindung hergestellt werden.  Hinweis: JBL liefert neben dem Ladekabel kein zus\u00e4tzliches Ladeger\u00e4t mit. Verwende daher dein aktuelles Zubeh\u00f6r oder kaufe es dir neu.<\/p>\n","protected":false},"featured_media":0,"comment_status":"closed","ping_status":"open","template":"","meta":{"_acf_changed":false},"brand":[5677],"product_brand":[],"product_cat":[1182],"product_tag":[5609],"class_list":{"0":"post-73092","1":"product","2":"type-product","3":"status-publish","5":"brand-jbl","6":"product_cat-kopfhrer","7":"product_tag-hoofdtelefoons-met-noisecancelling","8":"pa_condition-new","9":"pa_coolblue-de-verzending-morgen-gratis-geliefert","10":"pa_ean-6158","11":"pa_mpn-jbljr460ncpik","13":"first","14":"instock","15":"product-type-external"},"acf":[],"_links":{"self":[{"href":"https:\/\/onlinehardwareshop.de\/index.php\/wp-json\/wp\/v2\/product\/73092","targetHints":{"allow":["GET"]}}],"collection":[{"href":"https:\/\/onlinehardwareshop.de\/index.php\/wp-json\/wp\/v2\/product"}],"about":[{"href":"https:\/\/onlinehardwareshop.de\/index.php\/wp-json\/wp\/v2\/types\/product"}],"replies":[{"embeddable":true,"href":"https:\/\/onlinehardwareshop.de\/index.php\/wp-json\/wp\/v2\/comments?post=73092"}],"wp:attachment":[{"href":"https:\/\/onlinehardwareshop.de\/index.php\/wp-json\/wp\/v2\/media?parent=73092"}],"wp:term":[{"taxonomy":"brand","embeddable":true,"href":"https:\/\/onlinehardwareshop.de\/index.php\/wp-json\/wp\/v2\/brand?post=73092"},{"taxonomy":"product_brand","embeddable":true,"href":"https:\/\/onlinehardwareshop.de\/index.php\/wp-json\/wp\/v2\/product_brand?post=73092"},{"taxonomy":"product_cat","embeddable":true,"href":"https:\/\/onlinehardwareshop.de\/index.php\/wp-json\/wp\/v2\/product_cat?post=73092"},{"taxonomy":"product_tag","embeddable":true,"href":"https:\/\/onlinehardwareshop.de\/index.php\/wp-json\/wp\/v2\/product_tag?post=73092"}],"curies":[{"name":"wp","href":"https:\/\/api.w.org\/{rel}","templated":true}]}}