{"id":73072,"date":"2025-02-09T07:54:01","date_gmt":"2025-02-09T07:54:01","guid":{"rendered":"https:\/\/onlinehardwareshop.de\/index.php\/produkt\/smeg-klf03whmeu-mattwei-2\/"},"modified":"2025-05-14T02:30:03","modified_gmt":"2025-05-14T02:30:03","slug":"smeg-klf03whmeu-mattwei","status":"publish","type":"product","link":"https:\/\/onlinehardwareshop.de\/index.php\/produkt\/smeg-klf03whmeu-mattwei\/","title":{"rendered":"SMEG KLF03WHMEU Mattwei&#xDF;"},"content":{"rendered":"<p>Der SMEG KLF03WHMEU Wei\u00df hat einen luxuri\u00f6sen matten Look. Dank seiner schnellen Kochzeit ist das Wasser schnell f\u00fcr dich bereit. Der Wasserkocher kocht 1,7 Liter Wasser auf einmal. So kannst du 7 Tassen Tee f\u00fcr deine G\u00e4ste pro Br\u00fchvorgang zubereiten. Die Anzeige zeigt an, f\u00fcr wie viele Liter und Tassen du das Wasser kochst. Dank des gro\u00dfen Ausgusses kannst du den Inhalt schnell ausgie\u00dfen. Der Ausgie\u00dfer enth\u00e4lt einen Anti-Kalk-Filter. Dieser herausnehmbare Filter wird von Zeit zu Zeit gewaschen. Dies verhindert Kalkablagerungen in deinem Teewasser. Der 360-Grad-Drehfu\u00df macht es einfach, den Wasserkocher anzuheben und auszutauschen. Dieser Retro-Wasserkocher sieht mit seinem matten Metallgeh\u00e4use auf der Arbeitsplatte gut aus.<\/p>\n","protected":false},"excerpt":{"rendered":"<p>Der SMEG KLF03WHMEU Wei\u00df hat einen luxuri\u00f6sen matten Look. Dank seiner schnellen Kochzeit ist das Wasser schnell f\u00fcr dich bereit. Der Wasserkocher kocht 1,7 Liter Wasser auf einmal. So kannst du 7 Tassen Tee f\u00fcr deine G\u00e4ste pro Br\u00fchvorgang zubereiten. Die Anzeige zeigt an, f\u00fcr wie viele Liter und Tassen du das Wasser kochst. Dank des gro\u00dfen Ausgusses kannst du den Inhalt schnell ausgie\u00dfen. Der Ausgie\u00dfer enth\u00e4lt einen Anti-Kalk-Filter. Dieser herausnehmbare Filter wird von Zeit zu Zeit gewaschen. Dies verhindert Kalkablagerungen in deinem Teewasser. Der 360-Grad-Drehfu\u00df macht es einfach, den Wasserkocher anzuheben und auszutauschen. Dieser Retro-Wasserkocher sieht mit seinem matten Metallgeh\u00e4use auf der Arbeitsplatte gut aus.<\/p>\n","protected":false},"featured_media":0,"comment_status":"closed","ping_status":"open","template":"","meta":{"_acf_changed":false},"brand":[1344],"product_brand":[],"product_cat":[716],"product_tag":[717],"class_list":{"0":"post-73072","1":"product","2":"type-product","3":"status-publish","5":"brand-smeg","6":"product_cat-wasserkocher","7":"product_tag-waterkokers","8":"pa_condition-new","9":"pa_coolblue-de-verzending-morgen-gratis-geliefert","10":"pa_ean-6113","11":"pa_mpn-klf03whmeu","13":"first","14":"instock","15":"product-type-external"},"acf":[],"_links":{"self":[{"href":"https:\/\/onlinehardwareshop.de\/index.php\/wp-json\/wp\/v2\/product\/73072","targetHints":{"allow":["GET"]}}],"collection":[{"href":"https:\/\/onlinehardwareshop.de\/index.php\/wp-json\/wp\/v2\/product"}],"about":[{"href":"https:\/\/onlinehardwareshop.de\/index.php\/wp-json\/wp\/v2\/types\/product"}],"replies":[{"embeddable":true,"href":"https:\/\/onlinehardwareshop.de\/index.php\/wp-json\/wp\/v2\/comments?post=73072"}],"wp:attachment":[{"href":"https:\/\/onlinehardwareshop.de\/index.php\/wp-json\/wp\/v2\/media?parent=73072"}],"wp:term":[{"taxonomy":"brand","embeddable":true,"href":"https:\/\/onlinehardwareshop.de\/index.php\/wp-json\/wp\/v2\/brand?post=73072"},{"taxonomy":"product_brand","embeddable":true,"href":"https:\/\/onlinehardwareshop.de\/index.php\/wp-json\/wp\/v2\/product_brand?post=73072"},{"taxonomy":"product_cat","embeddable":true,"href":"https:\/\/onlinehardwareshop.de\/index.php\/wp-json\/wp\/v2\/product_cat?post=73072"},{"taxonomy":"product_tag","embeddable":true,"href":"https:\/\/onlinehardwareshop.de\/index.php\/wp-json\/wp\/v2\/product_tag?post=73072"}],"curies":[{"name":"wp","href":"https:\/\/api.w.org\/{rel}","templated":true}]}}