{"id":73071,"date":"2024-02-08T21:47:34","date_gmt":"2024-02-08T21:47:34","guid":{"rendered":"https:\/\/onlinehardwareshop.de\/index.php\/produkt\/nutribullet-pro-exclusive-wei-2\/"},"modified":"2025-05-14T02:29:58","modified_gmt":"2025-05-14T02:29:58","slug":"nutribullet-pro-exclusive-wei","status":"publish","type":"product","link":"https:\/\/onlinehardwareshop.de\/index.php\/produkt\/nutribullet-pro-exclusive-wei\/","title":{"rendered":"nutribullet Pro Exclusive Wei&#xDF;"},"content":{"rendered":"<p>Der nutribullet Pro Exclusive Wei\u00df ist ein leistungsstarker, kompakter Standmixer, mit dem du einfach und schnell leckere Smoothies zubereitest. Mit 900 Watt und 24.000 Umdrehungen pro Minute zerkleinerst du nicht nur weiche Zutaten wie Obst und Gem\u00fcse, sondern auch Eisw\u00fcrfel, Kerne oder andere harte Zutaten. Die rostfreien Messer sorgen f\u00fcr eine m\u00fchelose Pflege. Achte aber darauf, nicht l\u00e4nger als eine Minute zu mixen, da der Standmixer sonst \u00fcberhitzen k\u00f6nnte. Wenn dein Smoothie fertig gemixt ist, ersetzt du die Extraktionsklinge durch einen Trinkring. So brauchst du nichts in einen extra Becher umzuschenken. Nach dem Gebrauch sp\u00fclst du die Klingen von Hand ab.<\/p>\n","protected":false},"excerpt":{"rendered":"<p>Der nutribullet Pro Exclusive Wei\u00df ist ein leistungsstarker, kompakter Standmixer, mit dem du einfach und schnell leckere Smoothies zubereitest. Mit 900 Watt und 24.000 Umdrehungen pro Minute zerkleinerst du nicht nur weiche Zutaten wie Obst und Gem\u00fcse, sondern auch Eisw\u00fcrfel, Kerne oder andere harte Zutaten. Die rostfreien Messer sorgen f\u00fcr eine m\u00fchelose Pflege. Achte aber darauf, nicht l\u00e4nger als eine Minute zu mixen, da der Standmixer sonst \u00fcberhitzen k\u00f6nnte. Wenn dein Smoothie fertig gemixt ist, ersetzt du die Extraktionsklinge durch einen Trinkring. So brauchst du nichts in einen extra Becher umzuschenken. Nach dem Gebrauch sp\u00fclst du die Klingen von Hand ab.<\/p>\n","protected":false},"featured_media":0,"comment_status":"closed","ping_status":"open","template":"","meta":{"_acf_changed":false},"brand":[1605],"product_brand":[],"product_cat":[1606],"product_tag":[1607],"class_list":{"0":"post-73071","1":"product","2":"type-product","3":"status-publish","5":"brand-nutribullet","6":"product_cat-standmixer","7":"product_tag-blenders","8":"pa_condition-new","9":"pa_coolblue-de-verzending-morgen-gratis-geliefert","10":"pa_ean-6111","11":"pa_mpn-v07089","13":"first","14":"instock","15":"product-type-external"},"acf":[],"_links":{"self":[{"href":"https:\/\/onlinehardwareshop.de\/index.php\/wp-json\/wp\/v2\/product\/73071","targetHints":{"allow":["GET"]}}],"collection":[{"href":"https:\/\/onlinehardwareshop.de\/index.php\/wp-json\/wp\/v2\/product"}],"about":[{"href":"https:\/\/onlinehardwareshop.de\/index.php\/wp-json\/wp\/v2\/types\/product"}],"replies":[{"embeddable":true,"href":"https:\/\/onlinehardwareshop.de\/index.php\/wp-json\/wp\/v2\/comments?post=73071"}],"wp:attachment":[{"href":"https:\/\/onlinehardwareshop.de\/index.php\/wp-json\/wp\/v2\/media?parent=73071"}],"wp:term":[{"taxonomy":"brand","embeddable":true,"href":"https:\/\/onlinehardwareshop.de\/index.php\/wp-json\/wp\/v2\/brand?post=73071"},{"taxonomy":"product_brand","embeddable":true,"href":"https:\/\/onlinehardwareshop.de\/index.php\/wp-json\/wp\/v2\/product_brand?post=73071"},{"taxonomy":"product_cat","embeddable":true,"href":"https:\/\/onlinehardwareshop.de\/index.php\/wp-json\/wp\/v2\/product_cat?post=73071"},{"taxonomy":"product_tag","embeddable":true,"href":"https:\/\/onlinehardwareshop.de\/index.php\/wp-json\/wp\/v2\/product_tag?post=73071"}],"curies":[{"name":"wp","href":"https:\/\/api.w.org\/{rel}","templated":true}]}}