{"id":73070,"date":"2024-01-04T13:12:37","date_gmt":"2024-01-04T13:12:37","guid":{"rendered":"https:\/\/onlinehardwareshop.de\/index.php\/produkt\/nutribullet-pro-exclusive-schwarz-2\/"},"modified":"2025-05-14T02:29:53","modified_gmt":"2025-05-14T02:29:53","slug":"nutribullet-pro-exclusive-schwarz","status":"publish","type":"product","link":"https:\/\/onlinehardwareshop.de\/index.php\/produkt\/nutribullet-pro-exclusive-schwarz\/","title":{"rendered":"nutribullet Pro Exclusive Schwarz"},"content":{"rendered":"<p>Der nutribullet Pro Exclusive Schwarz ist ein leistungsstarker, kompakter Standmixer, mit dem du einfach und schnell leckere Smoothies zubereiten kannst. Mit 900 Watt und 24.000 Umdrehungen pro Minute zerkleinerst du nicht nur weiche Zutaten wie Obst und Gem\u00fcse, sondern auch Eisw\u00fcrfel, Kerne oder andere harte Zutaten. Die rostfreien Klingen sorgen daf\u00fcr, dass die Wartung m\u00fchelos abl\u00e4uft. Achte aber darauf, nicht l\u00e4nger als eine Minute zu mixen, da der Standmixer sonst \u00fcberhitzen k\u00f6nnte. Wenn dein Smoothie dann fertig gemixt ist, tauschst du die Extraktionsklinge gegen einen Trinkring aus. So brauchst du nichts in einen extra Becher umzuschenken. Nach der Benutzung sp\u00fclst du die Klingen mit der Hand ab.<\/p>\n","protected":false},"excerpt":{"rendered":"<p>Der nutribullet Pro Exclusive Schwarz ist ein leistungsstarker, kompakter Standmixer, mit dem du einfach und schnell leckere Smoothies zubereiten kannst. Mit 900 Watt und 24.000 Umdrehungen pro Minute zerkleinerst du nicht nur weiche Zutaten wie Obst und Gem\u00fcse, sondern auch Eisw\u00fcrfel, Kerne oder andere harte Zutaten. Die rostfreien Klingen sorgen daf\u00fcr, dass die Wartung m\u00fchelos abl\u00e4uft. Achte aber darauf, nicht l\u00e4nger als eine Minute zu mixen, da der Standmixer sonst \u00fcberhitzen k\u00f6nnte. Wenn dein Smoothie dann fertig gemixt ist, tauschst du die Extraktionsklinge gegen einen Trinkring aus. So brauchst du nichts in einen extra Becher umzuschenken. Nach der Benutzung sp\u00fclst du die Klingen mit der Hand ab.<\/p>\n","protected":false},"featured_media":0,"comment_status":"closed","ping_status":"open","template":"","meta":{"_acf_changed":false},"brand":[1605],"product_brand":[],"product_cat":[1606],"product_tag":[1607],"class_list":{"0":"post-73070","1":"product","2":"type-product","3":"status-publish","5":"brand-nutribullet","6":"product_cat-standmixer","7":"product_tag-blenders","8":"pa_condition-new","9":"pa_coolblue-de-verzending-morgen-gratis-geliefert","10":"pa_ean-6109","11":"pa_mpn-v07005","13":"first","14":"instock","15":"product-type-external"},"acf":[],"_links":{"self":[{"href":"https:\/\/onlinehardwareshop.de\/index.php\/wp-json\/wp\/v2\/product\/73070","targetHints":{"allow":["GET"]}}],"collection":[{"href":"https:\/\/onlinehardwareshop.de\/index.php\/wp-json\/wp\/v2\/product"}],"about":[{"href":"https:\/\/onlinehardwareshop.de\/index.php\/wp-json\/wp\/v2\/types\/product"}],"replies":[{"embeddable":true,"href":"https:\/\/onlinehardwareshop.de\/index.php\/wp-json\/wp\/v2\/comments?post=73070"}],"wp:attachment":[{"href":"https:\/\/onlinehardwareshop.de\/index.php\/wp-json\/wp\/v2\/media?parent=73070"}],"wp:term":[{"taxonomy":"brand","embeddable":true,"href":"https:\/\/onlinehardwareshop.de\/index.php\/wp-json\/wp\/v2\/brand?post=73070"},{"taxonomy":"product_brand","embeddable":true,"href":"https:\/\/onlinehardwareshop.de\/index.php\/wp-json\/wp\/v2\/product_brand?post=73070"},{"taxonomy":"product_cat","embeddable":true,"href":"https:\/\/onlinehardwareshop.de\/index.php\/wp-json\/wp\/v2\/product_cat?post=73070"},{"taxonomy":"product_tag","embeddable":true,"href":"https:\/\/onlinehardwareshop.de\/index.php\/wp-json\/wp\/v2\/product_tag?post=73070"}],"curies":[{"name":"wp","href":"https:\/\/api.w.org\/{rel}","templated":true}]}}