{"id":73058,"date":"2024-04-04T20:44:55","date_gmt":"2024-04-04T20:44:55","guid":{"rendered":"https:\/\/onlinehardwareshop.de\/index.php\/produkt\/wmf-durado-bratpfanne-28cm-2\/"},"modified":"2025-05-14T02:28:48","modified_gmt":"2025-05-14T02:28:48","slug":"wmf-durado-bratpfanne-28cm","status":"publish","type":"product","link":"https:\/\/onlinehardwareshop.de\/index.php\/produkt\/wmf-durado-bratpfanne-28cm\/","title":{"rendered":"WMF Durado Bratpfanne 28&#xA0;cm"},"content":{"rendered":"<p>In der gro\u00dfen WMF Durado Bratpfanne 28 cm kannst du gro\u00dfe Fleischst\u00fccke oder Berge von kleinen Kartoffeln braten. Der Universalboden verteilt die Hitze gleichm\u00e4\u00dfig, sodass die Kartoffeln einheitlich gegart werden. Die Edelstahl-Bratpfanne hat einen ergonomischen Griff, an dem du sie gut festhalten kannst. Die Pfanne ist f\u00fcr alle W\u00e4rmequellen geeignet, von Induktion bis hin zu Gas. Sie h\u00e4lt auch hohe Temperaturen aus. Beim Braten kannst du problemlos Temperaturen bis 400\u00a0Grad Celsius einstellen und im Backofen bis 250\u00a0Grad Celsius. Die Bratpfanne hat eine Antihaftbeschichtung, sodass die Zutaten nicht anbrennen und du sie einfach reinigen kannst.<\/p>\n","protected":false},"excerpt":{"rendered":"<p>In der gro\u00dfen WMF Durado Bratpfanne 28 cm kannst du gro\u00dfe Fleischst\u00fccke oder Berge von kleinen Kartoffeln braten. Der Universalboden verteilt die Hitze gleichm\u00e4\u00dfig, sodass die Kartoffeln einheitlich gegart werden. Die Edelstahl-Bratpfanne hat einen ergonomischen Griff, an dem du sie gut festhalten kannst. Die Pfanne ist f\u00fcr alle W\u00e4rmequellen geeignet, von Induktion bis hin zu Gas. Sie h\u00e4lt auch hohe Temperaturen aus. Beim Braten kannst du problemlos Temperaturen bis 400\u00a0Grad Celsius einstellen und im Backofen bis 250\u00a0Grad Celsius. Die Bratpfanne hat eine Antihaftbeschichtung, sodass die Zutaten nicht anbrennen und du sie einfach reinigen kannst.<\/p>\n","protected":false},"featured_media":0,"comment_status":"closed","ping_status":"open","template":"","meta":{"_acf_changed":false},"brand":[5738],"product_brand":[],"product_cat":[372],"product_tag":[384],"class_list":{"0":"post-73058","1":"product","2":"type-product","3":"status-publish","5":"brand-wmf","6":"product_cat-tpfe-und-pfannen","7":"product_tag-koekenpannen","8":"pa_condition-new","9":"pa_coolblue-de-verzending-morgen-gratis-geliefert","10":"pa_ean-6079","11":"pa_mpn-6080","13":"first","14":"instock","15":"product-type-external"},"acf":[],"_links":{"self":[{"href":"https:\/\/onlinehardwareshop.de\/index.php\/wp-json\/wp\/v2\/product\/73058","targetHints":{"allow":["GET"]}}],"collection":[{"href":"https:\/\/onlinehardwareshop.de\/index.php\/wp-json\/wp\/v2\/product"}],"about":[{"href":"https:\/\/onlinehardwareshop.de\/index.php\/wp-json\/wp\/v2\/types\/product"}],"replies":[{"embeddable":true,"href":"https:\/\/onlinehardwareshop.de\/index.php\/wp-json\/wp\/v2\/comments?post=73058"}],"wp:attachment":[{"href":"https:\/\/onlinehardwareshop.de\/index.php\/wp-json\/wp\/v2\/media?parent=73058"}],"wp:term":[{"taxonomy":"brand","embeddable":true,"href":"https:\/\/onlinehardwareshop.de\/index.php\/wp-json\/wp\/v2\/brand?post=73058"},{"taxonomy":"product_brand","embeddable":true,"href":"https:\/\/onlinehardwareshop.de\/index.php\/wp-json\/wp\/v2\/product_brand?post=73058"},{"taxonomy":"product_cat","embeddable":true,"href":"https:\/\/onlinehardwareshop.de\/index.php\/wp-json\/wp\/v2\/product_cat?post=73058"},{"taxonomy":"product_tag","embeddable":true,"href":"https:\/\/onlinehardwareshop.de\/index.php\/wp-json\/wp\/v2\/product_tag?post=73058"}],"curies":[{"name":"wp","href":"https:\/\/api.w.org\/{rel}","templated":true}]}}