{"id":73028,"date":"2024-05-09T19:34:34","date_gmt":"2024-05-09T19:34:34","guid":{"rendered":"https:\/\/onlinehardwareshop.de\/index.php\/produkt\/etna-cmv334rvs-2\/"},"modified":"2025-05-14T02:25:34","modified_gmt":"2025-05-14T02:25:34","slug":"etna-cmv334rvs","status":"publish","type":"product","link":"https:\/\/onlinehardwareshop.de\/index.php\/produkt\/etna-cmv334rvs\/","title":{"rendered":"ETNA CMV334RVS"},"content":{"rendered":"<p>Die Kombi-Mikrowelle ETNA CMV334RVS kannst du zum Auftauen, Grillen oder Aufw\u00e4rmen deiner Mahlzeit nutzen. Die Mikrowelle hat eine Leistung von 1.000 Watt, genug, damit deine gefrorenen H\u00e4hnchenfilets schnell auftauen und deine Suppe schnell warm wird. Dank der Grillfunktion kannst du auch Sandwiches oder eine Pizza in der Mikrowelle backen. Die Turbo Hei\u00dfluft gart dein Gericht gleichm\u00e4\u00dfig. Praktisch zum Beispiel, wenn du keinen Backofen in der K\u00fcche hast. Die Mikrowelle verf\u00fcgt \u00fcber ein Edelstahlgeh\u00e4use, wodurch sie leicht zu reinigen ist. Dank Drehknopf und Drucktasten l\u00e4sst sich die Mikrowelle ganz einfach bedienen.<\/p>\n","protected":false},"excerpt":{"rendered":"<p>Die Kombi-Mikrowelle ETNA CMV334RVS kannst du zum Auftauen, Grillen oder Aufw\u00e4rmen deiner Mahlzeit nutzen. Die Mikrowelle hat eine Leistung von 1.000 Watt, genug, damit deine gefrorenen H\u00e4hnchenfilets schnell auftauen und deine Suppe schnell warm wird. Dank der Grillfunktion kannst du auch Sandwiches oder eine Pizza in der Mikrowelle backen. Die Turbo Hei\u00dfluft gart dein Gericht gleichm\u00e4\u00dfig. Praktisch zum Beispiel, wenn du keinen Backofen in der K\u00fcche hast. Die Mikrowelle verf\u00fcgt \u00fcber ein Edelstahlgeh\u00e4use, wodurch sie leicht zu reinigen ist. Dank Drehknopf und Drucktasten l\u00e4sst sich die Mikrowelle ganz einfach bedienen.<\/p>\n","protected":false},"featured_media":0,"comment_status":"closed","ping_status":"open","template":"","meta":{"_acf_changed":false},"brand":[5987],"product_brand":[],"product_cat":[927],"product_tag":[928],"class_list":{"0":"post-73028","1":"product","2":"type-product","3":"status-publish","5":"brand-etna","6":"product_cat-mikrowellen","7":"product_tag-vrijstaande-combimagnetrons","8":"pa_condition-new","9":"pa_coolblue-de-verzending-morgen-gratis-geliefert","10":"pa_ean-5985","11":"pa_mpn-5986","13":"first","14":"instock","15":"product-type-external"},"acf":[],"_links":{"self":[{"href":"https:\/\/onlinehardwareshop.de\/index.php\/wp-json\/wp\/v2\/product\/73028","targetHints":{"allow":["GET"]}}],"collection":[{"href":"https:\/\/onlinehardwareshop.de\/index.php\/wp-json\/wp\/v2\/product"}],"about":[{"href":"https:\/\/onlinehardwareshop.de\/index.php\/wp-json\/wp\/v2\/types\/product"}],"replies":[{"embeddable":true,"href":"https:\/\/onlinehardwareshop.de\/index.php\/wp-json\/wp\/v2\/comments?post=73028"}],"wp:attachment":[{"href":"https:\/\/onlinehardwareshop.de\/index.php\/wp-json\/wp\/v2\/media?parent=73028"}],"wp:term":[{"taxonomy":"brand","embeddable":true,"href":"https:\/\/onlinehardwareshop.de\/index.php\/wp-json\/wp\/v2\/brand?post=73028"},{"taxonomy":"product_brand","embeddable":true,"href":"https:\/\/onlinehardwareshop.de\/index.php\/wp-json\/wp\/v2\/product_brand?post=73028"},{"taxonomy":"product_cat","embeddable":true,"href":"https:\/\/onlinehardwareshop.de\/index.php\/wp-json\/wp\/v2\/product_cat?post=73028"},{"taxonomy":"product_tag","embeddable":true,"href":"https:\/\/onlinehardwareshop.de\/index.php\/wp-json\/wp\/v2\/product_tag?post=73028"}],"curies":[{"name":"wp","href":"https:\/\/api.w.org\/{rel}","templated":true}]}}