{"id":73026,"date":"2025-01-29T11:30:42","date_gmt":"2025-01-29T11:30:42","guid":{"rendered":"https:\/\/onlinehardwareshop.de\/index.php\/produkt\/jabra-evolve2-85-link380a-ms-stereo-schwarz-2\/"},"modified":"2025-05-14T02:25:24","modified_gmt":"2025-05-14T02:25:24","slug":"jabra-evolve2-85-link380a-ms-stereo-schwarz","status":"publish","type":"product","link":"https:\/\/onlinehardwareshop.de\/index.php\/produkt\/jabra-evolve2-85-link380a-ms-stereo-schwarz\/","title":{"rendered":"Jabra Evolve2 85 Link380a MS Stereo Schwarz"},"content":{"rendered":"<p>Mit dem Jabra Evolve2 85, Link380a MS Stereo Schwarz telefonierst du stundenlang mit deinen Kunden. Das Headset l\u00e4sst sich mit jedem Smartphone, Laptop oder PC verbinden. Dank des bequemen Entwurfes tun dir beim Tragen des Headsets nicht die Ohren weh. Du wirst nicht durch deine Umgebung gest\u00f6rt, da das aktive Noise Cancelling alle Umgebungsger\u00e4usche herausfiltert. F\u00fcr deine Gespr\u00e4chspartner bist du immer gut zu verstehen, denn dieses Headset enth\u00e4lt ganze zehn Mikrofone. So h\u00f6rt man dich immer laut und deutlich. Sobald du das einen Anruf entgegennimmst, leuchtet ein rotes L\u00e4mpchen auf. So wissen deine Kollegen, dass du gerade im Gespr\u00e4ch bist.<\/p>\n","protected":false},"excerpt":{"rendered":"<p>Mit dem Jabra Evolve2 85, Link380a MS Stereo Schwarz telefonierst du stundenlang mit deinen Kunden. Das Headset l\u00e4sst sich mit jedem Smartphone, Laptop oder PC verbinden. Dank des bequemen Entwurfes tun dir beim Tragen des Headsets nicht die Ohren weh. Du wirst nicht durch deine Umgebung gest\u00f6rt, da das aktive Noise Cancelling alle Umgebungsger\u00e4usche herausfiltert. F\u00fcr deine Gespr\u00e4chspartner bist du immer gut zu verstehen, denn dieses Headset enth\u00e4lt ganze zehn Mikrofone. So h\u00f6rt man dich immer laut und deutlich. Sobald du das einen Anruf entgegennimmst, leuchtet ein rotes L\u00e4mpchen auf. So wissen deine Kollegen, dass du gerade im Gespr\u00e4ch bist.<\/p>\n","protected":false},"featured_media":0,"comment_status":"closed","ping_status":"open","template":"","meta":{"_acf_changed":false},"brand":[815],"product_brand":[],"product_cat":[257],"product_tag":[258],"class_list":{"0":"post-73026","1":"product","2":"type-product","3":"status-publish","5":"brand-jabra","6":"product_cat-office-headsets","7":"product_tag-headsets-office","8":"pa_condition-new","9":"pa_coolblue-de-verzending-morgen-gratis-geliefert","10":"pa_ean-5981","11":"pa_mpn-28599-999-999","13":"first","14":"instock","15":"product-type-external"},"acf":[],"_links":{"self":[{"href":"https:\/\/onlinehardwareshop.de\/index.php\/wp-json\/wp\/v2\/product\/73026","targetHints":{"allow":["GET"]}}],"collection":[{"href":"https:\/\/onlinehardwareshop.de\/index.php\/wp-json\/wp\/v2\/product"}],"about":[{"href":"https:\/\/onlinehardwareshop.de\/index.php\/wp-json\/wp\/v2\/types\/product"}],"replies":[{"embeddable":true,"href":"https:\/\/onlinehardwareshop.de\/index.php\/wp-json\/wp\/v2\/comments?post=73026"}],"wp:attachment":[{"href":"https:\/\/onlinehardwareshop.de\/index.php\/wp-json\/wp\/v2\/media?parent=73026"}],"wp:term":[{"taxonomy":"brand","embeddable":true,"href":"https:\/\/onlinehardwareshop.de\/index.php\/wp-json\/wp\/v2\/brand?post=73026"},{"taxonomy":"product_brand","embeddable":true,"href":"https:\/\/onlinehardwareshop.de\/index.php\/wp-json\/wp\/v2\/product_brand?post=73026"},{"taxonomy":"product_cat","embeddable":true,"href":"https:\/\/onlinehardwareshop.de\/index.php\/wp-json\/wp\/v2\/product_cat?post=73026"},{"taxonomy":"product_tag","embeddable":true,"href":"https:\/\/onlinehardwareshop.de\/index.php\/wp-json\/wp\/v2\/product_tag?post=73026"}],"curies":[{"name":"wp","href":"https:\/\/api.w.org\/{rel}","templated":true}]}}