{"id":73021,"date":"2025-04-29T08:09:42","date_gmt":"2025-04-29T08:09:42","guid":{"rendered":"https:\/\/onlinehardwareshop.de\/index.php\/produkt\/jabra-evolve2-65-link380a-ms-mono-black-2\/"},"modified":"2025-05-14T02:24:52","modified_gmt":"2025-05-14T02:24:52","slug":"jabra-evolve2-65-link380a-ms-mono-black","status":"publish","type":"product","link":"https:\/\/onlinehardwareshop.de\/index.php\/produkt\/jabra-evolve2-65-link380a-ms-mono-black\/","title":{"rendered":"Jabra Evolve2 65 Link380a MS Mono Black"},"content":{"rendered":"<p>Mit dem Jabra Evolve2 65 Link380a MS Mono Black h\u00f6rst du deine Gespr\u00e4chspartner dank der 40\u00a0mm gro\u00dfen Treiber klar und deutlich. Dieses Office-Headset l\u00e4sst sich bis zu 37 Stunden nutzen, bis man es aufladen muss. Damit ist es 23 Stunden l\u00e4nger einsetzbar als dessen Vorg\u00e4nger. Der Anschluss des Headsets am PC, Smartphone oder Laptop erfolgt wahlweise \u00fcber Bluetooth oder einen USB-Dongle. Dank der Ger\u00e4uschunterdr\u00fcckung im Mikrofon bel\u00e4stigt deinen Gespr\u00e4chspartner dein Umgebungsl\u00e4rm nicht. Man kann das Office-Headset \u00fcber Bluetooth mit zwei Ger\u00e4ten gleichzeitig verbinden und schnell vom Anruf zur Spotify-Wiedergabeliste wechseln. Wenn das Licht am Mikrofon und an der Ohrmuschel leuchtet, wissen deine Kollegen, dass du gerade telefonierst. So sehen sie, wann sie st\u00f6ren und wann nicht.<\/p>\n","protected":false},"excerpt":{"rendered":"<p>Mit dem Jabra Evolve2 65 Link380a MS Mono Black h\u00f6rst du deine Gespr\u00e4chspartner dank der 40\u00a0mm gro\u00dfen Treiber klar und deutlich. Dieses Office-Headset l\u00e4sst sich bis zu 37 Stunden nutzen, bis man es aufladen muss. Damit ist es 23 Stunden l\u00e4nger einsetzbar als dessen Vorg\u00e4nger. Der Anschluss des Headsets am PC, Smartphone oder Laptop erfolgt wahlweise \u00fcber Bluetooth oder einen USB-Dongle. Dank der Ger\u00e4uschunterdr\u00fcckung im Mikrofon bel\u00e4stigt deinen Gespr\u00e4chspartner dein Umgebungsl\u00e4rm nicht. Man kann das Office-Headset \u00fcber Bluetooth mit zwei Ger\u00e4ten gleichzeitig verbinden und schnell vom Anruf zur Spotify-Wiedergabeliste wechseln. Wenn das Licht am Mikrofon und an der Ohrmuschel leuchtet, wissen deine Kollegen, dass du gerade telefonierst. So sehen sie, wann sie st\u00f6ren und wann nicht.<\/p>\n","protected":false},"featured_media":0,"comment_status":"closed","ping_status":"open","template":"","meta":{"_acf_changed":false},"brand":[815],"product_brand":[],"product_cat":[257],"product_tag":[258],"class_list":{"0":"post-73021","1":"product","2":"type-product","3":"status-publish","5":"brand-jabra","6":"product_cat-office-headsets","7":"product_tag-headsets-office","8":"pa_condition-new","9":"pa_coolblue-de-verzending-morgen-gratis-geliefert","10":"pa_ean-5973","11":"pa_mpn-26599-899-999","13":"first","14":"instock","15":"product-type-external"},"acf":[],"_links":{"self":[{"href":"https:\/\/onlinehardwareshop.de\/index.php\/wp-json\/wp\/v2\/product\/73021","targetHints":{"allow":["GET"]}}],"collection":[{"href":"https:\/\/onlinehardwareshop.de\/index.php\/wp-json\/wp\/v2\/product"}],"about":[{"href":"https:\/\/onlinehardwareshop.de\/index.php\/wp-json\/wp\/v2\/types\/product"}],"replies":[{"embeddable":true,"href":"https:\/\/onlinehardwareshop.de\/index.php\/wp-json\/wp\/v2\/comments?post=73021"}],"wp:attachment":[{"href":"https:\/\/onlinehardwareshop.de\/index.php\/wp-json\/wp\/v2\/media?parent=73021"}],"wp:term":[{"taxonomy":"brand","embeddable":true,"href":"https:\/\/onlinehardwareshop.de\/index.php\/wp-json\/wp\/v2\/brand?post=73021"},{"taxonomy":"product_brand","embeddable":true,"href":"https:\/\/onlinehardwareshop.de\/index.php\/wp-json\/wp\/v2\/product_brand?post=73021"},{"taxonomy":"product_cat","embeddable":true,"href":"https:\/\/onlinehardwareshop.de\/index.php\/wp-json\/wp\/v2\/product_cat?post=73021"},{"taxonomy":"product_tag","embeddable":true,"href":"https:\/\/onlinehardwareshop.de\/index.php\/wp-json\/wp\/v2\/product_tag?post=73021"}],"curies":[{"name":"wp","href":"https:\/\/api.w.org\/{rel}","templated":true}]}}